{"id":1698,"date":"2024-10-28T15:45:26","date_gmt":"2024-10-28T14:45:26","guid":{"rendered":"https:\/\/blogsaverroes.juntadeandalucia.es\/olivardequinto\/?page_id=1698"},"modified":"2025-11-18T09:21:59","modified_gmt":"2025-11-18T08:21:59","slug":"cheque-libro-y-libro-digital","status":"publish","type":"page","link":"https:\/\/blogsaverroes.juntadeandalucia.es\/olivardequinto\/cheque-libro-y-libro-digital\/","title":{"rendered":"CHEQUE LIBRO Y LIBRO DIGITAL"},"content":{"rendered":"<p>Seg\u00fan la LOE, LEA y LOMLOE la ense\u00f1anza obligatoria es gratuita, por ello la Junta de Andaluc\u00eda aporta los libros, de manera gratuita a las familias. Esto lo hace o bien dando los propios libros al alumnado o bien dando a las familias un cheque-libro. El cheque-libro no es dinero que se le da a las familias es un documento que pueden canjear por los libros en cualquier papeler\u00eda seleccionada.<\/p>\n<p>El cheque-libro se encontrar\u00e1 ubicado en el punto de recogida de PASEN e iPASEN del alumnado de 1\u00ba y 2\u00ba de Primaria y excepcionalmente en otros cursos.<\/p>\n<p><a href=\"https:\/\/www.youtube.com\/watch?v=0f9G8-iUCQc\" target=\"_blank\" rel=\"noopener\">Tutorial cheque libro padres &#8211; YouTube<\/a><\/p>\n<p>Los libros son del Colegio y se le realiza un pr\u00e9stamo anual a las familias, por lo que \u00e9stos deben ser cuidados por las familias y el alumnado. En caso de p\u00e9rdida, mal uso o extrav\u00edo la familia deber\u00e1 pagar los libros o reponerlos.<\/p>\n<p>Para su mejor cuidado, se procura que no vayan de casa al Colegio y del Colegio a casa. Para ello las editoriales nos aportan el libro digital. El libro digital es un libro, por lo que est\u00e1 sujeto a la misma normativa del Programa de Gratuidad de Libro.<\/p>\n<p>En nuestro Centro, actualmente, trabajamos con la editorial Santillana la mayor\u00eda de las asignaturas, con Oxford en primera y segunda lengua extranjera (ingl\u00e9s-franc\u00e9s) y con SM en m\u00fasica y Religi\u00f3n Cat\u00f3lica. Como consejo, deben guardar el documento de usuario y contrase\u00f1a o hacerle una foto por si se formateara el ordenador o tablet en el que tienen instalados los libros.<\/p>\n<ul>\n<li><a href=\"https:\/\/blogsaverroes.juntadeandalucia.es\/olivardequinto\/files\/2025\/10\/Santillana.NUEVOS-REGISTROS-AV4.pdf\" target=\"_blank\" rel=\"noopener\">Tutorial Santillana nuevos usuarios<\/a>.<\/li>\n<li><a href=\"https:\/\/blogsaverroes.juntadeandalucia.es\/olivardequinto\/files\/2025\/10\/Santillana.ACTUALIZACION-USUARIOS-REGISTRADOS-AV4.pdf\" target=\"_blank\" rel=\"noopener\">Tutorial de Santillana libros nuevos pero usuario de a\u00f1os anteriores.<\/a><\/li>\n<li><a href=\"https:\/\/blogsaverroes.juntadeandalucia.es\/olivardequinto\/files\/2025\/10\/Tutorial-oxford.pdf\" target=\"_blank\" rel=\"noopener\">Tutorial Oxford.<\/a><\/li>\n<li>Tutorial SM.<\/li>\n<\/ul>\n","protected":false},"excerpt":{"rendered":"<p>Seg\u00fan la LOE, LEA y LOMLOE la ense\u00f1anza obligatoria es gratuita, por ello la Junta de Andaluc\u00eda aporta los libros, de manera gratuita a las familias. Esto lo hace o bien dando los propios&#46;&#46;&#46;<\/p>\n","protected":false},"author":17320,"featured_media":0,"parent":0,"menu_order":0,"comment_status":"closed","ping_status":"closed","template":"","meta":{"ngg_post_thumbnail":0,"footnotes":""},"aioseo_notices":[],"_links":{"self":[{"href":"https:\/\/blogsaverroes.juntadeandalucia.es\/olivardequinto\/wp-json\/wp\/v2\/pages\/1698"}],"collection":[{"href":"https:\/\/blogsaverroes.juntadeandalucia.es\/olivardequinto\/wp-json\/wp\/v2\/pages"}],"about":[{"href":"https:\/\/blogsaverroes.juntadeandalucia.es\/olivardequinto\/wp-json\/wp\/v2\/types\/page"}],"author":[{"embeddable":true,"href":"https:\/\/blogsaverroes.juntadeandalucia.es\/olivardequinto\/wp-json\/wp\/v2\/users\/17320"}],"replies":[{"embeddable":true,"href":"https:\/\/blogsaverroes.juntadeandalucia.es\/olivardequinto\/wp-json\/wp\/v2\/comments?post=1698"}],"version-history":[{"count":4,"href":"https:\/\/blogsaverroes.juntadeandalucia.es\/olivardequinto\/wp-json\/wp\/v2\/pages\/1698\/revisions"}],"predecessor-version":[{"id":1960,"href":"https:\/\/blogsaverroes.juntadeandalucia.es\/olivardequinto\/wp-json\/wp\/v2\/pages\/1698\/revisions\/1960"}],"wp:attachment":[{"href":"https:\/\/blogsaverroes.juntadeandalucia.es\/olivardequinto\/wp-json\/wp\/v2\/media?parent=1698"}],"curies":[{"name":"wp","href":"https:\/\/api.w.org\/{rel}","templated":true}]}}