{"id":67,"date":"2020-01-23T23:50:16","date_gmt":"2020-01-23T22:50:16","guid":{"rendered":"https:\/\/blogsaverroes.juntadeandalucia.es\/olivomates\/?page_id=67"},"modified":"2020-05-29T20:25:50","modified_gmt":"2020-05-29T18:25:50","slug":"estadistica-y-probabilidad","status":"publish","type":"page","link":"https:\/\/blogsaverroes.juntadeandalucia.es\/olivomates\/estadistica-y-probabilidad\/","title":{"rendered":"Estad\u00edstica y probabilidad"},"content":{"rendered":"<h5><img loading=\"lazy\" decoding=\"async\" class=\"alignnone wp-image-351 size-full\" src=\"https:\/\/blogsaverroes.juntadeandalucia.es\/olivomates\/files\/2020\/05\/CONTENIDOS.png\" alt=\"\" width=\"820\" height=\"50\" srcset=\"https:\/\/blogsaverroes.juntadeandalucia.es\/olivomates\/files\/2020\/05\/CONTENIDOS.png 820w, https:\/\/blogsaverroes.juntadeandalucia.es\/olivomates\/files\/2020\/05\/CONTENIDOS-300x18.png 300w, https:\/\/blogsaverroes.juntadeandalucia.es\/olivomates\/files\/2020\/05\/CONTENIDOS-768x47.png 768w, https:\/\/blogsaverroes.juntadeandalucia.es\/olivomates\/files\/2020\/05\/CONTENIDOS-700x43.png 700w, https:\/\/blogsaverroes.juntadeandalucia.es\/olivomates\/files\/2020\/05\/CONTENIDOS-24x1.png 24w, https:\/\/blogsaverroes.juntadeandalucia.es\/olivomates\/files\/2020\/05\/CONTENIDOS-36x2.png 36w, https:\/\/blogsaverroes.juntadeandalucia.es\/olivomates\/files\/2020\/05\/CONTENIDOS-48x3.png 48w\" sizes=\"(max-width: 820px) 100vw, 820px\" \/><\/h5>\n<h6><span style=\"font-family: arial, helvetica, sans-serif\"><a href=\"https:\/\/blogsaverroes.juntadeandalucia.es\/olivomates\/files\/2020\/02\/B5_Estad\u00edstica.pdf\" target=\"_blank\" rel=\"noopener noreferrer\"><img loading=\"lazy\" decoding=\"async\" class=\"aligncenter wp-image-174\" src=\"https:\/\/blogsaverroes.juntadeandalucia.es\/olivomates\/files\/2020\/02\/PDF-150x150.png\" alt=\"\" width=\"110\" height=\"110\" srcset=\"https:\/\/blogsaverroes.juntadeandalucia.es\/olivomates\/files\/2020\/02\/PDF-150x150.png 150w, https:\/\/blogsaverroes.juntadeandalucia.es\/olivomates\/files\/2020\/02\/PDF-300x300.png 300w, https:\/\/blogsaverroes.juntadeandalucia.es\/olivomates\/files\/2020\/02\/PDF-100x100.png 100w, https:\/\/blogsaverroes.juntadeandalucia.es\/olivomates\/files\/2020\/02\/PDF-24x24.png 24w, https:\/\/blogsaverroes.juntadeandalucia.es\/olivomates\/files\/2020\/02\/PDF-36x36.png 36w, https:\/\/blogsaverroes.juntadeandalucia.es\/olivomates\/files\/2020\/02\/PDF-48x48.png 48w, https:\/\/blogsaverroes.juntadeandalucia.es\/olivomates\/files\/2020\/02\/PDF.png 500w\" sizes=\"(max-width: 110px) 100vw, 110px\" \/><\/a><\/span><\/h6>\n<p>&nbsp;<\/p>\n<p><img loading=\"lazy\" decoding=\"async\" class=\"alignnone wp-image-352 size-full aligncenter\" src=\"https:\/\/blogsaverroes.juntadeandalucia.es\/olivomates\/files\/2020\/05\/ACUERDOS-COMUNES.png\" alt=\"\" width=\"820\" height=\"50\" srcset=\"https:\/\/blogsaverroes.juntadeandalucia.es\/olivomates\/files\/2020\/05\/ACUERDOS-COMUNES.png 820w, https:\/\/blogsaverroes.juntadeandalucia.es\/olivomates\/files\/2020\/05\/ACUERDOS-COMUNES-300x18.png 300w, https:\/\/blogsaverroes.juntadeandalucia.es\/olivomates\/files\/2020\/05\/ACUERDOS-COMUNES-768x47.png 768w, https:\/\/blogsaverroes.juntadeandalucia.es\/olivomates\/files\/2020\/05\/ACUERDOS-COMUNES-700x43.png 700w, https:\/\/blogsaverroes.juntadeandalucia.es\/olivomates\/files\/2020\/05\/ACUERDOS-COMUNES-24x1.png 24w, https:\/\/blogsaverroes.juntadeandalucia.es\/olivomates\/files\/2020\/05\/ACUERDOS-COMUNES-36x2.png 36w, https:\/\/blogsaverroes.juntadeandalucia.es\/olivomates\/files\/2020\/05\/ACUERDOS-COMUNES-48x3.png 48w\" sizes=\"(max-width: 820px) 100vw, 820px\" \/><\/p>\n<table>\n<tbody>\n<tr>\n<td>1\u00ba<\/td>\n<td>2\u00ba<\/td>\n<\/tr>\n<tr>\n<td><span style=\"color: #ff1700\">Gr\u00e1ficos de barras sencillos.<\/span><\/p>\n<p><span style=\"color: #ff1700\">Obtenci\u00f3n de datos del propio gr\u00e1fico.<\/span><\/td>\n<td><span style=\"color: #ff1700\">Gr\u00e1ficos de barras sencillos.<\/span><\/p>\n<p><span style=\"color: #ff1700\">Obtenci\u00f3n de datos del propio gr\u00e1fico.<\/span><\/p>\n<p><span style=\"color: #ff1700\">Crear gr\u00e1ficos sencillos.<\/span><\/td>\n<\/tr>\n<tr>\n<td>&nbsp;<\/td>\n<td>&nbsp;<\/td>\n<\/tr>\n<tr>\n<td><span style=\"color: #ff1700\">Expresi\u00f3n oral de todo lo realizado.<\/span><\/td>\n<td><span style=\"color: #ff1700\">Expresi\u00f3n oral de todo lo realizado.<\/span><\/td>\n<\/tr>\n<\/tbody>\n<\/table>\n","protected":false},"excerpt":{"rendered":"<p>&nbsp; 1\u00ba 2\u00ba Gr\u00e1ficos de barras sencillos. Obtenci\u00f3n de datos del propio gr\u00e1fico. Gr\u00e1ficos de barras sencillos. Obtenci\u00f3n de datos del propio gr\u00e1fico. Crear gr\u00e1ficos sencillos. &nbsp; &nbsp; Expresi\u00f3n oral de todo lo realizado. Expresi\u00f3n oral de todo lo realizado.<\/p>\n","protected":false},"author":6073,"featured_media":0,"parent":0,"menu_order":0,"comment_status":"closed","ping_status":"closed","template":"","meta":{"ngg_post_thumbnail":0,"footnotes":""},"aioseo_notices":[],"_links":{"self":[{"href":"https:\/\/blogsaverroes.juntadeandalucia.es\/olivomates\/wp-json\/wp\/v2\/pages\/67"}],"collection":[{"href":"https:\/\/blogsaverroes.juntadeandalucia.es\/olivomates\/wp-json\/wp\/v2\/pages"}],"about":[{"href":"https:\/\/blogsaverroes.juntadeandalucia.es\/olivomates\/wp-json\/wp\/v2\/types\/page"}],"author":[{"embeddable":true,"href":"https:\/\/blogsaverroes.juntadeandalucia.es\/olivomates\/wp-json\/wp\/v2\/users\/6073"}],"replies":[{"embeddable":true,"href":"https:\/\/blogsaverroes.juntadeandalucia.es\/olivomates\/wp-json\/wp\/v2\/comments?post=67"}],"version-history":[{"count":8,"href":"https:\/\/blogsaverroes.juntadeandalucia.es\/olivomates\/wp-json\/wp\/v2\/pages\/67\/revisions"}],"predecessor-version":[{"id":549,"href":"https:\/\/blogsaverroes.juntadeandalucia.es\/olivomates\/wp-json\/wp\/v2\/pages\/67\/revisions\/549"}],"wp:attachment":[{"href":"https:\/\/blogsaverroes.juntadeandalucia.es\/olivomates\/wp-json\/wp\/v2\/media?parent=67"}],"curies":[{"name":"wp","href":"https:\/\/api.w.org\/{rel}","templated":true}]}}