{"id":69,"date":"2020-01-23T23:50:33","date_gmt":"2020-01-23T22:50:33","guid":{"rendered":"https:\/\/blogsaverroes.juntadeandalucia.es\/olivomates\/?page_id=69"},"modified":"2020-05-29T21:28:37","modified_gmt":"2020-05-29T19:28:37","slug":"educacion-infantil","status":"publish","type":"page","link":"https:\/\/blogsaverroes.juntadeandalucia.es\/olivomates\/educacion-infantil\/","title":{"rendered":"Educaci\u00f3n Infantil"},"content":{"rendered":"<p><img loading=\"lazy\" decoding=\"async\" class=\"alignnone wp-image-553 size-full\" src=\"https:\/\/blogsaverroes.juntadeandalucia.es\/olivomates\/files\/2020\/05\/Medidas-logo.png\" alt=\"\" width=\"820\" height=\"50\" srcset=\"https:\/\/blogsaverroes.juntadeandalucia.es\/olivomates\/files\/2020\/05\/Medidas-logo.png 820w, https:\/\/blogsaverroes.juntadeandalucia.es\/olivomates\/files\/2020\/05\/Medidas-logo-300x18.png 300w, https:\/\/blogsaverroes.juntadeandalucia.es\/olivomates\/files\/2020\/05\/Medidas-logo-768x47.png 768w, https:\/\/blogsaverroes.juntadeandalucia.es\/olivomates\/files\/2020\/05\/Medidas-logo-700x43.png 700w, https:\/\/blogsaverroes.juntadeandalucia.es\/olivomates\/files\/2020\/05\/Medidas-logo-332x20.png 332w, https:\/\/blogsaverroes.juntadeandalucia.es\/olivomates\/files\/2020\/05\/Medidas-logo-24x1.png 24w, https:\/\/blogsaverroes.juntadeandalucia.es\/olivomates\/files\/2020\/05\/Medidas-logo-36x2.png 36w, https:\/\/blogsaverroes.juntadeandalucia.es\/olivomates\/files\/2020\/05\/Medidas-logo-48x3.png 48w\" sizes=\"(max-width: 820px) 100vw, 820px\" \/><\/p>\n<p><a href=\"https:\/\/blogsaverroes.juntadeandalucia.es\/olivomates\/files\/2020\/05\/Medidas-Infantil.pdf\" target=\"_blank\" rel=\"noopener noreferrer\"><img loading=\"lazy\" decoding=\"async\" class=\"aligncenter wp-image-556 size-medium\" src=\"https:\/\/blogsaverroes.juntadeandalucia.es\/olivomates\/files\/2020\/05\/Medidas-Infantil-120x300.png\" alt=\"\" width=\"120\" height=\"300\" srcset=\"https:\/\/blogsaverroes.juntadeandalucia.es\/olivomates\/files\/2020\/05\/Medidas-Infantil-120x300.png 120w, https:\/\/blogsaverroes.juntadeandalucia.es\/olivomates\/files\/2020\/05\/Medidas-Infantil-768x1920.png 768w, https:\/\/blogsaverroes.juntadeandalucia.es\/olivomates\/files\/2020\/05\/Medidas-Infantil-410x1024.png 410w, https:\/\/blogsaverroes.juntadeandalucia.es\/olivomates\/files\/2020\/05\/Medidas-Infantil-700x1750.png 700w, https:\/\/blogsaverroes.juntadeandalucia.es\/olivomates\/files\/2020\/05\/Medidas-Infantil-332x830.png 332w, https:\/\/blogsaverroes.juntadeandalucia.es\/olivomates\/files\/2020\/05\/Medidas-Infantil-10x24.png 10w, https:\/\/blogsaverroes.juntadeandalucia.es\/olivomates\/files\/2020\/05\/Medidas-Infantil-14x36.png 14w, https:\/\/blogsaverroes.juntadeandalucia.es\/olivomates\/files\/2020\/05\/Medidas-Infantil-19x48.png 19w, https:\/\/blogsaverroes.juntadeandalucia.es\/olivomates\/files\/2020\/05\/Medidas-Infantil.png 800w\" sizes=\"(max-width: 120px) 100vw, 120px\" \/><\/a><\/p>\n<p>&nbsp;<\/p>\n<p><img loading=\"lazy\" decoding=\"async\" class=\"alignnone wp-image-514 size-full\" src=\"https:\/\/blogsaverroes.juntadeandalucia.es\/olivomates\/files\/2020\/05\/Geometr\u00eda-1.png\" alt=\"\" width=\"820\" height=\"50\" srcset=\"https:\/\/blogsaverroes.juntadeandalucia.es\/olivomates\/files\/2020\/05\/Geometr\u00eda-1.png 820w, https:\/\/blogsaverroes.juntadeandalucia.es\/olivomates\/files\/2020\/05\/Geometr\u00eda-1-300x18.png 300w, https:\/\/blogsaverroes.juntadeandalucia.es\/olivomates\/files\/2020\/05\/Geometr\u00eda-1-768x47.png 768w, https:\/\/blogsaverroes.juntadeandalucia.es\/olivomates\/files\/2020\/05\/Geometr\u00eda-1-700x43.png 700w, https:\/\/blogsaverroes.juntadeandalucia.es\/olivomates\/files\/2020\/05\/Geometr\u00eda-1-332x20.png 332w, https:\/\/blogsaverroes.juntadeandalucia.es\/olivomates\/files\/2020\/05\/Geometr\u00eda-1-24x1.png 24w, https:\/\/blogsaverroes.juntadeandalucia.es\/olivomates\/files\/2020\/05\/Geometr\u00eda-1-36x2.png 36w, https:\/\/blogsaverroes.juntadeandalucia.es\/olivomates\/files\/2020\/05\/Geometr\u00eda-1-48x3.png 48w\" sizes=\"(max-width: 820px) 100vw, 820px\" \/><\/p>\n<p style=\"text-align: justify\">Acuerdos comunes para iniciar la geometr\u00eda en la etapa de Educaci\u00f3n Infantil. La evaluaci\u00f3n se llevar\u00e1 a cabo a trav\u00e9s de una r\u00fabrica:<\/p>\n<p><a href=\"https:\/\/blogsaverroes.juntadeandalucia.es\/olivomates\/files\/2020\/05\/Geometr\u00eda-Infantil-1.pdf\" target=\"_blank\" rel=\"noopener noreferrer\"><img loading=\"lazy\" decoding=\"async\" class=\"aligncenter wp-image-516 size-medium\" src=\"https:\/\/blogsaverroes.juntadeandalucia.es\/olivomates\/files\/2020\/05\/Geometr\u00eda-Infantil-120x300.png\" alt=\"\" width=\"120\" height=\"300\"><\/a><\/p>\n","protected":false},"excerpt":{"rendered":"<p>&nbsp; Acuerdos comunes para iniciar la geometr\u00eda en la etapa de Educaci\u00f3n Infantil. La evaluaci\u00f3n se llevar\u00e1 a cabo a trav\u00e9s de una r\u00fabrica:<\/p>\n","protected":false},"author":6073,"featured_media":0,"parent":0,"menu_order":0,"comment_status":"closed","ping_status":"closed","template":"","meta":{"ngg_post_thumbnail":0,"footnotes":""},"aioseo_notices":[],"_links":{"self":[{"href":"https:\/\/blogsaverroes.juntadeandalucia.es\/olivomates\/wp-json\/wp\/v2\/pages\/69"}],"collection":[{"href":"https:\/\/blogsaverroes.juntadeandalucia.es\/olivomates\/wp-json\/wp\/v2\/pages"}],"about":[{"href":"https:\/\/blogsaverroes.juntadeandalucia.es\/olivomates\/wp-json\/wp\/v2\/types\/page"}],"author":[{"embeddable":true,"href":"https:\/\/blogsaverroes.juntadeandalucia.es\/olivomates\/wp-json\/wp\/v2\/users\/6073"}],"replies":[{"embeddable":true,"href":"https:\/\/blogsaverroes.juntadeandalucia.es\/olivomates\/wp-json\/wp\/v2\/comments?post=69"}],"version-history":[{"count":9,"href":"https:\/\/blogsaverroes.juntadeandalucia.es\/olivomates\/wp-json\/wp\/v2\/pages\/69\/revisions"}],"predecessor-version":[{"id":557,"href":"https:\/\/blogsaverroes.juntadeandalucia.es\/olivomates\/wp-json\/wp\/v2\/pages\/69\/revisions\/557"}],"wp:attachment":[{"href":"https:\/\/blogsaverroes.juntadeandalucia.es\/olivomates\/wp-json\/wp\/v2\/media?parent=69"}],"curies":[{"name":"wp","href":"https:\/\/api.w.org\/{rel}","templated":true}]}}