{"id":18,"date":"2023-09-03T14:21:16","date_gmt":"2023-09-03T13:21:16","guid":{"rendered":"https:\/\/blogsaverroes.juntadeandalucia.es\/omelocuentas\/?page_id=18"},"modified":"2023-10-19T20:10:03","modified_gmt":"2023-10-19T19:10:03","slug":"inicio","status":"publish","type":"page","link":"https:\/\/blogsaverroes.juntadeandalucia.es\/omelocuentas\/inicio\/","title":{"rendered":"Presentaci\u00f3n"},"content":{"rendered":"<p style=\"text-align: justify\">Esta web pretende ser un sitio de encuentros: di\u00e1logos, experiencias y propuestas, todas en torno a un \u00fanico tema, la lectura y la escritura creativas.<\/p>\n<p style=\"text-align: justify\">Porque la lectura es un lugar para uno mismo: un refugio, una huida o una aventura. Pero tambi\u00e9n es un lugar para ir, venir, llegar y volverse, y, sobre todo, compartir. Ese momento en que un libro, una historia, deja de ser de su autor y pasa a ser patrimonio de los lectores es el que da comienzo a nuestra historia. Porque en nuestras manos se puede convertir en juego, charla, creaci\u00f3n o recreaci\u00f3n. Igualmente, si en alg\u00fan rinc\u00f3n de nuestro cerebro (o, qui\u00e9n sabe, de nuestra alma) hay alguna historia, alg\u00fan sentimiento, alguna opini\u00f3n que queramos compartir, es preciso convertirla en palabras. Por eso, hemos elegido la intervenci\u00f3n llamada \u00abLectura-escritura creativa\u00bb para animarnos a, mediante la lectura y la escritura, dar alas a la imaginaci\u00f3n de nuestros ni\u00f1os e instrumentos para volar.&nbsp;<\/p>\n<p>En la legislaci\u00f3n educativa se utiliza el t\u00e9rmino \u00abitinerario lector\u00bb para referirse al conjunto de t\u00edtulos que en un determinado curr\u00edculo se usa para fomentar la lectura por placer en el aula. Pero aqu\u00ed preferimos el t\u00e9rmino \u00abcamino\u00bb, que no va necesariamente a ninguna parte porque, como tanto se ha dicho en nuestra literatura, lo importante es el viaje, no el destino. Camino lector, camino escritor. Unidos en uno.<\/p>\n<p style=\"text-align: justify\">Todos los pasos de ese camino son aqu\u00ed bienvenidos. Por eso, nuestra p\u00e1gina principal, organizada por entradas, presentar\u00e1 reflexiones sobre el tema, novedades o noticias&#8230; y, sobre todo, propuestas de dinamizaci\u00f3n creativa en lectura y escritura, ideadas o llevadas a cabo por nuestra comunidad lectora. Adem\u00e1s, daremos difusi\u00f3n a otras actividades de lectura y escritura creativa, como el programa anual \u00abEl placer de leer\u00bb, llevado a cabo por nuestro Ayuntamiento.<\/p>\n<p style=\"text-align: justify\">Finalmente, si quieres crear una rese\u00f1a para recomendar alguna lectura, no te pierdas nuestro blog enlazado en la parte inferior, donde quienes os precedieron en este centro aportaron su granito lector. Ah\u00ed tienes las instrucciones para colaborar, que, adem\u00e1s, <a href=\"https:\/\/blogsaverroes.juntadeandalucia.es\/omelocuentas\/creacion-de-una-resena\/\">se desarrolla en una de las entradas de este blog<\/a>, pues se trata de una actividad creativa vinculada a la lectura.<\/p>\n<p style=\"text-align: justify\">Gracias por acompa\u00f1arnos.<\/p>\n<p><img loading=\"lazy\" decoding=\"async\" class=\"alignnone\" src=\"https:\/\/blogsaverroes.juntadeandalucia.es\/omelocuentas\/files\/2023\/09\/pixton-foto-de-clase-comunica-viajar.png\" alt=\"Grupo de viaje\" width=\"3200\" height=\"800\"><\/p>\n","protected":false},"excerpt":{"rendered":"<p>Esta web pretende ser un sitio de encuentros: di\u00e1logos, experiencias y propuestas, todas en torno a un \u00fanico tema, la lectura y la escritura creativas. Porque la lectura es un lugar para uno mismo: un refugio, una huida o una aventura. Pero tambi\u00e9n es un lugar para ir, venir, llegar y volverse, y, sobre todo, &hellip; <a href=\"https:\/\/blogsaverroes.juntadeandalucia.es\/omelocuentas\/inicio\/\" class=\"more-link\">Continuar leyendo<span class=\"screen-reader-text\"> \u00abPresentaci\u00f3n\u00bb<\/span><\/a><\/p>\n","protected":false},"author":10446,"featured_media":0,"parent":0,"menu_order":0,"comment_status":"closed","ping_status":"closed","template":"","meta":{"ngg_post_thumbnail":0,"footnotes":""},"aioseo_notices":[],"post_mailing_queue_ids":[],"_links":{"self":[{"href":"https:\/\/blogsaverroes.juntadeandalucia.es\/omelocuentas\/wp-json\/wp\/v2\/pages\/18"}],"collection":[{"href":"https:\/\/blogsaverroes.juntadeandalucia.es\/omelocuentas\/wp-json\/wp\/v2\/pages"}],"about":[{"href":"https:\/\/blogsaverroes.juntadeandalucia.es\/omelocuentas\/wp-json\/wp\/v2\/types\/page"}],"author":[{"embeddable":true,"href":"https:\/\/blogsaverroes.juntadeandalucia.es\/omelocuentas\/wp-json\/wp\/v2\/users\/10446"}],"replies":[{"embeddable":true,"href":"https:\/\/blogsaverroes.juntadeandalucia.es\/omelocuentas\/wp-json\/wp\/v2\/comments?post=18"}],"version-history":[{"count":23,"href":"https:\/\/blogsaverroes.juntadeandalucia.es\/omelocuentas\/wp-json\/wp\/v2\/pages\/18\/revisions"}],"predecessor-version":[{"id":316,"href":"https:\/\/blogsaverroes.juntadeandalucia.es\/omelocuentas\/wp-json\/wp\/v2\/pages\/18\/revisions\/316"}],"wp:attachment":[{"href":"https:\/\/blogsaverroes.juntadeandalucia.es\/omelocuentas\/wp-json\/wp\/v2\/media?parent=18"}],"curies":[{"name":"wp","href":"https:\/\/api.w.org\/{rel}","templated":true}]}}