{"id":15,"date":"2024-11-29T00:54:59","date_gmt":"2024-11-28T23:54:59","guid":{"rendered":"https:\/\/blogsaverroes.juntadeandalucia.es\/ondacaravaca\/?page_id=15"},"modified":"2024-11-29T01:23:27","modified_gmt":"2024-11-29T00:23:27","slug":"acerca-de-nuestro-podcast","status":"publish","type":"page","link":"https:\/\/blogsaverroes.juntadeandalucia.es\/ondacaravaca\/acerca-de-nuestro-podcast\/","title":{"rendered":"Acerca de nuestro Podcast"},"content":{"rendered":"<h3>Qui\u00e9nes Participan<\/h3>\n<p><strong>Radiocaravaca<\/strong> es un proyecto que refleja el esp\u00edritu colaborativo del CEIP Doctor Caravaca, ubicado en Castro del R\u00edo (C\u00f3rdoba). En este podcast, participan todos los grupos del colegio, desde los m\u00e1s peque\u00f1os hasta los mayores, junto con el profesorado. Cada episodio es el resultado del esfuerzo conjunto de la comunidad educativa, destacando la creatividad y el entusiasmo de todos los implicados.<\/p>\n<h3>Objetivos Educativos del Proyecto<\/h3>\n<p>Radiocaravaca tiene como principal objetivo dar visibilidad a los productos finales que se elaboran en el colegio. Este proyecto busca:<\/p>\n<ul>\n<li>Fomentar la expresi\u00f3n oral y escrita del alumnado.<\/li>\n<li>Promover la creatividad y el pensamiento cr\u00edtico.<\/li>\n<li>Potenciar las competencias digitales a trav\u00e9s del uso de herramientas tecnol\u00f3gicas.<\/li>\n<li>Fortalecer la colaboraci\u00f3n y el trabajo en equipo entre alumnado y profesorado.<\/li>\n<li>Servir como espacio para compartir las iniciativas y proyectos innovadores del centro.<\/li>\n<\/ul>\n<h3>Contexto del Colegio<\/h3>\n<p>El CEIP Doctor Caravaca es un centro educativo comprometido con la innovaci\u00f3n pedag\u00f3gica. De esta inquietud surgen iniciativas como el <strong>Laboratorio de Aprendizaje<\/strong> y el <strong>Aula Multisensorial<\/strong>, ambos proyectos en fase de desarrollo. Adem\u00e1s, el colegio cuenta con un <strong>peque\u00f1o huerto escolar<\/strong>, que se integra en las actividades did\u00e1cticas, y con el podcast <strong>Radiocaravaca<\/strong>, un canal para conectar a la comunidad educativa y compartir nuestras experiencias.<\/p>\n<h3>C\u00f3mo lo Hacemos<\/h3>\n<p>El podcast se crea utilizando una mesa de mezclas <strong>Behringer Q802USB<\/strong> y dos micr\u00f3fonos <strong>Samson Q2U<\/strong>. Las grabaciones se realizan en clase con el alumnado, y posteriormente se edita el contenido utilizando el software <strong>GarageBand<\/strong> de Apple, cuidando cada detalle para ofrecer un producto final de calidad.<\/p>\n","protected":false},"excerpt":{"rendered":"<p>Qui\u00e9nes Participan Radiocaravaca es un proyecto que refleja el esp\u00edritu colaborativo del CEIP Doctor Caravaca, ubicado en Castro del R\u00edo (C\u00f3rdoba). En este podcast, participan todos los grupos del colegio, desde los m\u00e1s peque\u00f1os&#46;&#46;&#46;<\/p>\n","protected":false},"author":13070,"featured_media":0,"parent":0,"menu_order":0,"comment_status":"closed","ping_status":"closed","template":"","meta":{"ngg_post_thumbnail":0,"footnotes":""},"aioseo_notices":[],"_links":{"self":[{"href":"https:\/\/blogsaverroes.juntadeandalucia.es\/ondacaravaca\/wp-json\/wp\/v2\/pages\/15"}],"collection":[{"href":"https:\/\/blogsaverroes.juntadeandalucia.es\/ondacaravaca\/wp-json\/wp\/v2\/pages"}],"about":[{"href":"https:\/\/blogsaverroes.juntadeandalucia.es\/ondacaravaca\/wp-json\/wp\/v2\/types\/page"}],"author":[{"embeddable":true,"href":"https:\/\/blogsaverroes.juntadeandalucia.es\/ondacaravaca\/wp-json\/wp\/v2\/users\/13070"}],"replies":[{"embeddable":true,"href":"https:\/\/blogsaverroes.juntadeandalucia.es\/ondacaravaca\/wp-json\/wp\/v2\/comments?post=15"}],"version-history":[{"count":3,"href":"https:\/\/blogsaverroes.juntadeandalucia.es\/ondacaravaca\/wp-json\/wp\/v2\/pages\/15\/revisions"}],"predecessor-version":[{"id":29,"href":"https:\/\/blogsaverroes.juntadeandalucia.es\/ondacaravaca\/wp-json\/wp\/v2\/pages\/15\/revisions\/29"}],"wp:attachment":[{"href":"https:\/\/blogsaverroes.juntadeandalucia.es\/ondacaravaca\/wp-json\/wp\/v2\/media?parent=15"}],"curies":[{"name":"wp","href":"https:\/\/api.w.org\/{rel}","templated":true}]}}