{"id":10,"date":"2015-11-04T22:16:20","date_gmt":"2015-11-04T22:16:20","guid":{"rendered":""},"modified":"2015-11-25T21:59:59","modified_gmt":"2015-11-25T21:59:59","slug":"oretania-productions","status":"publish","type":"page","link":"https:\/\/blogsaverroes.juntadeandalucia.es\/oretaniaproductions\/oretania-productions\/","title":{"rendered":"Bienvenid@s a Oretania Productions"},"content":{"rendered":"<p>&nbsp;<\/p>\n<p style=\"text-align: justify\"><a href=\"http:\/\/blogsaverroes.juntadeandalucia.es\/oretaniaproductions\/files\/2015\/11\/image02.jpg\"><img loading=\"lazy\" decoding=\"async\" class=\"  wp-image-16  alignleft\" src=\"http:\/\/blogsaverroes.juntadeandalucia.es\/oretaniaproductions\/files\/2015\/11\/image02-300x215.jpg\" alt=\"\" width=\"220\" height=\"158\" srcset=\"https:\/\/blogsaverroes.juntadeandalucia.es\/oretaniaproductions\/files\/2015\/11\/image02-300x215.jpg 300w, https:\/\/blogsaverroes.juntadeandalucia.es\/oretaniaproductions\/files\/2015\/11\/image02.jpg 819w\" sizes=\"(max-width: 220px) 100vw, 220px\" \/><\/a>A trav\u00e9s del Programa <span style=\"color: #0000ff\"><strong>&lt;Comunicacci\u00f3n&gt;<\/strong><\/span> de la Consejer\u00eda de Educaci\u00f3n de la Junta de Andaluc\u00eda, ponemos en marcha en el I.E.S. Oretania el itinerario centrado en la creaci\u00f3n de una Productora Audiovisual.<\/p>\n<p style=\"text-align: justify\">Este portal de informaci\u00f3n recopila las actividades y productos audiovisuales que han sido producidos en nuestro centro gracias a la dedicaci\u00f3n de nuestro equipo docente y al buen hacer del alumnado participante.<\/p>\n<p style=\"text-align: justify\">P\u00f3ngase c\u00f3modo y disfrute del espect\u00e1culo&#8230;<\/p>\n","protected":false},"excerpt":{"rendered":"<p>&nbsp; A trav\u00e9s del Programa &lt;Comunicacci\u00f3n&gt; de la Consejer\u00eda de Educaci\u00f3n de la Junta de Andaluc\u00eda, ponemos en marcha en el I.E.S. Oretania el itinerario centrado en la creaci\u00f3n de una Productora Audiovisual. Este portal de informaci\u00f3n recopila las actividades y productos audiovisuales que han sido producidos en nuestro centro gracias a la dedicaci\u00f3n de &hellip; <a href=\"https:\/\/blogsaverroes.juntadeandalucia.es\/oretaniaproductions\/oretania-productions\/\" class=\"more-link\">Seguir leyendo <span class=\"screen-reader-text\">Bienvenid@s a Oretania Productions<\/span> <span class=\"meta-nav\">&rarr;<\/span><\/a><\/p>\n","protected":false},"author":2101,"featured_media":0,"parent":0,"menu_order":0,"comment_status":"closed","ping_status":"closed","template":"","meta":{"ngg_post_thumbnail":0,"footnotes":""},"aioseo_notices":[],"_links":{"self":[{"href":"https:\/\/blogsaverroes.juntadeandalucia.es\/oretaniaproductions\/wp-json\/wp\/v2\/pages\/10"}],"collection":[{"href":"https:\/\/blogsaverroes.juntadeandalucia.es\/oretaniaproductions\/wp-json\/wp\/v2\/pages"}],"about":[{"href":"https:\/\/blogsaverroes.juntadeandalucia.es\/oretaniaproductions\/wp-json\/wp\/v2\/types\/page"}],"author":[{"embeddable":true,"href":"https:\/\/blogsaverroes.juntadeandalucia.es\/oretaniaproductions\/wp-json\/wp\/v2\/users\/2101"}],"replies":[{"embeddable":true,"href":"https:\/\/blogsaverroes.juntadeandalucia.es\/oretaniaproductions\/wp-json\/wp\/v2\/comments?post=10"}],"version-history":[{"count":4,"href":"https:\/\/blogsaverroes.juntadeandalucia.es\/oretaniaproductions\/wp-json\/wp\/v2\/pages\/10\/revisions"}],"predecessor-version":[{"id":22,"href":"https:\/\/blogsaverroes.juntadeandalucia.es\/oretaniaproductions\/wp-json\/wp\/v2\/pages\/10\/revisions\/22"}],"wp:attachment":[{"href":"https:\/\/blogsaverroes.juntadeandalucia.es\/oretaniaproductions\/wp-json\/wp\/v2\/media?parent=10"}],"curies":[{"name":"wp","href":"https:\/\/api.w.org\/{rel}","templated":true}]}}