{"id":23,"date":"2020-01-10T07:41:50","date_gmt":"2020-01-10T06:41:50","guid":{"rendered":"http:\/\/blogsaverroes.juntadeandalucia.es\/pre\/nuevoiesv2\/?page_id=23"},"modified":"2023-10-25T13:28:47","modified_gmt":"2023-10-25T11:28:47","slug":"nee","status":"publish","type":"page","link":"https:\/\/blogsaverroes.juntadeandalucia.es\/orientacion-huelva\/nee\/","title":{"rendered":"\u00c1rea NEE"},"content":{"rendered":"<p>El coordinador del \u00e1rea de atenci\u00f3n a las necesidades educativas especiales tendr\u00e1 las siguientes funciones:<\/p>\n<ol style=\"list-style-type: lower-alpha\">\n<li>Impulsar y desarrollar programas, relacionados con el alumnado con necesidades educativas especiales, asociadas a sus capacidades personales.<\/li>\n<li>Coordinar la aplicaci\u00f3n de criterios y procedimientos de intervenci\u00f3n psicopedag\u00f3gica, dirigidos al alumnado con necesidades educativas especiales, particularmente aquellos que faciliten el tr\u00e1nsito de una etapa educativa a otra.<\/li>\n<li>Dinamizar las actuaciones de los equipos y de los departamentos que incidan sobre las medidas de atenci\u00f3n a la diversidad en los centros educativos.<\/li>\n<li>Cualquier otra funci\u00f3n, relacionada con el \u00e1rea, que se le encomiende por la administraci\u00f3n educativa.<\/li>\n<\/ol>\n","protected":false},"excerpt":{"rendered":"<p>El coordinador del \u00e1rea de atenci\u00f3n a las necesidades educativas especiales tendr\u00e1 las siguientes funciones: Impulsar y desarrollar programas, relacionados con el alumnado con necesidades&hellip;<\/p>\n","protected":false},"author":13231,"featured_media":0,"parent":0,"menu_order":2,"comment_status":"closed","ping_status":"closed","template":"","meta":{"ngg_post_thumbnail":0,"footnotes":""},"aioseo_notices":[],"_links":{"self":[{"href":"https:\/\/blogsaverroes.juntadeandalucia.es\/orientacion-huelva\/wp-json\/wp\/v2\/pages\/23"}],"collection":[{"href":"https:\/\/blogsaverroes.juntadeandalucia.es\/orientacion-huelva\/wp-json\/wp\/v2\/pages"}],"about":[{"href":"https:\/\/blogsaverroes.juntadeandalucia.es\/orientacion-huelva\/wp-json\/wp\/v2\/types\/page"}],"author":[{"embeddable":true,"href":"https:\/\/blogsaverroes.juntadeandalucia.es\/orientacion-huelva\/wp-json\/wp\/v2\/users\/13231"}],"replies":[{"embeddable":true,"href":"https:\/\/blogsaverroes.juntadeandalucia.es\/orientacion-huelva\/wp-json\/wp\/v2\/comments?post=23"}],"version-history":[{"count":3,"href":"https:\/\/blogsaverroes.juntadeandalucia.es\/orientacion-huelva\/wp-json\/wp\/v2\/pages\/23\/revisions"}],"predecessor-version":[{"id":884,"href":"https:\/\/blogsaverroes.juntadeandalucia.es\/orientacion-huelva\/wp-json\/wp\/v2\/pages\/23\/revisions\/884"}],"wp:attachment":[{"href":"https:\/\/blogsaverroes.juntadeandalucia.es\/orientacion-huelva\/wp-json\/wp\/v2\/media?parent=23"}],"curies":[{"name":"wp","href":"https:\/\/api.w.org\/{rel}","templated":true}]}}