{"id":29,"date":"2020-01-10T07:44:09","date_gmt":"2020-01-10T06:44:09","guid":{"rendered":"http:\/\/blogsaverroes.juntadeandalucia.es\/pre\/nuevoiesv2\/?page_id=29"},"modified":"2023-10-25T13:56:16","modified_gmt":"2023-10-25T11:56:16","slug":"recursos-tecnicos","status":"publish","type":"page","link":"https:\/\/blogsaverroes.juntadeandalucia.es\/orientacion-huelva\/recursos-tecnicos\/","title":{"rendered":"\u00c1rea RRTT"},"content":{"rendered":"<p>El coordinador del \u00e1rea de recursos t\u00e9cnicos tendr\u00e1 las siguientes funciones:<\/p>\n<ol style=\"list-style-type: lower-alpha\">\n<li>Realizar la gesti\u00f3n, distribuci\u00f3n e inventario de los recursos t\u00e9cnicos y materiales, dirigidos a los equipos y departamentos.<\/li>\n<li>Facilitar la utilizaci\u00f3n por parte de los centros de materiales y recursos t\u00e9cnicos, dirigidos a la orientaci\u00f3n acad\u00e9mico-profesional y la inserci\u00f3n laboral del alumnado.<\/li>\n<li>Promocionar el uso de las nuevas tecnolog\u00edas aplicadas al alumnado con necesidades educativas especiales y dinamizar el empleo de materiales y equipamiento t\u00e9cnico espec\u00edfico para las distintas discapacidades.<\/li>\n<li>Realizar la gesti\u00f3n, distribuci\u00f3n e inventario de los materiales did\u00e1cticos y recursos t\u00e9cnicos, destinados al alumnado con necesidades educativas especiales, que no forman parte del equipamiento general de los centros educativos.<\/li>\n<li>Cualquier otra funci\u00f3n, relacionada con el \u00e1rea, que se le encomiende por la administraci\u00f3n educativa.<\/li>\n<\/ol>\n","protected":false},"excerpt":{"rendered":"<p>El coordinador del \u00e1rea de recursos t\u00e9cnicos tendr\u00e1 las siguientes funciones: Realizar la gesti\u00f3n, distribuci\u00f3n e inventario de los recursos t\u00e9cnicos y materiales, dirigidos a&hellip;<\/p>\n","protected":false},"author":13231,"featured_media":0,"parent":0,"menu_order":4,"comment_status":"closed","ping_status":"closed","template":"","meta":{"ngg_post_thumbnail":0,"footnotes":""},"aioseo_notices":[],"_links":{"self":[{"href":"https:\/\/blogsaverroes.juntadeandalucia.es\/orientacion-huelva\/wp-json\/wp\/v2\/pages\/29"}],"collection":[{"href":"https:\/\/blogsaverroes.juntadeandalucia.es\/orientacion-huelva\/wp-json\/wp\/v2\/pages"}],"about":[{"href":"https:\/\/blogsaverroes.juntadeandalucia.es\/orientacion-huelva\/wp-json\/wp\/v2\/types\/page"}],"author":[{"embeddable":true,"href":"https:\/\/blogsaverroes.juntadeandalucia.es\/orientacion-huelva\/wp-json\/wp\/v2\/users\/13231"}],"replies":[{"embeddable":true,"href":"https:\/\/blogsaverroes.juntadeandalucia.es\/orientacion-huelva\/wp-json\/wp\/v2\/comments?post=29"}],"version-history":[{"count":3,"href":"https:\/\/blogsaverroes.juntadeandalucia.es\/orientacion-huelva\/wp-json\/wp\/v2\/pages\/29\/revisions"}],"predecessor-version":[{"id":888,"href":"https:\/\/blogsaverroes.juntadeandalucia.es\/orientacion-huelva\/wp-json\/wp\/v2\/pages\/29\/revisions\/888"}],"wp:attachment":[{"href":"https:\/\/blogsaverroes.juntadeandalucia.es\/orientacion-huelva\/wp-json\/wp\/v2\/media?parent=29"}],"curies":[{"name":"wp","href":"https:\/\/api.w.org\/{rel}","templated":true}]}}