{"id":32,"date":"2020-01-10T07:45:21","date_gmt":"2020-01-10T06:45:21","guid":{"rendered":"http:\/\/blogsaverroes.juntadeandalucia.es\/pre\/nuevoiesv2\/?page_id=32"},"modified":"2023-11-06T13:55:55","modified_gmt":"2023-11-06T12:55:55","slug":"compensatoria","status":"publish","type":"page","link":"https:\/\/blogsaverroes.juntadeandalucia.es\/orientacion-huelva\/compensatoria\/","title":{"rendered":"\u00c1rea de Compensatoria"},"content":{"rendered":"<p style=\"text-align: justify\">La <strong>Educaci\u00f3n Compensatoria<\/strong> est\u00e1 destinada a garantizar el acceso, la permanencia y la promoci\u00f3n en el sistema educativo del alumnado en situaci\u00f3n de desventaja social, procedente de minor\u00edas \u00e9tnicas, de colectivos de inmigrantes, as\u00ed como de familias con graves dificultades socioecon\u00f3micas. De igual forma, con este plan se atiende al alumnado que debe permanecer largos periodos de hospitalizaci\u00f3n o convalecencia. Seg\u00fan sus distintas peculiaridades, estos alumnos presentan, desde un desfase escolar significativo, hasta dificultades de inserci\u00f3n educativa y necesidades de apoyo derivadas de su incorporaci\u00f3n tard\u00eda a la escuela, de una escolarizaci\u00f3n irregular o de un desconocimiento del espa\u00f1ol, al proceder de otros pa\u00edses.<\/p>\n<p style=\"text-align: justify\">Para atender a los alumnos\/as que se encuentran dentro del Programa de Educaci\u00f3n Compensatoria en los Centros de Primaria y Secundaria, la Administraci\u00f3n dota a los centros que escolaricen un n\u00famero suficiente de alumnos con necesidades de compensaci\u00f3n educativa de profesores de apoyo y recursos materiales con recursos humanos y\/o asignaci\u00f3n econ\u00f3mica extraordinaria.<\/p>\n<p style=\"text-align: justify\">Dentro de la Educaci\u00f3n compensatoria se desarrollan una serie de Planes y Programas destinados a la mejora de de los resultados de los aprendizajes escolares, que resumimos a continuaci\u00f3n.<\/p>\n<h2>Funciones<\/h2>\n<p>El coordinador del \u00e1rea de compensaci\u00f3n educativa tendr\u00e1 las siguientes funciones:<\/p>\n<ol style=\"list-style-type: lower-alpha\">\n<li>Impulsar el desarrollo de actuaciones y programas dirigidos al alumnado con condiciones sociales desfavorecidas.<\/li>\n<li>Coordinar la intervenci\u00f3n de los maestros de apoyo a la compensaci\u00f3n educativa, especialmente en lo relativo a la prevenci\u00f3n, seguimiento y control del absentismo escolar.<\/li>\n<li>Dinamizar la intervenci\u00f3n de los equipos y de los departamentos en lo relativo a la planificaci\u00f3n de las actuaciones de los centros, que incidan sobre el alumnado en situaci\u00f3n social desfavorecida.<\/li>\n<li>Cualquier otra funci\u00f3n, relacionada con el \u00e1rea, que se le encomiende por la administraci\u00f3n educativa.<\/li>\n<\/ol>\n<h2 style=\"text-align: justify\">Normativa de referencia<\/h2>\n<ul style=\"text-align: justify\">\n<li>Ley 9\/1999 de18 de noviembre, de solidaridad en Educaci\u00f3n<\/li>\n<li>Decreto 167\/2003, de 17 de junio<\/li>\n<li>Instrucciones 30.06.2011. profesorado de Apoyo Compensatoria.<\/li>\n<li><a href=\"http:\/\/www.codapa.org\/wp-content\/uploads\/2010\/10\/m_compeducativa.pdf\">Material elaborado por CODAPA<\/a> sobre Educaci\u00f3n Compensatoria<\/li>\n<\/ul>\n<h2 style=\"text-align: justify\">Programas que gestiona el \u00c1rea<\/h2>\n<ul>\n<li style=\"text-align: justify\"><a title=\"Absentismo\" href=\"https:\/\/blogsaverroes.juntadeandalucia.es\/orientacion-huelva\/compensatoria\/absentismo\/\"><span class=\"OYPEnA text-decoration-none text-strikethrough-none\">Absentismo Escolar y subvenciones.<\/span><\/a><\/li>\n<li style=\"text-align: justify\"><a href=\"https:\/\/www.juntadeandalucia.es\/educacion\/portals\/web\/ced\/planesyprogramas\/proa-22-23\"><span class=\"OYPEnA text-decoration-none text-strikethrough-none\">PROA Andaluc\u00eda: <\/span><\/a>\n<ul>\n<li><a href=\"https:\/\/www.juntadeandalucia.es\/educacion\/portals\/delegate\/content\/2c62ecc2-4eff-4c1e-a4b4-ed14ab20179e\/02-ANEXO%20I%20PARCEP\"><span class=\"OYPEnA text-decoration-none text-strikethrough-none\">PARCEP<\/span><\/a>.<\/li>\n<li><a href=\"https:\/\/www.juntadeandalucia.es\/educacion\/portals\/delegate\/content\/0953b7ed-305c-454a-9a15-46d3763c352b\/03-ANEXO%20II%20PARCES\"><span class=\"OYPEnA text-decoration-none text-strikethrough-none\">PARCES.<\/span><\/a><\/li>\n<li><a href=\"https:\/\/www.juntadeandalucia.es\/educacion\/portals\/delegate\/content\/9ddb870e-0a1c-4a6e-8c44-8d83ac6aec4f\/04-ANEXO%20III%20ACOMPA%C3%91AMIENTO%20ESCOLAR\"><span class=\"OYPEnA text-decoration-none text-strikethrough-none\">Acompa\u00f1amiento Escolar.<\/span><\/a><\/li>\n<li><a href=\"https:\/\/www.juntadeandalucia.es\/educacion\/portals\/delegate\/content\/0edceef5-4c52-4bc9-9633-fc020f2d1dad\/05-ANEXO%20IV%20ACOMPA%C3%91AMIENTO%20ESCOLAR%20DOMICILIARIO\"><span class=\"OYPEnA text-decoration-none text-strikethrough-none\">Acompa\u00f1amiento Escolar Domiciliario.<\/span><\/a><\/li>\n<li><a href=\"https:\/\/www.juntadeandalucia.es\/educacion\/portals\/delegate\/content\/f3cb9ed1-f654-4a63-b69d-b9344ba6af09\/06-ANEXO%20V%20ACOMPA%C3%91AMIENTO%20LING%C3%9C%C3%8DSTICO%20PARA%20ALUMNADO%20INMIGRANTE\"><span class=\"OYPEnA text-decoration-none text-strikethrough-none\">Programa Apoyo Ling\u00fc\u00edstico Inmigrantes (PALI)<\/span><\/a><\/li>\n<\/ul>\n<\/li>\n<li style=\"text-align: justify\"><span class=\"OYPEnA text-decoration-none text-strikethrough-none\">PROA + Transf\u00f3rmate.<\/span><\/li>\n<li style=\"text-align: justify\"><a title=\"Programa de Unidades de Acompa\u00f1amiento y Orientaci\u00f3n Personal y Familiar UAO\" href=\"https:\/\/blogsaverroes.juntadeandalucia.es\/orientacion-huelva\/compensatoria\/programa-de-unidades-de-acompanamiento-y-orientacion-personal-y-familiar-uao\/\">Programa de Unidades de Acompa\u00f1amiento y Orientaci\u00f3n Personal y Familiar UAO.<\/a><\/li>\n<li style=\"text-align: justify\">Atenci\u00f3n Educativa al alumnado enfermo:\n<ul>\n<li><a title=\"Aulas hospitalarias\" href=\"https:\/\/blogsaverroes.juntadeandalucia.es\/orientacion-huelva\/compensatoria\/aulas-hospitalarias\/\"><span class=\"OYPEnA text-decoration-none text-strikethrough-none\">Aulas Hospitalarias<\/span><\/a><\/li>\n<li><a title=\"Atenci\u00f3n Educativa Domiciliaria\" href=\"https:\/\/blogsaverroes.juntadeandalucia.es\/orientacion-huelva\/compensatoria\/atencion-educativa-domiciliaria\/\"><span class=\"OYPEnA text-decoration-none text-strikethrough-none\">Atenci\u00f3n Educativa Domiciliaria<\/span><\/a><\/li>\n<\/ul>\n<\/li>\n<li style=\"text-align: justify\"><span class=\"OYPEnA text-decoration-none text-strikethrough-none\">Apoyo a la escuela rural: <\/span>\n<ul>\n<li><span class=\"OYPEnA text-decoration-none text-strikethrough-none\">Colegios P\u00fablicos Rurales.<\/span><\/li>\n<li><span class=\"OYPEnA text-decoration-none text-strikethrough-none\">Infantil en Casa.<\/span><\/li>\n<\/ul>\n<\/li>\n<li style=\"text-align: justify\">Atenci\u00f3n al alumnado extranjero:\n<ul>\n<li><a title=\"ATAL\" href=\"https:\/\/blogsaverroes.juntadeandalucia.es\/orientacion-huelva\/compensatoria\/atal\/\"><span class=\"OYPEnA text-decoration-none text-strikethrough-none\">ATAL (Aulas temporales de Adaptaci\u00f3n Ling\u00fc\u00edstica)<\/span><\/a><\/li>\n<li><span class=\"OYPEnA text-decoration-none text-strikethrough-none\"><a title=\"Fomento del mantenimiento de las culturas de origen\" href=\"https:\/\/blogsaverroes.juntadeandalucia.es\/orientacion-huelva\/compensatoria\/fomento-del-mantenimiento-de-las-culturas-de-origen\/\">Fomento del mantenimiento de las culturas de origen:<\/a> PLACM (Programa de Lengua \u00c1rabe y Cultura Marroqu\u00ed) y&nbsp;<\/span><span class=\"OYPEnA text-decoration-none text-strikethrough-none\">PLCCR (Programa de Lengua , Cultura y Civilizaci\u00f3n Rumana)<\/span><\/li>\n<li><span class=\"OYPEnA text-decoration-none text-strikethrough-none\">Subvenciones sobre Mediaci\u00f3n Intercultural.<\/span><\/li>\n<\/ul>\n<\/li>\n<li style=\"text-align: justify\"><a title=\"Programa M\u00e1s Equidad\" href=\"https:\/\/blogsaverroes.juntadeandalucia.es\/orientacion-huelva\/programa-mas-equidad\/\"><span class=\"OYPEnA text-decoration-none text-strikethrough-none\">M\u00e1s Equidad.<\/span><\/a><\/li>\n<li style=\"text-align: justify\"><a href=\"https:\/\/www.gitanos.org\/que-hacemos\/areas\/educacion\/promociona.html\"><span class=\"OYPEnA text-decoration-none text-strikethrough-none\">Programa Promociona: por el \u00e9xito educativo del alumnado gitano.<\/span><\/a><\/li>\n<li style=\"text-align: justify\"><span class=\"OYPEnA text-decoration-none text-strikethrough-none\">Residencias Escolares, Escuela Hogar<\/span><\/li>\n<\/ul>\n","protected":false},"excerpt":{"rendered":"<p>La Educaci\u00f3n Compensatoria est\u00e1 destinada a garantizar el acceso, la permanencia y la promoci\u00f3n en el sistema educativo del alumnado en situaci\u00f3n de desventaja social,&hellip;<\/p>\n","protected":false},"author":13226,"featured_media":0,"parent":0,"menu_order":0,"comment_status":"closed","ping_status":"closed","template":"","meta":{"ngg_post_thumbnail":0,"footnotes":""},"aioseo_notices":[],"_links":{"self":[{"href":"https:\/\/blogsaverroes.juntadeandalucia.es\/orientacion-huelva\/wp-json\/wp\/v2\/pages\/32"}],"collection":[{"href":"https:\/\/blogsaverroes.juntadeandalucia.es\/orientacion-huelva\/wp-json\/wp\/v2\/pages"}],"about":[{"href":"https:\/\/blogsaverroes.juntadeandalucia.es\/orientacion-huelva\/wp-json\/wp\/v2\/types\/page"}],"author":[{"embeddable":true,"href":"https:\/\/blogsaverroes.juntadeandalucia.es\/orientacion-huelva\/wp-json\/wp\/v2\/users\/13226"}],"replies":[{"embeddable":true,"href":"https:\/\/blogsaverroes.juntadeandalucia.es\/orientacion-huelva\/wp-json\/wp\/v2\/comments?post=32"}],"version-history":[{"count":14,"href":"https:\/\/blogsaverroes.juntadeandalucia.es\/orientacion-huelva\/wp-json\/wp\/v2\/pages\/32\/revisions"}],"predecessor-version":[{"id":885,"href":"https:\/\/blogsaverroes.juntadeandalucia.es\/orientacion-huelva\/wp-json\/wp\/v2\/pages\/32\/revisions\/885"}],"wp:attachment":[{"href":"https:\/\/blogsaverroes.juntadeandalucia.es\/orientacion-huelva\/wp-json\/wp\/v2\/media?parent=32"}],"curies":[{"name":"wp","href":"https:\/\/api.w.org\/{rel}","templated":true}]}}