{"id":603,"date":"2023-10-12T12:02:26","date_gmt":"2023-10-12T10:02:26","guid":{"rendered":"https:\/\/blogsaverroes.juntadeandalucia.es\/orientacion-huelva\/?page_id=603"},"modified":"2023-10-20T12:12:56","modified_gmt":"2023-10-20T10:12:56","slug":"transito","status":"publish","type":"page","link":"https:\/\/blogsaverroes.juntadeandalucia.es\/orientacion-huelva\/4o-eso\/transito\/","title":{"rendered":"Tr\u00e1nsito"},"content":{"rendered":"<p>Se denomina programa de tr\u00e1nsito al proceso de coordinaci\u00f3n entre las diferentes etapas educativas.&nbsp;Dentro del proceso educativo del alumnado, se hace necesario prestar especial atenci\u00f3n a aquellos momentos que supongan la incorporaci\u00f3n a nuevas situaciones dentro del sistema educativo. Dichas circunstancias conllevan un cambio de etapa educativa y \/o cambio de centro, de grupos de compa\u00f1eros y compa\u00f1eras o, incluso, de contexto ambiental. Son situaciones en las que es necesario prever mecanismos que faciliten el tr\u00e1nsito arm\u00f3nico y coordinado de forma que las personas que intervienen en este proceso lo vivan como algo progresivo, continuado y paulatino.<\/p>\n<p>Con objeto de lograr una adecuada transici\u00f3n del alumnado surge este programa que trata de coordinar las diferentes actuaciones que deber\u00e1n llevarse a cabo para ofrecer una respuesta educativa adecuada a las necesidades que plantean los alumnos\/as, as\u00ed como sus familias, al pasar de una etapa a otra.<\/p>\n<h2>Normativa de referencia<\/h2>\n<ul>\n<li><a href=\"https:\/\/blogsaverroes.juntadeandalucia.es\/orientacion-huelva\/files\/2023\/10\/Orden-30-de-mayo-de-2023-de-Educacion-Primaria.pdf\">Orden 30 de mayo de 2023 de Educacion Primaria<\/a><\/li>\n<li><a href=\"https:\/\/blogsaverroes.juntadeandalucia.es\/orientacion-huelva\/files\/2023\/10\/Orden-30-de-mayo-de-2023-de-ESO.pdf\">Orden 30 de mayo de 2023 de ESO<\/a><\/li>\n<\/ul>\n<p>&nbsp;<\/p>\n","protected":false},"excerpt":{"rendered":"<p>Se denomina programa de tr\u00e1nsito al proceso de coordinaci\u00f3n entre las diferentes etapas educativas.&nbsp;Dentro del proceso educativo del alumnado, se hace necesario prestar especial atenci\u00f3n&hellip;<\/p>\n","protected":false},"author":13226,"featured_media":0,"parent":26,"menu_order":0,"comment_status":"closed","ping_status":"closed","template":"","meta":{"ngg_post_thumbnail":0,"footnotes":""},"aioseo_notices":[],"_links":{"self":[{"href":"https:\/\/blogsaverroes.juntadeandalucia.es\/orientacion-huelva\/wp-json\/wp\/v2\/pages\/603"}],"collection":[{"href":"https:\/\/blogsaverroes.juntadeandalucia.es\/orientacion-huelva\/wp-json\/wp\/v2\/pages"}],"about":[{"href":"https:\/\/blogsaverroes.juntadeandalucia.es\/orientacion-huelva\/wp-json\/wp\/v2\/types\/page"}],"author":[{"embeddable":true,"href":"https:\/\/blogsaverroes.juntadeandalucia.es\/orientacion-huelva\/wp-json\/wp\/v2\/users\/13226"}],"replies":[{"embeddable":true,"href":"https:\/\/blogsaverroes.juntadeandalucia.es\/orientacion-huelva\/wp-json\/wp\/v2\/comments?post=603"}],"version-history":[{"count":4,"href":"https:\/\/blogsaverroes.juntadeandalucia.es\/orientacion-huelva\/wp-json\/wp\/v2\/pages\/603\/revisions"}],"predecessor-version":[{"id":788,"href":"https:\/\/blogsaverroes.juntadeandalucia.es\/orientacion-huelva\/wp-json\/wp\/v2\/pages\/603\/revisions\/788"}],"up":[{"embeddable":true,"href":"https:\/\/blogsaverroes.juntadeandalucia.es\/orientacion-huelva\/wp-json\/wp\/v2\/pages\/26"}],"wp:attachment":[{"href":"https:\/\/blogsaverroes.juntadeandalucia.es\/orientacion-huelva\/wp-json\/wp\/v2\/media?parent=603"}],"curies":[{"name":"wp","href":"https:\/\/api.w.org\/{rel}","templated":true}]}}