{"id":773,"date":"2023-10-19T12:26:01","date_gmt":"2023-10-19T10:26:01","guid":{"rendered":"https:\/\/blogsaverroes.juntadeandalucia.es\/orientacion-huelva\/?page_id=773"},"modified":"2023-10-19T12:42:45","modified_gmt":"2023-10-19T10:42:45","slug":"programa-mas-equidad","status":"publish","type":"page","link":"https:\/\/blogsaverroes.juntadeandalucia.es\/orientacion-huelva\/compensatoria\/programa-mas-equidad\/","title":{"rendered":"Programa M\u00e1s Equidad"},"content":{"rendered":"<p>La Consejer\u00eda de Desarrollo Educativo y Formaci\u00f3n Profesional pone en marcha la primera edici\u00f3n del <strong>Programa M\u00e1s Equidad,<\/strong> con objeto de garantizar la igualdad de oportunidades, incrementar el \u00e9xito escolar del alumnado y prevenir el absentismo y el abandono escolar temprano, promoviendo el desarrollo de diferentes actuaciones que ponen el foco en la adecuaci\u00f3n de la respuesta educativa mediante el apoyo a centros docentes p\u00fablicos de entornos socio-econ\u00f3micos vulnerables.<\/p>\n<p>El Programa M\u00e1s Equidad se concibe como un conjunto de actuaciones dirigidas a potenciar la cultura inclusiva de los centros docentes y a mejorar el grado de adquisici\u00f3n de competencias a trav\u00e9s de la mejora de los recursos en el aula y\/o de la realizaci\u00f3n de experiencias innovadoras, activas y experimentales que promuevan el saber hacer del alumnado, partiendo de sus conocimientos y fomentando actitudes como la autonom\u00eda, la responsabilidad, el respeto y el trabajo en equipo, bajo los principios de la atenci\u00f3n a la diversidad y la igualdad de g\u00e9nero.<\/p>\n<p>Este programa se desarrollar\u00e1 a trav\u00e9s de Proyectos en tres l\u00edneas de actuaci\u00f3n:<\/p>\n<ol>\n<li><strong>M\u00e1s Equidad INNOVACI\u00d3N<\/strong> con medidas innovadoras espec\u00edficas que contribuyan al \u00e9xito educativo y a la prevenci\u00f3n del absentismo y del abandono escolar.<\/li>\n<li><strong>M\u00e1s Equidad INCLUSI\u00d3N<\/strong> con medidas innovadoras espec\u00edficas que contribuyan a la accesibilidad universal y al desarrollo de las competencias del alumnado escolarizado en unidades espec\u00edficas de Educaci\u00f3n Especial ubicadas en centros ordinarios.<\/li>\n<li><strong>M\u00e1s Equidad IGUALDAD<\/strong> con medidas innovadoras espec\u00edficas que contribuyen al \u00e9xito escolar del alumnado en situaci\u00f3n de desventaja por razones geogr\u00e1ficas.<\/li>\n<\/ol>\n<h2>Destinatarios<\/h2>\n<ul>\n<li>Centros docentes p\u00fablicos en las zonas ERACIS o que tengan Planes de compensaci\u00f3n educativa y que impartan las ense\u00f1anzas de Educaci\u00f3n Primaria, de Educaci\u00f3n Secundaria Obligatoria y de Bachillerato.<\/li>\n<li>Residencias Escolares, Centros Espec\u00edficos de Educaci\u00f3n Especial y centros con Aulas Espec\u00edficas de Educaci\u00f3n Especial p\u00fablicos, sin necesidad de que los mismos se encuentren ubicados en zonas ERACIS o que posean Planes de compensaci\u00f3n educativa.<\/li>\n<li>Centros P\u00fablicos Rurales, sin necesidad de que los mismos se encuentren ubicados en zonas ERACIS o que posean Planes de compensaci\u00f3n educativa.<\/li>\n<\/ul>\n<h2>Normativa del programa<\/h2>\n<ul>\n<li><a href=\"https:\/\/blogsaverroes.juntadeandalucia.es\/orientacion-huelva\/files\/2023\/10\/Resoluci\u00f3n-Convocatoria-M\u00e1s-Equidad-23_24.pdf\">Resoluci\u00f3n Convocatoria M\u00e1s Equidad 23_24 <\/a>&nbsp;de la direcci\u00f3n general de ordenaci\u00f3n, inclusi\u00f3n, participaci\u00f3n y evaluaci\u00f3n educativa, por la que se establece la convocatoria, la organizaci\u00f3n y el funcionamiento del programa m\u00e1s equidad en los centros docentes p\u00fablicos dependientes de la consejer\u00eda de desarrollo educativo y formaci\u00f3n profesional de la Junta de Andaluc\u00eda para el curso 2023\/2024.<\/li>\n<\/ul>\n<p>&nbsp;<\/p>\n","protected":false},"excerpt":{"rendered":"<p>La Consejer\u00eda de Desarrollo Educativo y Formaci\u00f3n Profesional pone en marcha la primera edici\u00f3n del Programa M\u00e1s Equidad, con objeto de garantizar la igualdad de&hellip;<\/p>\n","protected":false},"author":13226,"featured_media":0,"parent":32,"menu_order":0,"comment_status":"closed","ping_status":"closed","template":"","meta":{"ngg_post_thumbnail":0,"footnotes":""},"aioseo_notices":[],"_links":{"self":[{"href":"https:\/\/blogsaverroes.juntadeandalucia.es\/orientacion-huelva\/wp-json\/wp\/v2\/pages\/773"}],"collection":[{"href":"https:\/\/blogsaverroes.juntadeandalucia.es\/orientacion-huelva\/wp-json\/wp\/v2\/pages"}],"about":[{"href":"https:\/\/blogsaverroes.juntadeandalucia.es\/orientacion-huelva\/wp-json\/wp\/v2\/types\/page"}],"author":[{"embeddable":true,"href":"https:\/\/blogsaverroes.juntadeandalucia.es\/orientacion-huelva\/wp-json\/wp\/v2\/users\/13226"}],"replies":[{"embeddable":true,"href":"https:\/\/blogsaverroes.juntadeandalucia.es\/orientacion-huelva\/wp-json\/wp\/v2\/comments?post=773"}],"version-history":[{"count":2,"href":"https:\/\/blogsaverroes.juntadeandalucia.es\/orientacion-huelva\/wp-json\/wp\/v2\/pages\/773\/revisions"}],"predecessor-version":[{"id":776,"href":"https:\/\/blogsaverroes.juntadeandalucia.es\/orientacion-huelva\/wp-json\/wp\/v2\/pages\/773\/revisions\/776"}],"up":[{"embeddable":true,"href":"https:\/\/blogsaverroes.juntadeandalucia.es\/orientacion-huelva\/wp-json\/wp\/v2\/pages\/32"}],"wp:attachment":[{"href":"https:\/\/blogsaverroes.juntadeandalucia.es\/orientacion-huelva\/wp-json\/wp\/v2\/media?parent=773"}],"curies":[{"name":"wp","href":"https:\/\/api.w.org\/{rel}","templated":true}]}}