{"id":849,"date":"2023-10-25T09:28:03","date_gmt":"2023-10-25T07:28:03","guid":{"rendered":"https:\/\/blogsaverroes.juntadeandalucia.es\/orientacion-huelva\/?page_id=849"},"modified":"2023-10-25T11:53:22","modified_gmt":"2023-10-25T09:53:22","slug":"red-de-orientacion","status":"publish","type":"page","link":"https:\/\/blogsaverroes.juntadeandalucia.es\/orientacion-huelva\/red-de-orientacion\/","title":{"rendered":"Red de Orientaci\u00f3n"},"content":{"rendered":"<p class=\"western\" style=\"text-align: justify\">El concepto de orientaci\u00f3n educativa ha ido evolucionando al hilo de los tiempo, pasando de una concepci\u00f3n tradicional que parte de considerar a la orientaci\u00f3n como una intervenci\u00f3n externa, puntual y realizada por un experto hacia un alumno o alumna (considerado inexperto), a otra en la que se entiende la orientaci\u00f3n como un proceso inserto en la propia acci\u00f3n educativa:&nbsp;<strong><em><span class=\"OYPEnA text-decoration-none text-strikethrough-none\">La orientaci\u00f3n es un proceso de ayuda y acompa\u00f1amiento a todo el alumnado, profesorado y familias, en todos los aspectos del desarrollo (personal, acad\u00e9mico, profesional&#8230;).<\/span><\/em><\/strong><\/p>\n<p class=\"western\" style=\"text-align: justify\">Con la promulgaci\u00f3n de la <b>LOMLOE, <\/b>y despu\u00e9s de treinta a\u00f1os de orientaci\u00f3n educativa, se entiende como parte integral del sistema educativo y se<b> <\/b>recoge entre sus principios <i>\u201cf) La orientaci\u00f3n educativa y profesional de los estudiantes, como medio necesario para el logro de una formaci\u00f3n personalizada, que propicie una educaci\u00f3n integral en conocimientos, destrezas y valores.\u201d<\/i><\/p>\n<p class=\"western\" style=\"text-align: justify\">La Ley se limita a recoger lo que ya dicen las diferentes entidades internacionales, como la <b>ONU o la OCDE:<\/b> la orientaci\u00f3n educativa de calidad, es una de las \u201cpalancas\u201d para la mejora de las condiciones sociales y educativas de la juventud de cara al 2030.<\/p>\n<p class=\"western\" style=\"text-align: justify\"><b>La LEY 17\/2007, de Educaci\u00f3n en Andaluc\u00eda (LEA), <\/b>establece entre sus <b>objetivos,<\/b> <i>\u201c\u00f1) Potenciar la orientaci\u00f3n educativa como medio para el desarrollo personal y como garant\u00eda de una respuesta educativa ajustada a las necesidades del alumnado, as\u00ed como la evaluaci\u00f3n educativa como instrumento de mejora de los procesos de ense\u00f1anza, de los resultados del aprendizaje y de la organizaci\u00f3n y funcionamiento de los centros docentes.\u201d<\/i> Y reconoce <b>como un derecho fundamental del alumnado,<\/b> el derecho a la orientaci\u00f3n acad\u00e9mica y profesional.<\/p>\n<p class=\"western\" style=\"text-align: justify\"><b>C\u00e9sar Coll, <\/b>se\u00f1ala que m\u00e1s all\u00e1 de las menciones explicitas que se hacen en la LOMLOE a la orientaci\u00f3n en entre sus principios, no existen grandes novedades que afecten a sistema de orientaci\u00f3n, pero incluyen un reto importante, dar un paso m\u00e1s all\u00e1 <i><b>\u201cpueden colaborar en el despliegue curricular general, no s\u00f3lo centr\u00e1ndose en el alumnado con dificultades\u201d.<\/b><\/i> Se\u00f1ala, adem\u00e1s, que la orientaci\u00f3n es una dimensi\u00f3n de la funci\u00f3n docente que requiere de la formaci\u00f3n y experiencia de los profesionales de la Pedagog\u00eda y la Psicolog\u00eda. Estos son los retos y oportunidades mencionados por el profesor universitario:<\/p>\n<ul>\n<li style=\"text-align: justify\">\n<p class=\"western\">Incorporar los intereses de aprendizaje del alumnado al dise\u00f1o y desarrollo de las actividades de aprendizaje.<\/p>\n<\/li>\n<li style=\"text-align: justify\">\n<p class=\"western\">Conectar las experiencias de aprendizaje del alumnado de fuera y dentro de las escuelas e institutos.<\/p>\n<\/li>\n<li style=\"text-align: justify\">\n<p class=\"western\">Utilizar situaciones de aprendizaje culturalmente sensibles y relacionadas con la vida cotidiana del alumnado.<\/p>\n<\/li>\n<li style=\"text-align: justify\">\n<p class=\"western\">Favorecer la reflexi\u00f3n del alumnado sobre sus procesos de aprendizaje y sobre sus caracter\u00edsticas como aprendices.<\/p>\n<\/li>\n<li>\n<p class=\"western\" style=\"text-align: justify\">Acompa\u00f1ar y apoyar al alumnado en la (re)construcci\u00f3n de las trayectorias personales de aprendizaje.<\/p>\n<\/li>\n<\/ul>\n<p class=\"western\">\u00c1lvarez y Bisquerra (2012) nos facilitan para responder a las 6W de la orientaci\u00f3n educativa:<\/p>\n<table width=\"100%\" cellspacing=\"0\" cellpadding=\"5\">\n<colgroup>\n<col width=\"72*\">\n<col width=\"184*\"> <\/colgroup>\n<tbody>\n<tr>\n<td colspan=\"2\" width=\"100%\">\n<h2 class=\"western\" align=\"center\"><span style=\"font-size: large\"><b>ORIENTACI\u00d3N EDUCATIVA<\/b><\/span><\/h2>\n<\/td>\n<\/tr>\n<tr>\n<td width=\"28%\">\n<p class=\"western\" align=\"center\"><span style=\"font-size: large\"><b>\u00bfQu\u00e9 es?<\/b><\/span><\/p>\n<\/td>\n<td width=\"72%\">\n<p class=\"western\" align=\"left\">Un proceso de ayuda y acompa\u00f1amiento en todos los aspectos del desarrollo. Esto incluye una serie de \u00e1reas de intervenci\u00f3n: orientaci\u00f3n acad\u00e9mica, profesional, procesos de ense\u00f1anza y aprendizaje, atenci\u00f3n a la diversidad, acci\u00f3n tutorial, convivencia&#8230;<\/p>\n<\/td>\n<\/tr>\n<tr>\n<td width=\"28%\">\n<p class=\"western\" align=\"center\"><span style=\"font-size: large\"><b>\u00bfQui\u00e9n la realiza?<\/b><\/span><\/p>\n<\/td>\n<td width=\"72%\">\n<p class=\"western\" align=\"left\">Los agentes de la orientaci\u00f3n son: Orientadores\/as, profesorado, tutores\/as, familias, agentes sociales&#8230;<\/p>\n<\/td>\n<\/tr>\n<tr>\n<td width=\"28%\">\n<p class=\"western\" align=\"center\"><span style=\"font-size: large\"><b>\u00bfC\u00f3mo se realiza?<\/b><\/span><\/p>\n<\/td>\n<td width=\"72%\">\n<p class=\"western\" align=\"left\">A trav\u00e9s de modelos de intervenci\u00f3n: modelo de consulta y modelo de programas.<\/p>\n<p class=\"western\" align=\"left\">Se procura reducir al m\u00ednimo el modelo cl\u00ednico<\/p>\n<\/td>\n<\/tr>\n<tr>\n<td width=\"28%\">\n<p class=\"western\" align=\"center\"><span style=\"font-size: large\"><b>\u00bfCu\u00e1ndo se realiza?<\/b><\/span><\/p>\n<\/td>\n<td width=\"72%\">\n<p class=\"western\" align=\"left\">A lo largo de toda la escolarizaci\u00f3n y a lo largo de toda la vida.<\/p>\n<\/td>\n<\/tr>\n<tr>\n<td width=\"28%\">\n<p class=\"western\" align=\"center\"><span style=\"font-size: large\"><b>\u00bfD\u00f3nde se realiza?<\/b><\/span><\/p>\n<\/td>\n<td width=\"72%\">\n<p class=\"western\" align=\"left\">Individualmente, en peque\u00f1o grupo, en gran grupo a nivel de centro (institucional, POAT)<\/p>\n<\/td>\n<\/tr>\n<tr>\n<td width=\"28%\">\n<p class=\"western\" align=\"center\"><span style=\"font-size: large\"><b>\u00bfPor qu\u00e9?<\/b><\/span><\/p>\n<\/td>\n<td width=\"72%\">\n<p class=\"western\" align=\"left\">Para potenciar la prevenci\u00f3n y el desarrollo de la persona en todos sus aspectos.<\/p>\n<\/td>\n<\/tr>\n<tr>\n<td width=\"28%\">\n<p class=\"western\" align=\"center\"><span style=\"font-size: large\"><b>\u00bfA qui\u00e9n va dirigida?<\/b><\/span><\/p>\n<\/td>\n<td width=\"72%\">\n<p class=\"western\" align=\"left\">A toda la comunidad educativa<\/p>\n<\/td>\n<\/tr>\n<\/tbody>\n<\/table>\n<h2 class=\"western\" align=\"justify\">&nbsp;<\/h2>\n","protected":false},"excerpt":{"rendered":"<p>El concepto de orientaci\u00f3n educativa ha ido evolucionando al hilo de los tiempo, pasando de una concepci\u00f3n tradicional que parte de considerar a la orientaci\u00f3n&hellip;<\/p>\n","protected":false},"author":13226,"featured_media":871,"parent":0,"menu_order":0,"comment_status":"closed","ping_status":"closed","template":"","meta":{"ngg_post_thumbnail":0,"footnotes":""},"aioseo_notices":[],"_links":{"self":[{"href":"https:\/\/blogsaverroes.juntadeandalucia.es\/orientacion-huelva\/wp-json\/wp\/v2\/pages\/849"}],"collection":[{"href":"https:\/\/blogsaverroes.juntadeandalucia.es\/orientacion-huelva\/wp-json\/wp\/v2\/pages"}],"about":[{"href":"https:\/\/blogsaverroes.juntadeandalucia.es\/orientacion-huelva\/wp-json\/wp\/v2\/types\/page"}],"author":[{"embeddable":true,"href":"https:\/\/blogsaverroes.juntadeandalucia.es\/orientacion-huelva\/wp-json\/wp\/v2\/users\/13226"}],"replies":[{"embeddable":true,"href":"https:\/\/blogsaverroes.juntadeandalucia.es\/orientacion-huelva\/wp-json\/wp\/v2\/comments?post=849"}],"version-history":[{"count":7,"href":"https:\/\/blogsaverroes.juntadeandalucia.es\/orientacion-huelva\/wp-json\/wp\/v2\/pages\/849\/revisions"}],"predecessor-version":[{"id":873,"href":"https:\/\/blogsaverroes.juntadeandalucia.es\/orientacion-huelva\/wp-json\/wp\/v2\/pages\/849\/revisions\/873"}],"wp:featuredmedia":[{"embeddable":true,"href":"https:\/\/blogsaverroes.juntadeandalucia.es\/orientacion-huelva\/wp-json\/wp\/v2\/media\/871"}],"wp:attachment":[{"href":"https:\/\/blogsaverroes.juntadeandalucia.es\/orientacion-huelva\/wp-json\/wp\/v2\/media?parent=849"}],"curies":[{"name":"wp","href":"https:\/\/api.w.org\/{rel}","templated":true}]}}