{"id":150,"date":"2020-07-22T20:39:13","date_gmt":"2020-07-22T18:39:13","guid":{"rendered":"https:\/\/blogsaverroes.juntadeandalucia.es\/orientacionacebuche\/?page_id=150"},"modified":"2022-11-23T19:13:15","modified_gmt":"2022-11-23T18:13:15","slug":"el-autor","status":"publish","type":"page","link":"https:\/\/blogsaverroes.juntadeandalucia.es\/orientacionacebuche\/el-autor\/","title":{"rendered":"El autor"},"content":{"rendered":"<p><img loading=\"lazy\" decoding=\"async\" class=\"size-medium wp-image-122 alignleft\" src=\"https:\/\/blogsaverroes.juntadeandalucia.es\/orientacionacebuche\/files\/2020\/04\/fOTO-MAURI-2-261x300.jpg\" alt=\"\" width=\"261\" height=\"300\" srcset=\"https:\/\/blogsaverroes.juntadeandalucia.es\/orientacionacebuche\/files\/2020\/04\/fOTO-MAURI-2-261x300.jpg 261w, https:\/\/blogsaverroes.juntadeandalucia.es\/orientacionacebuche\/files\/2020\/04\/fOTO-MAURI-2-768x882.jpg 768w, https:\/\/blogsaverroes.juntadeandalucia.es\/orientacionacebuche\/files\/2020\/04\/fOTO-MAURI-2-891x1024.jpg 891w, https:\/\/blogsaverroes.juntadeandalucia.es\/orientacionacebuche\/files\/2020\/04\/fOTO-MAURI-2-700x804.jpg 700w, https:\/\/blogsaverroes.juntadeandalucia.es\/orientacionacebuche\/files\/2020\/04\/fOTO-MAURI-2-332x381.jpg 332w, https:\/\/blogsaverroes.juntadeandalucia.es\/orientacionacebuche\/files\/2020\/04\/fOTO-MAURI-2-21x24.jpg 21w, https:\/\/blogsaverroes.juntadeandalucia.es\/orientacionacebuche\/files\/2020\/04\/fOTO-MAURI-2-31x36.jpg 31w, https:\/\/blogsaverroes.juntadeandalucia.es\/orientacionacebuche\/files\/2020\/04\/fOTO-MAURI-2-42x48.jpg 42w\" sizes=\"(max-width: 261px) 100vw, 261px\" \/><\/p>\n<p>Me llamo Mauricio Moya Gonz\u00e1lez.<\/p>\n<p>Trabajo como orientador escolar desde 2004.<\/p>\n<p>Con anterioridad trabaj\u00e9 durante cinco a\u00f1os (1999\/2004) como orientador laboral en el ayuntamiento de And\u00fajar (Ja\u00e9n).<\/p>\n<p>Mi trayectoria profesional en la ense\u00f1anza es la siguiente:<\/p>\n<p>&#8211; 1\/09\/2004-31\/08\/2006: Departamento de Orientaci\u00f3n. I.E.S. \u00abGil de Z\u00e1tico\u00bb de Torreperogil (Ja\u00e9n).<\/p>\n<p>&#8211; 1\/09\/2006-31\/08\/2008: Departamento de Orientaci\u00f3n. I.E.S. \u00abSierra de los Filabres\u00bb de Ser\u00f3n (Almer\u00eda).<\/p>\n<p>&#8211; 1\/09\/2008-31\/08\/2019: Equipo de Orientaci\u00f3n Educativa de Martos (Ja\u00e9n).<\/p>\n<p>&#8211; 1\/09\/2019-Actualidad: Departamento de Orientaci\u00f3n. I.E.S. \u00abAcebuche\u00bb de Torredonjimeno (Ja\u00e9n).<\/p>\n<p>&nbsp;<\/p>\n","protected":false},"excerpt":{"rendered":"<p>Me llamo Mauricio Moya Gonz\u00e1lez. Trabajo como orientador escolar desde 2004. Con anterioridad trabaj\u00e9 durante cinco a\u00f1os (1999\/2004) como orientador laboral en el ayuntamiento de And\u00fajar (Ja\u00e9n). Mi trayectoria profesional en la ense\u00f1anza es la siguiente: &#8211; 1\/09\/2004-31\/08\/2006: Departamento de Orientaci\u00f3n. I.E.S. \u00abGil de Z\u00e1tico\u00bb de Torreperogil (Ja\u00e9n). &#8211; 1\/09\/2006-31\/08\/2008: Departamento de Orientaci\u00f3n. I.E.S. \u00abSierra &hellip; <\/p>\n<p class=\"link-more\"><a href=\"https:\/\/blogsaverroes.juntadeandalucia.es\/orientacionacebuche\/el-autor\/\" class=\"more-link\">Continuar leyendo<span class=\"screen-reader-text\"> \u00abEl autor\u00bb<\/span><\/a><\/p>\n","protected":false},"author":7799,"featured_media":0,"parent":0,"menu_order":0,"comment_status":"closed","ping_status":"closed","template":"","meta":{"ngg_post_thumbnail":0,"footnotes":""},"aioseo_notices":[],"_links":{"self":[{"href":"https:\/\/blogsaverroes.juntadeandalucia.es\/orientacionacebuche\/wp-json\/wp\/v2\/pages\/150"}],"collection":[{"href":"https:\/\/blogsaverroes.juntadeandalucia.es\/orientacionacebuche\/wp-json\/wp\/v2\/pages"}],"about":[{"href":"https:\/\/blogsaverroes.juntadeandalucia.es\/orientacionacebuche\/wp-json\/wp\/v2\/types\/page"}],"author":[{"embeddable":true,"href":"https:\/\/blogsaverroes.juntadeandalucia.es\/orientacionacebuche\/wp-json\/wp\/v2\/users\/7799"}],"replies":[{"embeddable":true,"href":"https:\/\/blogsaverroes.juntadeandalucia.es\/orientacionacebuche\/wp-json\/wp\/v2\/comments?post=150"}],"version-history":[{"count":5,"href":"https:\/\/blogsaverroes.juntadeandalucia.es\/orientacionacebuche\/wp-json\/wp\/v2\/pages\/150\/revisions"}],"predecessor-version":[{"id":405,"href":"https:\/\/blogsaverroes.juntadeandalucia.es\/orientacionacebuche\/wp-json\/wp\/v2\/pages\/150\/revisions\/405"}],"wp:attachment":[{"href":"https:\/\/blogsaverroes.juntadeandalucia.es\/orientacionacebuche\/wp-json\/wp\/v2\/media?parent=150"}],"curies":[{"name":"wp","href":"https:\/\/api.w.org\/{rel}","templated":true}]}}