{"id":178,"date":"2020-09-17T11:30:34","date_gmt":"2020-09-17T09:30:34","guid":{"rendered":"https:\/\/blogsaverroes.juntadeandalucia.es\/orientacionacebuche\/?page_id=178"},"modified":"2022-11-15T13:33:31","modified_gmt":"2022-11-15T12:33:31","slug":"presentacion","status":"publish","type":"page","link":"https:\/\/blogsaverroes.juntadeandalucia.es\/orientacionacebuche\/presentacion\/","title":{"rendered":"Presentaci\u00f3n"},"content":{"rendered":"<p>La finalidad de este blog es convertirse en una herramienta \u00fatil para la comunidad educativa.<\/p>\n<p dir=\"ltr\">En esta p\u00e1gina de <strong>Presentaci\u00f3n<\/strong> encontrar\u00e1s informaci\u00f3n sobre el autor, la forma de contacto y la localizaci\u00f3n.<\/p>\n<p>En la p\u00e1gina llamada <strong>Tutor\u00edas<\/strong>, los tutores y tutoras podr\u00e9is encontrar herramientas, actividades y orientaciones para abordar la hora semanal de tutor\u00eda grupal con el alumnado.<\/p>\n<p>La p\u00e1gina de <strong>Orientaci\u00f3n Vocacional&nbsp;<\/strong>ser\u00e1 de utilidad para el alumnado, las familias y el profesorado. Se ir\u00e1 colgando informaci\u00f3n actualizada sobre los distintos tipos de estudios existentes en nuestro sistema educativo.<\/p>\n<p>Los alumnos\/as contar\u00e9is con herramientas de autoorientaci\u00f3n que os ayudar\u00e1n a conocer mejor vuestros intereses y habilidades.&nbsp;<\/p>\n<p>Dentro de Orientaci\u00f3n Vocacional hay un apartado dedicado a las inteligencias m\u00faltiples donde podremos ver art\u00edculos y v\u00eddeos para conocerlas. Tambi\u00e9n habr\u00e1 un espacio para que los alumnos y alumnas pod\u00e1is compartir vuestros talentos con el resto de la comunidad educativa.<\/p>\n<p>&nbsp;<\/p>\n","protected":false},"excerpt":{"rendered":"<p>La finalidad de este blog es convertirse en una herramienta \u00fatil para la comunidad educativa. En esta p\u00e1gina de Presentaci\u00f3n encontrar\u00e1s informaci\u00f3n sobre el autor, la forma de contacto y la localizaci\u00f3n. En la p\u00e1gina llamada Tutor\u00edas, los tutores y tutoras podr\u00e9is encontrar herramientas, actividades y orientaciones para abordar la hora semanal de tutor\u00eda grupal &hellip; <\/p>\n<p class=\"link-more\"><a href=\"https:\/\/blogsaverroes.juntadeandalucia.es\/orientacionacebuche\/presentacion\/\" class=\"more-link\">Continuar leyendo<span class=\"screen-reader-text\"> \u00abPresentaci\u00f3n\u00bb<\/span><\/a><\/p>\n","protected":false},"author":7799,"featured_media":0,"parent":0,"menu_order":0,"comment_status":"closed","ping_status":"closed","template":"","meta":{"ngg_post_thumbnail":0,"footnotes":""},"aioseo_notices":[],"_links":{"self":[{"href":"https:\/\/blogsaverroes.juntadeandalucia.es\/orientacionacebuche\/wp-json\/wp\/v2\/pages\/178"}],"collection":[{"href":"https:\/\/blogsaverroes.juntadeandalucia.es\/orientacionacebuche\/wp-json\/wp\/v2\/pages"}],"about":[{"href":"https:\/\/blogsaverroes.juntadeandalucia.es\/orientacionacebuche\/wp-json\/wp\/v2\/types\/page"}],"author":[{"embeddable":true,"href":"https:\/\/blogsaverroes.juntadeandalucia.es\/orientacionacebuche\/wp-json\/wp\/v2\/users\/7799"}],"replies":[{"embeddable":true,"href":"https:\/\/blogsaverroes.juntadeandalucia.es\/orientacionacebuche\/wp-json\/wp\/v2\/comments?post=178"}],"version-history":[{"count":4,"href":"https:\/\/blogsaverroes.juntadeandalucia.es\/orientacionacebuche\/wp-json\/wp\/v2\/pages\/178\/revisions"}],"predecessor-version":[{"id":384,"href":"https:\/\/blogsaverroes.juntadeandalucia.es\/orientacionacebuche\/wp-json\/wp\/v2\/pages\/178\/revisions\/384"}],"wp:attachment":[{"href":"https:\/\/blogsaverroes.juntadeandalucia.es\/orientacionacebuche\/wp-json\/wp\/v2\/media?parent=178"}],"curies":[{"name":"wp","href":"https:\/\/api.w.org\/{rel}","templated":true}]}}