{"id":220,"date":"2020-10-05T13:46:20","date_gmt":"2020-10-05T11:46:20","guid":{"rendered":"https:\/\/blogsaverroes.juntadeandalucia.es\/orientacionacebuche\/?page_id=220"},"modified":"2020-10-05T13:50:13","modified_gmt":"2020-10-05T11:50:13","slug":"tutorias","status":"publish","type":"page","link":"https:\/\/blogsaverroes.juntadeandalucia.es\/orientacionacebuche\/tutorias\/","title":{"rendered":"Tutor\u00edas"},"content":{"rendered":"<p>En esta p\u00e1gina los tutores y tutoras podr\u00e9is encontrar herramientas, actividades y orientaciones para abordar la hora semanal de tutor\u00eda grupal con el alumnado.<\/p>\n","protected":false},"excerpt":{"rendered":"<p>En esta p\u00e1gina los tutores y tutoras podr\u00e9is encontrar herramientas, actividades y orientaciones para abordar la hora semanal de tutor\u00eda grupal con el alumnado.<\/p>\n","protected":false},"author":7799,"featured_media":0,"parent":0,"menu_order":0,"comment_status":"closed","ping_status":"closed","template":"","meta":{"ngg_post_thumbnail":0,"footnotes":""},"aioseo_notices":[],"_links":{"self":[{"href":"https:\/\/blogsaverroes.juntadeandalucia.es\/orientacionacebuche\/wp-json\/wp\/v2\/pages\/220"}],"collection":[{"href":"https:\/\/blogsaverroes.juntadeandalucia.es\/orientacionacebuche\/wp-json\/wp\/v2\/pages"}],"about":[{"href":"https:\/\/blogsaverroes.juntadeandalucia.es\/orientacionacebuche\/wp-json\/wp\/v2\/types\/page"}],"author":[{"embeddable":true,"href":"https:\/\/blogsaverroes.juntadeandalucia.es\/orientacionacebuche\/wp-json\/wp\/v2\/users\/7799"}],"replies":[{"embeddable":true,"href":"https:\/\/blogsaverroes.juntadeandalucia.es\/orientacionacebuche\/wp-json\/wp\/v2\/comments?post=220"}],"version-history":[{"count":2,"href":"https:\/\/blogsaverroes.juntadeandalucia.es\/orientacionacebuche\/wp-json\/wp\/v2\/pages\/220\/revisions"}],"predecessor-version":[{"id":229,"href":"https:\/\/blogsaverroes.juntadeandalucia.es\/orientacionacebuche\/wp-json\/wp\/v2\/pages\/220\/revisions\/229"}],"wp:attachment":[{"href":"https:\/\/blogsaverroes.juntadeandalucia.es\/orientacionacebuche\/wp-json\/wp\/v2\/media?parent=220"}],"curies":[{"name":"wp","href":"https:\/\/api.w.org\/{rel}","templated":true}]}}