{"id":245,"date":"2020-10-06T11:10:52","date_gmt":"2020-10-06T09:10:52","guid":{"rendered":"https:\/\/blogsaverroes.juntadeandalucia.es\/orientacionacebuche\/?page_id=245"},"modified":"2020-10-06T11:10:52","modified_gmt":"2020-10-06T09:10:52","slug":"tutoria-en-e-s-o","status":"publish","type":"page","link":"https:\/\/blogsaverroes.juntadeandalucia.es\/orientacionacebuche\/tutoria-en-e-s-o\/","title":{"rendered":"Tutor\u00eda en E.S.O."},"content":{"rendered":"<p>Los tutores y tutoras de Educaci\u00f3n Secundaria Obligatoria encontrareis aqu\u00ed materiales y enlaces que os pueden ser de utilidad en la hora de tutor\u00eda grupal semanal con el alumnado.<\/p>\n","protected":false},"excerpt":{"rendered":"<p>Los tutores y tutoras de Educaci\u00f3n Secundaria Obligatoria encontrareis aqu\u00ed materiales y enlaces que os pueden ser de utilidad en la hora de tutor\u00eda grupal semanal con el alumnado.<\/p>\n","protected":false},"author":7799,"featured_media":0,"parent":0,"menu_order":0,"comment_status":"closed","ping_status":"closed","template":"","meta":{"ngg_post_thumbnail":0,"footnotes":""},"aioseo_notices":[],"_links":{"self":[{"href":"https:\/\/blogsaverroes.juntadeandalucia.es\/orientacionacebuche\/wp-json\/wp\/v2\/pages\/245"}],"collection":[{"href":"https:\/\/blogsaverroes.juntadeandalucia.es\/orientacionacebuche\/wp-json\/wp\/v2\/pages"}],"about":[{"href":"https:\/\/blogsaverroes.juntadeandalucia.es\/orientacionacebuche\/wp-json\/wp\/v2\/types\/page"}],"author":[{"embeddable":true,"href":"https:\/\/blogsaverroes.juntadeandalucia.es\/orientacionacebuche\/wp-json\/wp\/v2\/users\/7799"}],"replies":[{"embeddable":true,"href":"https:\/\/blogsaverroes.juntadeandalucia.es\/orientacionacebuche\/wp-json\/wp\/v2\/comments?post=245"}],"version-history":[{"count":1,"href":"https:\/\/blogsaverroes.juntadeandalucia.es\/orientacionacebuche\/wp-json\/wp\/v2\/pages\/245\/revisions"}],"predecessor-version":[{"id":247,"href":"https:\/\/blogsaverroes.juntadeandalucia.es\/orientacionacebuche\/wp-json\/wp\/v2\/pages\/245\/revisions\/247"}],"wp:attachment":[{"href":"https:\/\/blogsaverroes.juntadeandalucia.es\/orientacionacebuche\/wp-json\/wp\/v2\/media?parent=245"}],"curies":[{"name":"wp","href":"https:\/\/api.w.org\/{rel}","templated":true}]}}