{"id":359,"date":"2022-11-15T11:08:56","date_gmt":"2022-11-15T10:08:56","guid":{"rendered":"https:\/\/blogsaverroes.juntadeandalucia.es\/orientacionacebuche\/?page_id=359"},"modified":"2022-11-15T11:08:56","modified_gmt":"2022-11-15T10:08:56","slug":"que-puedes-estudiar","status":"publish","type":"page","link":"https:\/\/blogsaverroes.juntadeandalucia.es\/orientacionacebuche\/que-puedes-estudiar\/","title":{"rendered":"\u00bfQu\u00e9 puedes estudiar?"},"content":{"rendered":"<p dir=\"ltr\" style=\"text-align: justify\">En esta p\u00e1gina los alumnos y alumnas podr\u00e9is encontrar todas las posibilidades que os ofrece el sistema educativo en los pr\u00f3ximos cursos si quer\u00e9is continuar con vuestra formaci\u00f3n.<\/p>\n","protected":false},"excerpt":{"rendered":"<p>En esta p\u00e1gina los alumnos y alumnas podr\u00e9is encontrar todas las posibilidades que os ofrece el sistema educativo en los pr\u00f3ximos cursos si quer\u00e9is continuar con vuestra formaci\u00f3n.<\/p>\n","protected":false},"author":7799,"featured_media":0,"parent":0,"menu_order":0,"comment_status":"closed","ping_status":"closed","template":"","meta":{"ngg_post_thumbnail":0,"footnotes":""},"aioseo_notices":[],"_links":{"self":[{"href":"https:\/\/blogsaverroes.juntadeandalucia.es\/orientacionacebuche\/wp-json\/wp\/v2\/pages\/359"}],"collection":[{"href":"https:\/\/blogsaverroes.juntadeandalucia.es\/orientacionacebuche\/wp-json\/wp\/v2\/pages"}],"about":[{"href":"https:\/\/blogsaverroes.juntadeandalucia.es\/orientacionacebuche\/wp-json\/wp\/v2\/types\/page"}],"author":[{"embeddable":true,"href":"https:\/\/blogsaverroes.juntadeandalucia.es\/orientacionacebuche\/wp-json\/wp\/v2\/users\/7799"}],"replies":[{"embeddable":true,"href":"https:\/\/blogsaverroes.juntadeandalucia.es\/orientacionacebuche\/wp-json\/wp\/v2\/comments?post=359"}],"version-history":[{"count":1,"href":"https:\/\/blogsaverroes.juntadeandalucia.es\/orientacionacebuche\/wp-json\/wp\/v2\/pages\/359\/revisions"}],"predecessor-version":[{"id":361,"href":"https:\/\/blogsaverroes.juntadeandalucia.es\/orientacionacebuche\/wp-json\/wp\/v2\/pages\/359\/revisions\/361"}],"wp:attachment":[{"href":"https:\/\/blogsaverroes.juntadeandalucia.es\/orientacionacebuche\/wp-json\/wp\/v2\/media?parent=359"}],"curies":[{"name":"wp","href":"https:\/\/api.w.org\/{rel}","templated":true}]}}