{"id":38,"date":"2019-12-07T23:26:11","date_gmt":"2019-12-07T22:26:11","guid":{"rendered":"https:\/\/blogsaverroes.juntadeandalucia.es\/orientacionacebuche\/?page_id=38"},"modified":"2020-09-17T11:15:36","modified_gmt":"2020-09-17T09:15:36","slug":"contacto","status":"publish","type":"page","link":"https:\/\/blogsaverroes.juntadeandalucia.es\/orientacionacebuche\/contacto\/","title":{"rendered":"Contacto"},"content":{"rendered":"<p>En esta p\u00e1gina encontrar\u00e1s la forma de ponerte en contacto con el Departamento de Orientaci\u00f3n del I.E.S. Acebuche:<\/p>\n<ul style=\"list-style-type: disc\">\n<li><strong>E-mail del Departamento de Orientaci\u00f3n<\/strong>: 23700335.dor.edu@juntadeandalucia.es<\/li>\n<li><strong>E-mail del autor<\/strong>: mauricio.moya.edu@juntadeandalucia.es<\/li>\n<li><strong>Tel\u00e9fono del Departamento de Orientaci\u00f3n<\/strong>: 671537998<\/li>\n<\/ul>\n","protected":false},"excerpt":{"rendered":"<p>En esta p\u00e1gina encontrar\u00e1s la forma de ponerte en contacto con el Departamento de Orientaci\u00f3n del I.E.S. Acebuche: E-mail del Departamento de Orientaci\u00f3n: 23700335.dor.edu@juntadeandalucia.es E-mail del autor: mauricio.moya.edu@juntadeandalucia.es Tel\u00e9fono del Departamento de Orientaci\u00f3n: 671537998<\/p>\n","protected":false},"author":7799,"featured_media":0,"parent":0,"menu_order":0,"comment_status":"closed","ping_status":"closed","template":"","meta":{"ngg_post_thumbnail":0,"footnotes":""},"aioseo_notices":[],"_links":{"self":[{"href":"https:\/\/blogsaverroes.juntadeandalucia.es\/orientacionacebuche\/wp-json\/wp\/v2\/pages\/38"}],"collection":[{"href":"https:\/\/blogsaverroes.juntadeandalucia.es\/orientacionacebuche\/wp-json\/wp\/v2\/pages"}],"about":[{"href":"https:\/\/blogsaverroes.juntadeandalucia.es\/orientacionacebuche\/wp-json\/wp\/v2\/types\/page"}],"author":[{"embeddable":true,"href":"https:\/\/blogsaverroes.juntadeandalucia.es\/orientacionacebuche\/wp-json\/wp\/v2\/users\/7799"}],"replies":[{"embeddable":true,"href":"https:\/\/blogsaverroes.juntadeandalucia.es\/orientacionacebuche\/wp-json\/wp\/v2\/comments?post=38"}],"version-history":[{"count":3,"href":"https:\/\/blogsaverroes.juntadeandalucia.es\/orientacionacebuche\/wp-json\/wp\/v2\/pages\/38\/revisions"}],"predecessor-version":[{"id":175,"href":"https:\/\/blogsaverroes.juntadeandalucia.es\/orientacionacebuche\/wp-json\/wp\/v2\/pages\/38\/revisions\/175"}],"wp:attachment":[{"href":"https:\/\/blogsaverroes.juntadeandalucia.es\/orientacionacebuche\/wp-json\/wp\/v2\/media?parent=38"}],"curies":[{"name":"wp","href":"https:\/\/api.w.org\/{rel}","templated":true}]}}