{"id":2,"date":"2013-05-09T17:27:05","date_gmt":"2013-05-09T17:27:05","guid":{"rendered":"http:\/\/orientacion.cepindalo.es\/?page_id=2"},"modified":"2022-10-26T05:08:40","modified_gmt":"2022-10-26T04:08:40","slug":"organizacion","status":"publish","type":"page","link":"https:\/\/blogsaverroes.juntadeandalucia.es\/orientacionalmeria\/organizacion\/","title":{"rendered":"ORGANIGRAMA"},"content":{"rendered":"<hr \/>\n<p style=\"text-align: justify\"><span style=\"font-size: small;font-family: arial,helvetica,sans-serif\"><strong><a href=\"https:\/\/blogsaverroes.juntadeandalucia.es\/orientacionalmeria\/files\/2022\/03\/ORGANIGRAMA.001.jpeg\"><img loading=\"lazy\" decoding=\"async\" class=\"wp-image-4980 alignnone\" src=\"https:\/\/blogsaverroes.juntadeandalucia.es\/orientacionalmeria\/files\/2022\/03\/ORGANIGRAMA.001-300x225.jpeg\" alt=\"\" width=\"1134\" height=\"852\" srcset=\"https:\/\/blogsaverroes.juntadeandalucia.es\/orientacionalmeria\/files\/2022\/03\/ORGANIGRAMA.001-300x225.jpeg 300w, https:\/\/blogsaverroes.juntadeandalucia.es\/orientacionalmeria\/files\/2022\/03\/ORGANIGRAMA.001-768x576.jpeg 768w, https:\/\/blogsaverroes.juntadeandalucia.es\/orientacionalmeria\/files\/2022\/03\/ORGANIGRAMA.001.jpeg 1024w\" sizes=\"(max-width: 1134px) 100vw, 1134px\" \/><\/a><\/strong><\/span><\/p>\n<p style=\"text-align: justify\"><span style=\"font-size: small;font-family: arial,helvetica,sans-serif\"><strong>Los servicios<\/strong> <b>de Orientaci\u00f3n Educativa<\/b> son los recursos espec\u00edficos del Sistema Educativo destinados a la orientaci\u00f3n educativa y profesional. Est\u00e1n constituidos por el <b>Equipo T\u00e9cnico Provincial<\/b>, los <b>Equipos de Orientaci\u00f3n Educativa<\/b> (E.O.E.s), <b>Equipos Especializados<\/b> y por los <b>Departamentos de Orientaci\u00f3n<\/b> en I.E.S.<\/span><\/p>\n<p>Oftentimes, when a writer is <a href=\"https:\/\/lawessaywritingservice.org\/\">lawessaywritingservice.org<\/a> asked to write a composition, he or she&#8217;ll have some notion about what the topic will be.<\/p>\n<p style=\"text-align: justify\"><span style=\"font-size: small;font-family: arial,helvetica,sans-serif\">En relaci\u00f3n al alumnado, desarrollan unas <strong>funciones generales<\/strong> destinadas a la atenci\u00f3n y apoyo de los procesos de ense\u00f1anza-aprendizaje, la acci\u00f3n tutorial y convivencia,&nbsp; y orientaci\u00f3n en el desarrollo de la poblaci\u00f3n escolar en general y, muy particularmente, del alumnado que presenta necesidades educativas especiales y espec\u00edficas<strong>.<\/strong><\/span><\/p>\n<p style=\"text-align: justify\">&nbsp;<\/p>\n<p style=\"text-align: justify\">&nbsp;<\/p>\n","protected":false},"excerpt":{"rendered":"<p>Los servicios de Orientaci\u00f3n Educativa son los recursos espec\u00edficos del Sistema Educativo destinados a la orientaci\u00f3n educativa y profesional. Est\u00e1n constituidos por el Equipo T\u00e9cnico Provincial, los Equipos de Orientaci\u00f3n Educativa (E.O.E.s), Equipos Especializados&#46;&#46;&#46;<\/p>\n","protected":false},"author":1,"featured_media":0,"parent":0,"menu_order":2,"comment_status":"closed","ping_status":"closed","template":"","meta":{"ngg_post_thumbnail":0,"footnotes":"","_mc_calendar":[]},"aioseo_notices":[],"_links":{"self":[{"href":"https:\/\/blogsaverroes.juntadeandalucia.es\/orientacionalmeria\/wp-json\/wp\/v2\/pages\/2"}],"collection":[{"href":"https:\/\/blogsaverroes.juntadeandalucia.es\/orientacionalmeria\/wp-json\/wp\/v2\/pages"}],"about":[{"href":"https:\/\/blogsaverroes.juntadeandalucia.es\/orientacionalmeria\/wp-json\/wp\/v2\/types\/page"}],"author":[{"embeddable":true,"href":"https:\/\/blogsaverroes.juntadeandalucia.es\/orientacionalmeria\/wp-json\/wp\/v2\/users\/1"}],"replies":[{"embeddable":true,"href":"https:\/\/blogsaverroes.juntadeandalucia.es\/orientacionalmeria\/wp-json\/wp\/v2\/comments?post=2"}],"version-history":[{"count":11,"href":"https:\/\/blogsaverroes.juntadeandalucia.es\/orientacionalmeria\/wp-json\/wp\/v2\/pages\/2\/revisions"}],"predecessor-version":[{"id":5436,"href":"https:\/\/blogsaverroes.juntadeandalucia.es\/orientacionalmeria\/wp-json\/wp\/v2\/pages\/2\/revisions\/5436"}],"wp:attachment":[{"href":"https:\/\/blogsaverroes.juntadeandalucia.es\/orientacionalmeria\/wp-json\/wp\/v2\/media?parent=2"}],"curies":[{"name":"wp","href":"https:\/\/api.w.org\/{rel}","templated":true}]}}