{"id":2954,"date":"2016-11-11T10:03:08","date_gmt":"2016-11-11T09:03:08","guid":{"rendered":"http:\/\/orientacion.cepindalo.es\/?page_id=2954"},"modified":"2026-03-27T10:16:21","modified_gmt":"2026-03-27T09:16:21","slug":"publicaciones","status":"publish","type":"page","link":"https:\/\/blogsaverroes.juntadeandalucia.es\/orientacionalmeria\/publicaciones\/","title":{"rendered":"Publicaciones"},"content":{"rendered":"<p>ACCI\u00d3N TUTORIAL<\/p>\n<p><a href=\"https:\/\/blogsaverroes.juntadeandalucia.es\/orientacionalmeria\/files\/2022\/03\/Cuadernos-de-orientacio\u0301n-1_Tutoria-1.pdf\">N\u00ba 1. Acci\u00f3n tutorial. Planificar el curso escolar<\/a><\/p>\n<p style=\"text-align: left\"><a href=\"https:\/\/blogsaverroes.juntadeandalucia.es\/orientacionalmeria\/files\/2016\/11\/Cuadernos-de-orientaci\u00f3n-2.pdf\">N\u00ba 2. TDAH. Detecci\u00f3n, identificaci\u00f3n e intervenci\u00f3n<\/a><\/p>\n<p><a href=\"https:\/\/blogsaverroes.juntadeandalucia.es\/orientacionalmeria\/files\/2016\/11\/Cuadernos-de-orientaci\u00f3n-3-Dislexia.pdf\">N\u00ba3. Dislexia: prevenci\u00f3n, detecci\u00f3n, identificaci\u00f3n e intervenci\u00f3n<\/a><\/p>\n<p><a href=\"https:\/\/blogsaverroes.juntadeandalucia.es\/orientacionalmeria\/files\/2024\/10\/Guia-TEL-y-RL-1.pdf\">N\u00ba4 Alumnado con retraso en el lenguaje y&nbsp; con TEL<\/a><\/p>\n<p><a href=\"https:\/\/blogsaverroes.juntadeandalucia.es\/orientacionalmeria\/files\/2025\/01\/01_Cuadernos-de-orientacion-4-TEL-y-RL-FINAL.pdf\" target=\"_blank\" rel=\"noopener\">N\u00ba 4. Alumnado con Trastorno Espec\u00edfico del Lenguaje y Retraso del Lenguaje (Actualizado 2025)<\/a><\/p>\n<p><a href=\"https:\/\/blogsaverroes.juntadeandalucia.es\/orientacionalmeria\/files\/2016\/11\/ACS-no-significativas-1.pdf\">N\u00ba 5. Adaptaciones para alumnado con dificultades de lectura, escritura y dislexia<\/a><\/p>\n<p><a href=\"https:\/\/blogsaverroes.juntadeandalucia.es\/orientacionalmeria\/files\/2018\/10\/06_02_FINAL-06_GUIA_DA_TDAH.pdf\">N\u00ba 6 Adaptaciones para alumnado con dificultades de trastorno por d\u00e9ficit de atenci\u00f3n e hiperactividad<\/a>.<\/p>\n<p><a href=\"https:\/\/blogsaverroes.juntadeandalucia.es\/orientacionalmeria\/files\/2019\/03\/07_GUIA_BILINGUISMO_DTALMERIA.pdf\">N\u00ba 7. Gu\u00edas educativas para contextos escolares bilig\u00fces.<\/a><\/p>\n<p><a href=\"https:\/\/drive.google.com\/file\/d\/11848_k3UGRnhQGPlWDDEQm7Q-YQurBfY\/view?usp=sharing\">N\u00ba 8. Gu\u00eda de dislexia en la poblaci\u00f3n adulta<\/a><\/p>\n<p><a href=\"https:\/\/blogsaverroes.juntadeandalucia.es\/orientacionalmeria\/files\/2020\/09\/Cuadernos-de-orientacion-10-1.pdf\">N\u00ba 10. Alumnado con retraso y trastorno espec\u00edfico del lenguaje<\/a><\/p>\n<p><a href=\"https:\/\/blogsaverroes.juntadeandalucia.es\/orientacionalmeria\/files\/2020\/10\/Medidas-generales-Tutor%C3%ADa-final-septiembre-2020-DEF.pdf\">N\u00ba 11. Tutor\u00eda y equipo docente<\/a><\/p>\n<p><a href=\"https:\/\/blogsaverroes.juntadeandalucia.es\/orientacionalmeria\/files\/2021\/12\/Cuadernos-de-Orientaci%C3%B3n-12-programas-de-refuerzo-profundizaci%C3%B3norden-dle-15-de-enero-.pdf\">N\u00ba 12. Tutor\u00eda y equipo docente<\/a><\/p>\n<p><a href=\"https:\/\/drive.google.com\/file\/d\/1r_arXAlrsbd0syVVq_GsZpYdDA8bj7z3\/view?usp=sharing\">N\u00ba 13. Planes de Acci\u00f3n Tutorial y Unidades de Acompa\u00f1amiento<\/a><\/p>\n<p><a href=\"https:\/\/drive.google.com\/file\/d\/15bbPZ9mz8hZ8uBV4FBAgulZSMYxhICQU\/view?usp=share_link\">N\u00ba 14 Educaci\u00f3n Emocional, Convivencia y Salud Mental<\/a><\/p>\n<p><a title=\"N\u00ba 15 Autocuidados y bienestar emocional\" href=\"https:\/\/drive.google.com\/file\/d\/1yQlRzujL9MNqQumixrOtgYMQpaTowqvb\/view?usp=sharing\">N\u00ba 15 Autocuidados y bienestar emocional<\/a><\/p>\n<p>&nbsp;<\/p>\n<p><strong><span style=\"font-size: 16pt\">G<a href=\"https:\/\/blogsaverroes.juntadeandalucia.es\/orientacionalmeria\/files\/2016\/11\/1-Folleto-deteccion-tutoria_deteccion_P\u00e1gina_1.jpg\"><img loading=\"lazy\" decoding=\"async\" class=\"wp-image-2965 alignright\" src=\"https:\/\/blogsaverroes.juntadeandalucia.es\/orientacionalmeria\/files\/2016\/11\/1-Folleto-deteccion-tutoria_deteccion_P\u00e1gina_1-212x300.jpg\" alt=\"\" width=\"126\" height=\"179\"\/><\/a>U\u00cdAS DE ORIENTACI\u00d3N<\/span><\/strong><\/p>\n<hr \/>\n<p><span style=\"font-size: 12pt;font-family: tahoma, arial, helvetica, sans-serif;color: #000080\"><a style=\"color: #000080\" href=\"https:\/\/blogsaverroes.juntadeandalucia.es\/orientacionalmeria\/files\/2015\/06\/Guia-General-DIA.pdf\" target=\"_blank\" rel=\"noopener noreferrer\">Gu\u00eda general para la atenci\u00f3n al alumnado con dificultades de aprendizaje<\/a><\/span><\/p>\n<p><span style=\"font-size: 12pt;font-family: tahoma, arial, helvetica, sans-serif;color: #000080\"><a style=\"color: #000080\" href=\"https:\/\/blogsaverroes.juntadeandalucia.es\/orientacionalmeria\/files\/2013\/05\/01-Folleto-deteccion-tutoria_deteccion.pdf\" target=\"_blank\" rel=\"noopener noreferrer\">Gu\u00eda 1: Detecci\u00f3n e identificaci\u00f3n de dificultades de aprendizaje para tutoria<\/a><\/span><\/p>\n<p><span style=\"font-family: tahoma, arial, helvetica, sans-serif;font-size: 12pt;color: #000080\"><a style=\"color: #000080\" href=\"https:\/\/blogsaverroes.juntadeandalucia.es\/orientacionalmeria\/files\/2013\/05\/Gu\u00eda-padres-DIFICULTADES-APRENDIZAJE.pdf\" target=\"_blank\" rel=\"noopener noreferrer\">Gu\u00eda 2: Dificultades de aprendizaje para familias<\/a><\/span><\/p>\n<p><span style=\"font-family: tahoma, arial, helvetica, sans-serif;font-size: 12pt;color: #000080\"><a style=\"color: #000080\" href=\"https:\/\/blogsaverroes.juntadeandalucia.es\/orientacionalmeria\/files\/2013\/05\/3-Gu\u00eda-para-la-orientaci\u00f3n-EOC-DO_Intervencion.pdf\" target=\"_blank\" rel=\"noopener noreferrer\">Gu\u00eda 3: Intervenci\u00f3n en dificultades de aprendizaje para Equipos y Departamentos de orientaci\u00f3n de centro<\/a><\/span><\/p>\n<p><span style=\"font-family: tahoma, arial, helvetica, sans-serif;font-size: 12pt;color: #000080\"><a style=\"color: #000080\" href=\"https:\/\/blogsaverroes.juntadeandalucia.es\/orientacionalmeria\/files\/2015\/03\/4-Gu\u00eda-para-la-Intervencion-Tutoria-y-Equipo-Docente.pdf\" target=\"_blank\" rel=\"noopener noreferrer\">Gu\u00eda 4: Intervenci\u00f3n en dificultades de aprendizaje, previa y posterior a la evaluaci\u00f3n psicopedag\u00f3gica, para la tutor\u00eda y equipos&nbsp; docentes<\/a><\/span><\/p>\n<p style=\"text-align: justify\"><span style=\"font-size: 10pt\"><span style=\"font-family: tahoma, arial, helvetica, sans-serif;font-size: 12pt;color: #000080\"><a style=\"color: #000080\" href=\"https:\/\/blogsaverroes.juntadeandalucia.es\/orientacionalmeria\/files\/2015\/10\/Guia-TGC.pdf\" target=\"_blank\" rel=\"noopener noreferrer\">Gu\u00eda Trastornos Graves de Conducta: procesos de detecci\u00f3n, identificaci\u00f3n y respuesta educativa relacionados con los problemas y trastornos graves de conducta (TGC) y trastorno por d\u00e9ficit de atenci\u00f3n con o sin hiperactividad (TDA\/H).<\/a><\/span><br \/>\n<\/span><\/p>\n<p style=\"text-align: justify\">&nbsp;<\/p>\n<p style=\"text-align: justify\"><span style=\"font-size: 16pt\"><strong>G<a href=\"https:\/\/blogsaverroes.juntadeandalucia.es\/orientacionalmeria\/files\/2022\/03\/Captura-de-pantalla-2022-03-29-a-las-8.09.43.png\"><img loading=\"lazy\" decoding=\"async\" class=\"wp-image-5051 alignright\" src=\"https:\/\/blogsaverroes.juntadeandalucia.es\/orientacionalmeria\/files\/2022\/03\/Captura-de-pantalla-2022-03-29-a-las-8.09.43-211x300.png\" alt=\"\" width=\"126\" height=\"180\"\/><\/a>U\u00cdAS DE ORIENTACI\u00d3N VOCACIONAL Y PROFESIONAL<\/strong><\/span><\/p>\n<hr \/>\n<p style=\"text-align: justify\"><span style=\"font-family: tahoma, arial, helvetica, sans-serif;font-size: 14pt;color: #000080\"><a style=\"color: #000080\" href=\"https:\/\/drive.google.com\/file\/d\/1ghGuor7hVK84HsgsVpI0Hv8sSu3k-VCt\/view?usp=sharing\"><span style=\"font-size: 12pt\">Gu\u00eda de orientaci\u00f3n acad\u00e9mica y profesional 2021-22<\/span><\/a><\/span><\/p>\n<p style=\"text-align: justify\">&nbsp;<\/p>\n<p>&nbsp;<\/p>\n<p>&nbsp;<\/p>\n<p><span style=\"font-size: 16pt\"><strong><a href=\"http:\/\/blogsaverroes.juntadeandalucia.es\/orientacionalmeria\/files\/2016\/11\/Portada-tests.jpg\"><img loading=\"lazy\" decoding=\"async\" class=\"wp-image-3353 alignright\" src=\"http:\/\/blogsaverroes.juntadeandalucia.es\/orientacionalmeria\/files\/2016\/11\/Portada-tests-300x212.jpg\" width=\"126\" height=\"89\" srcset=\"https:\/\/blogsaverroes.juntadeandalucia.es\/orientacionalmeria\/files\/2016\/11\/Portada-tests-300x212.jpg 300w, https:\/\/blogsaverroes.juntadeandalucia.es\/orientacionalmeria\/files\/2016\/11\/Portada-tests-768x543.jpg 768w, https:\/\/blogsaverroes.juntadeandalucia.es\/orientacionalmeria\/files\/2016\/11\/Portada-tests-1024x724.jpg 1024w, https:\/\/blogsaverroes.juntadeandalucia.es\/orientacionalmeria\/files\/2016\/11\/Portada-tests-24x17.jpg 24w, https:\/\/blogsaverroes.juntadeandalucia.es\/orientacionalmeria\/files\/2016\/11\/Portada-tests-36x25.jpg 36w, https:\/\/blogsaverroes.juntadeandalucia.es\/orientacionalmeria\/files\/2016\/11\/Portada-tests-48x34.jpg 48w, https:\/\/blogsaverroes.juntadeandalucia.es\/orientacionalmeria\/files\/2016\/11\/Portada-tests.jpg 1123w\" sizes=\"(max-width: 126px) 100vw, 126px\" \/><\/a>RECURSOS PARA LA ORIENTACI\u00d3N<\/strong><\/span><\/p>\n<hr \/>\n<p><span style=\"font-size: 12pt;font-family: tahoma, arial, helvetica, sans-serif;color: #000080\"><a style=\"color: #000080\" href=\"https:\/\/blogsaverroes.juntadeandalucia.es\/orientacionalmeria\/files\/2017\/03\/Pruebas-psicopedagogicas_Catalogo-Marzo-2017.pdf\" target=\"_blank\" rel=\"noopener noreferrer\">Pruebas y test. Inventario para pr\u00e9stamo<\/a><\/span><\/p>\n","protected":false},"excerpt":{"rendered":"<p>ACCI\u00d3N TUTORIAL N\u00ba 1. Acci\u00f3n tutorial. Planificar el curso escolar N\u00ba 2. TDAH. Detecci\u00f3n, identificaci\u00f3n e intervenci\u00f3n N\u00ba3. Dislexia: prevenci\u00f3n, detecci\u00f3n, identificaci\u00f3n e intervenci\u00f3n N\u00ba4 Alumnado con retraso en el lenguaje y&nbsp; con TEL&#46;&#46;&#46;<\/p>\n","protected":false},"author":1,"featured_media":0,"parent":0,"menu_order":0,"comment_status":"closed","ping_status":"closed","template":"","meta":{"ngg_post_thumbnail":0,"footnotes":"","_mc_calendar":[]},"aioseo_notices":[],"_links":{"self":[{"href":"https:\/\/blogsaverroes.juntadeandalucia.es\/orientacionalmeria\/wp-json\/wp\/v2\/pages\/2954"}],"collection":[{"href":"https:\/\/blogsaverroes.juntadeandalucia.es\/orientacionalmeria\/wp-json\/wp\/v2\/pages"}],"about":[{"href":"https:\/\/blogsaverroes.juntadeandalucia.es\/orientacionalmeria\/wp-json\/wp\/v2\/types\/page"}],"author":[{"embeddable":true,"href":"https:\/\/blogsaverroes.juntadeandalucia.es\/orientacionalmeria\/wp-json\/wp\/v2\/users\/1"}],"replies":[{"embeddable":true,"href":"https:\/\/blogsaverroes.juntadeandalucia.es\/orientacionalmeria\/wp-json\/wp\/v2\/comments?post=2954"}],"version-history":[{"count":111,"href":"https:\/\/blogsaverroes.juntadeandalucia.es\/orientacionalmeria\/wp-json\/wp\/v2\/pages\/2954\/revisions"}],"predecessor-version":[{"id":5772,"href":"https:\/\/blogsaverroes.juntadeandalucia.es\/orientacionalmeria\/wp-json\/wp\/v2\/pages\/2954\/revisions\/5772"}],"wp:attachment":[{"href":"https:\/\/blogsaverroes.juntadeandalucia.es\/orientacionalmeria\/wp-json\/wp\/v2\/media?parent=2954"}],"curies":[{"name":"wp","href":"https:\/\/api.w.org\/{rel}","templated":true}]}}