{"id":3010,"date":"2013-05-14T11:31:01","date_gmt":"2013-05-14T09:31:01","guid":{"rendered":"http:\/\/orientacion.cepindalo.es\/?page_id=34"},"modified":"2022-05-20T06:45:52","modified_gmt":"2022-05-20T05:45:52","slug":"etpoep","status":"publish","type":"page","link":"https:\/\/blogsaverroes.juntadeandalucia.es\/orientacionalmeria\/etpoep\/","title":{"rendered":"ETPOEP"},"content":{"rendered":"<p>&nbsp;<\/p>\n<p><a href=\"https:\/\/blogsaverroes.juntadeandalucia.es\/orientacionalmeria\/files\/2022\/03\/FOTO-ETPOEP-scaled.jpg\"><img loading=\"lazy\" decoding=\"async\" class=\" wp-image-5016 aligncenter\" src=\"https:\/\/blogsaverroes.juntadeandalucia.es\/orientacionalmeria\/files\/2022\/03\/FOTO-ETPOEP-300x188.jpg\" alt=\"\" width=\"718\" height=\"450\" srcset=\"https:\/\/blogsaverroes.juntadeandalucia.es\/orientacionalmeria\/files\/2022\/03\/FOTO-ETPOEP-300x188.jpg 300w, https:\/\/blogsaverroes.juntadeandalucia.es\/orientacionalmeria\/files\/2022\/03\/FOTO-ETPOEP-1024x641.jpg 1024w, https:\/\/blogsaverroes.juntadeandalucia.es\/orientacionalmeria\/files\/2022\/03\/FOTO-ETPOEP-768x481.jpg 768w, https:\/\/blogsaverroes.juntadeandalucia.es\/orientacionalmeria\/files\/2022\/03\/FOTO-ETPOEP-1536x962.jpg 1536w, https:\/\/blogsaverroes.juntadeandalucia.es\/orientacionalmeria\/files\/2022\/03\/FOTO-ETPOEP-2048x1282.jpg 2048w, https:\/\/blogsaverroes.juntadeandalucia.es\/orientacionalmeria\/files\/2022\/03\/FOTO-ETPOEP-scaled.jpg 1600w\" sizes=\"(max-width: 718px) 100vw, 718px\" \/><\/a><\/p>\n<p style=\"text-align: justify\"><span style=\"font-size: 14pt;font-family: tahoma, arial, helvetica, sans-serif\">Es un \u00f3rgano de planificaci\u00f3n y coordinaci\u00f3n, con \u00e1mbito provincial y dependiente del Servicio de Orientaci\u00f3n Educativa y Atenci\u00f3n a la Diversidad de la Direcci\u00f3n General de Atenci\u00f3n a la Diversidad, Participaci\u00f3n y Convivencia Escolar de la Consejer\u00eda de Educaci\u00f3n y Deporte de la Junta de Andaluc\u00eda. <\/span><\/p>\n<p style=\"text-align: justify\"><span style=\"font-size: 14pt;font-family: tahoma, arial, helvetica, sans-serif\">Se ubica en la primera planta de la Delegaci\u00f3n Territorial de Educaci\u00f3n y Deporte en Almer\u00eda. Est\u00e1 integrado funcionalmente en el Servicio de Ordenaci\u00f3n Educativa.<\/span><\/p>\n<p style=\"text-align: justify\"><span style=\"font-size: 14pt;font-family: tahoma, arial, helvetica, sans-serif\">Est\u00e1 formado por la coordinaci\u00f3n general del Equipo y una espec\u00edfica para cada una de las siguientes \u00e1reas: necesidades educativas especiales, orientaci\u00f3n vocacional y profesional, compensaci\u00f3n educativa, apoyo a la funci\u00f3n tutorial y asesoramiento a la convivencia y recursos t\u00e9cnicos. Todos ellos son personal docente con especializaci\u00f3n en el \u00e1rea que coordina<\/span><\/p>\n<p style=\"text-align: justify\"><span style=\"font-size: 14pt;font-family: tahoma, arial, helvetica, sans-serif\">Las funciones generales que desarrollan son:<\/span><\/p>\n<p style=\"text-align: justify\"><span style=\"font-size: 14pt;font-family: tahoma, arial, helvetica, sans-serif\">&#8211; Planificaci\u00f3n, desarrollo y evaluaci\u00f3n de las actuaciones de los Equipos de Orientaci\u00f3n Educativa y de los Departamentos de Orientaci\u00f3n.<\/span><\/p>\n<p style=\"text-align: justify\"><span style=\"font-size: 14pt;font-family: tahoma, arial, helvetica, sans-serif\">&#8211; Impulso y coordinaci\u00f3n de las actuaciones de Equipos y Departamentos.<\/span><\/p>\n<p style=\"text-align: justify\"><span style=\"font-size: 14pt;font-family: tahoma, arial, helvetica, sans-serif\">&#8211; Proponer planes de formaci\u00f3n de los profesionales de orientaci\u00f3n.<\/span><\/p>\n<p style=\"text-align: justify\"><span style=\"font-size: 14pt;font-family: tahoma, arial, helvetica, sans-serif\">&#8211; Determinar las l\u00edneas de actuaci\u00f3n prioritarias, de acuerdo con las directrices de la Consejer\u00eda de Educaci\u00f3n.<\/span><\/p>\n<p style=\"text-align: justify\"><span style=\"font-size: 14pt;font-family: tahoma, arial, helvetica, sans-serif\">&#8211; Colaborar en la planificaci\u00f3n de los medios y recursos para la atenci\u00f3n a la diversidad del alumnado, especialmente en el \u00e1rea de necesidades educativas especiales y de compensaci\u00f3n educativa.<\/span><\/p>\n","protected":false},"excerpt":{"rendered":"<p>&nbsp; Es un \u00f3rgano de planificaci\u00f3n y coordinaci\u00f3n, con \u00e1mbito provincial y dependiente del Servicio de Orientaci\u00f3n Educativa y Atenci\u00f3n a la Diversidad de la Direcci\u00f3n General de Atenci\u00f3n a la Diversidad, Participaci\u00f3n y&#46;&#46;&#46;<\/p>\n","protected":false},"author":1,"featured_media":5016,"parent":0,"menu_order":0,"comment_status":"closed","ping_status":"open","template":"","meta":{"ngg_post_thumbnail":0,"footnotes":"","_mc_calendar":[]},"aioseo_notices":[],"_links":{"self":[{"href":"https:\/\/blogsaverroes.juntadeandalucia.es\/orientacionalmeria\/wp-json\/wp\/v2\/pages\/3010"}],"collection":[{"href":"https:\/\/blogsaverroes.juntadeandalucia.es\/orientacionalmeria\/wp-json\/wp\/v2\/pages"}],"about":[{"href":"https:\/\/blogsaverroes.juntadeandalucia.es\/orientacionalmeria\/wp-json\/wp\/v2\/types\/page"}],"author":[{"embeddable":true,"href":"https:\/\/blogsaverroes.juntadeandalucia.es\/orientacionalmeria\/wp-json\/wp\/v2\/users\/1"}],"replies":[{"embeddable":true,"href":"https:\/\/blogsaverroes.juntadeandalucia.es\/orientacionalmeria\/wp-json\/wp\/v2\/comments?post=3010"}],"version-history":[{"count":20,"href":"https:\/\/blogsaverroes.juntadeandalucia.es\/orientacionalmeria\/wp-json\/wp\/v2\/pages\/3010\/revisions"}],"predecessor-version":[{"id":5374,"href":"https:\/\/blogsaverroes.juntadeandalucia.es\/orientacionalmeria\/wp-json\/wp\/v2\/pages\/3010\/revisions\/5374"}],"wp:featuredmedia":[{"embeddable":true,"href":"https:\/\/blogsaverroes.juntadeandalucia.es\/orientacionalmeria\/wp-json\/wp\/v2\/media\/5016"}],"wp:attachment":[{"href":"https:\/\/blogsaverroes.juntadeandalucia.es\/orientacionalmeria\/wp-json\/wp\/v2\/media?parent=3010"}],"curies":[{"name":"wp","href":"https:\/\/api.w.org\/{rel}","templated":true}]}}