{"id":3011,"date":"2013-05-14T11:31:25","date_gmt":"2013-05-14T09:31:25","guid":{"rendered":"http:\/\/orientacion.cepindalo.es\/?page_id=36"},"modified":"2025-04-24T07:32:58","modified_gmt":"2025-04-24T06:32:58","slug":"eoe-especializado","status":"publish","type":"page","link":"https:\/\/blogsaverroes.juntadeandalucia.es\/orientacionalmeria\/eoe-especializado\/","title":{"rendered":"EOE Especializado"},"content":{"rendered":"<p><a href=\"https:\/\/blogsaverroes.juntadeandalucia.es\/especializadoalmeria04\/\" target=\"_blank\" rel=\"noopener\">BLOG DEL EOE ESPECIALIZADO DE ALMERIA: https:\/\/blogsaverroes.juntadeandalucia.es\/especializadoalmeria04\/<\/a>&nbsp;<\/p>\n<p style=\"text-align: justify\"><span style=\"font-family: arial,helvetica,sans-serif;font-size: small\">Es un servicio de <strong>atenci\u00f3n especializada<\/strong>, en el \u00e1mbito educativo, para el alumnado con necesidades educativas especiales espec\u00edficas. Su \u00e1mbito geogr\u00e1fico de intervenci\u00f3n es provincial.<\/span><\/p>\n<p style=\"text-align: justify\"><span style=\"font-family: arial,helvetica,sans-serif;font-size: small\">Su <strong>funci\u00f3n principal<\/strong> consiste en posibilitar la integraci\u00f3n en el sistema educativo y dar una respuesta educativa adecuada a las necesidades espec\u00edficas de ni\u00f1os y ni\u00f1as con necesidades educativas especiales, complementando la intervenci\u00f3n de otros servicios de apoyo que inciden en los Centros Educativos (Equipos de Orientaci\u00f3n Educativa, Departamentos de Orientaci\u00f3n y otros servicios escolares, sanitarios y sociales).<\/span><\/p>\n<p style=\"text-align: justify\"><span style=\"font-family: arial,helvetica,sans-serif;font-size: small\">Sus <strong>intervenciones<\/strong> est\u00e1n dirigidas a la atenci\u00f3n educativa del<b> <\/b>alumnado con discapacidad f\u00edsica, auditiva, trastornos del espectro autista, trastornos graves de conducta, altas capacidades y atenci\u00f3n temprana. Asesoran y orientan a sus familias, a&nbsp; los profesionales de los Centros y a otros especialistas.<\/span><\/p>\n<hr \/>\n<p style=\"text-align: left\"><span style=\"font-family: arial,helvetica,sans-serif\"><strong>Solicitudes para demanda de intervenci\u00f3n:<\/strong><\/span><\/p>\n<hr \/>\n<p>SE REALIZA A TRAV\u00c9S DE LA APLICACI\u00d3N SENECA. MANUAL&nbsp;<\/p>\n<ul>\n<li><strong><a href=\"https:\/\/blogsaverroes.juntadeandalucia.es\/orientacionalmeria\/files\/2020\/10\/Manual_EOE_Especializado.pdf\" target=\"_blank\" rel=\"noopener noreferrer\">MANUAL SOLICITUD INTERVENCI\u00d3N EOE ESPECIALIZADO<\/a><\/strong><\/li>\n<\/ul>\n","protected":false},"excerpt":{"rendered":"<p>BLOG DEL EOE ESPECIALIZADO DE ALMERIA: https:\/\/blogsaverroes.juntadeandalucia.es\/especializadoalmeria04\/&nbsp; Es un servicio de atenci\u00f3n especializada, en el \u00e1mbito educativo, para el alumnado con necesidades educativas especiales espec\u00edficas. Su \u00e1mbito geogr\u00e1fico de intervenci\u00f3n es provincial. Su funci\u00f3n&#46;&#46;&#46;<\/p>\n","protected":false},"author":1,"featured_media":0,"parent":0,"menu_order":0,"comment_status":"closed","ping_status":"closed","template":"","meta":{"ngg_post_thumbnail":0,"footnotes":"","_mc_calendar":[]},"aioseo_notices":[],"_links":{"self":[{"href":"https:\/\/blogsaverroes.juntadeandalucia.es\/orientacionalmeria\/wp-json\/wp\/v2\/pages\/3011"}],"collection":[{"href":"https:\/\/blogsaverroes.juntadeandalucia.es\/orientacionalmeria\/wp-json\/wp\/v2\/pages"}],"about":[{"href":"https:\/\/blogsaverroes.juntadeandalucia.es\/orientacionalmeria\/wp-json\/wp\/v2\/types\/page"}],"author":[{"embeddable":true,"href":"https:\/\/blogsaverroes.juntadeandalucia.es\/orientacionalmeria\/wp-json\/wp\/v2\/users\/1"}],"replies":[{"embeddable":true,"href":"https:\/\/blogsaverroes.juntadeandalucia.es\/orientacionalmeria\/wp-json\/wp\/v2\/comments?post=3011"}],"version-history":[{"count":38,"href":"https:\/\/blogsaverroes.juntadeandalucia.es\/orientacionalmeria\/wp-json\/wp\/v2\/pages\/3011\/revisions"}],"predecessor-version":[{"id":5752,"href":"https:\/\/blogsaverroes.juntadeandalucia.es\/orientacionalmeria\/wp-json\/wp\/v2\/pages\/3011\/revisions\/5752"}],"wp:attachment":[{"href":"https:\/\/blogsaverroes.juntadeandalucia.es\/orientacionalmeria\/wp-json\/wp\/v2\/media?parent=3011"}],"curies":[{"name":"wp","href":"https:\/\/api.w.org\/{rel}","templated":true}]}}