{"id":3013,"date":"2013-05-14T11:31:49","date_gmt":"2013-05-14T09:31:49","guid":{"rendered":"http:\/\/orientacion.cepindalo.es\/?page_id=39"},"modified":"2022-12-15T09:45:25","modified_gmt":"2022-12-15T08:45:25","slug":"gabinete-convivencia","status":"publish","type":"page","link":"https:\/\/blogsaverroes.juntadeandalucia.es\/orientacionalmeria\/gabinete-convivencia\/","title":{"rendered":"Gabinete Convivencia"},"content":{"rendered":"<p><a href=\"https:\/\/blogsaverroes.juntadeandalucia.es\/orientacionalmeria\/files\/2022\/12\/IMG_8677-scaled.jpg\"><img loading=\"lazy\" decoding=\"async\" class=\"alignright  wp-image-5506\" src=\"https:\/\/blogsaverroes.juntadeandalucia.es\/orientacionalmeria\/files\/2022\/12\/IMG_8677-300x225.jpg\" alt=\"\" width=\"339\" height=\"254\" srcset=\"https:\/\/blogsaverroes.juntadeandalucia.es\/orientacionalmeria\/files\/2022\/12\/IMG_8677-300x225.jpg 300w, https:\/\/blogsaverroes.juntadeandalucia.es\/orientacionalmeria\/files\/2022\/12\/IMG_8677-1024x768.jpg 1024w, https:\/\/blogsaverroes.juntadeandalucia.es\/orientacionalmeria\/files\/2022\/12\/IMG_8677-768x576.jpg 768w, https:\/\/blogsaverroes.juntadeandalucia.es\/orientacionalmeria\/files\/2022\/12\/IMG_8677-1536x1152.jpg 1536w, https:\/\/blogsaverroes.juntadeandalucia.es\/orientacionalmeria\/files\/2022\/12\/IMG_8677-2048x1536.jpg 2048w, https:\/\/blogsaverroes.juntadeandalucia.es\/orientacionalmeria\/files\/2022\/12\/IMG_8677-scaled.jpg 1600w\" sizes=\"(max-width: 339px) 100vw, 339px\" \/><\/a><a href=\"https:\/\/blogsaverroes.juntadeandalucia.es\/orientacionalmeria\/files\/2022\/03\/FOTO-ROSA-scaled.jpg\"><img loading=\"lazy\" decoding=\"async\" class=\" wp-image-5097 alignleft\" src=\"https:\/\/blogsaverroes.juntadeandalucia.es\/orientacionalmeria\/files\/2022\/03\/FOTO-ROSA-300x225.jpg\" alt=\"\" width=\"340\" height=\"256\" srcset=\"https:\/\/blogsaverroes.juntadeandalucia.es\/orientacionalmeria\/files\/2022\/03\/FOTO-ROSA-300x225.jpg 300w, https:\/\/blogsaverroes.juntadeandalucia.es\/orientacionalmeria\/files\/2022\/03\/FOTO-ROSA-1024x768.jpg 1024w, https:\/\/blogsaverroes.juntadeandalucia.es\/orientacionalmeria\/files\/2022\/03\/FOTO-ROSA-768x576.jpg 768w, https:\/\/blogsaverroes.juntadeandalucia.es\/orientacionalmeria\/files\/2022\/03\/FOTO-ROSA-1536x1152.jpg 1536w, https:\/\/blogsaverroes.juntadeandalucia.es\/orientacionalmeria\/files\/2022\/03\/FOTO-ROSA-2048x1536.jpg 2048w, https:\/\/blogsaverroes.juntadeandalucia.es\/orientacionalmeria\/files\/2022\/03\/FOTO-ROSA-scaled.jpg 1600w\" sizes=\"(max-width: 340px) 100vw, 340px\" \/><\/a><\/p>\n<p align=\"JUSTIFY\">&nbsp;<\/p>\n<p align=\"JUSTIFY\">&nbsp;<\/p>\n<p align=\"JUSTIFY\">&nbsp;<\/p>\n<p align=\"JUSTIFY\">&nbsp;<\/p>\n<p style=\"text-align: center\" align=\"JUSTIFY\">&nbsp;<\/p>\n<p style=\"text-align: left\" align=\"JUSTIFY\">&nbsp;<\/p>\n<table style=\"border-collapse: collapse;width: 100.607%\">\n<tbody>\n<tr>\n<td style=\"width: 29.7157%\">\n<p style=\"text-align: center\" align=\"JUSTIFY\"><strong><span style=\"font-size: 14pt\">ROSA M\u00aa ORTEGA AYALA&nbsp;&nbsp;<\/span><\/strong><\/p>\n<p style=\"text-align: center\" align=\"JUSTIFY\"><span style=\"font-size: 14pt\">rosam.o.ayala.edu@juntadeandalucia.es<\/span><\/p>\n<p style=\"text-align: center\" align=\"JUSTIFY\"><span style=\"font-size: 14pt\">950004634 \/ 704634<\/span><\/p>\n<\/td>\n<td style=\"width: 40.3549%;text-align: center\">&nbsp;<\/td>\n<td style=\"width: 30.5359%\">\n<p style=\"text-align: center\"><strong><span style=\"font-size: 14pt\">ANA ISABEL PIC\u00d3N GARC\u00cdA<\/span><\/strong><\/p>\n<p style=\"text-align: center\"><span style=\"font-size: 14pt\">ana.picon.garcia.edu@juntadeandalucia.es<\/span><\/p>\n<p style=\"text-align: center\"><span style=\"font-size: 14pt\">950004635 \/ 704635<\/span><\/p>\n<\/td>\n<\/tr>\n<\/tbody>\n<\/table>\n<p>&nbsp;<\/p>\n<p align=\"JUSTIFY\"><span style=\"font-family: arial,helvetica,sans-serif\"><span style=\"font-size: small\">En cada Delegaci\u00f3n Provincial de la Consejer\u00eda de Educaci\u00f3n existe un gabinete provincial de asesoramiento para la convivencia escolar e igualdad, est\u00e1n integrados en el Equipo T\u00e9cnico Provincial para la Orientaci\u00f3n Educativa y Profesional, dentro del \u00e1rea de apoyo a la funci\u00f3n tutorial del profesorado y de asesoramiento sobre la convivencia escolar. <\/span><\/span><\/p>\n<p align=\"JUSTIFY\"><span style=\"font-family: arial,helvetica,sans-serif\"><span style=\"font-size: small\">Sus<strong> funciones<\/strong> son:<\/span><\/span><\/p>\n<p align=\"JUSTIFY\"><span style=\"font-family: arial,helvetica,sans-serif\"><span style=\"font-size: small\">a) Proponer, para su incorporaci\u00f3n al conjunto de actuaciones del respectivo Equipo T\u00e9cnico Provincial para la Orientaci\u00f3n Educativa y Profesional, las actuaciones a desarrollar para la promoci\u00f3n de la cultura de paz, la prevenci\u00f3n de la violencia, la mejora de la convivencia, la igualdad, la mediaci\u00f3n y la resoluci\u00f3n pac\u00edfica de los conflictos.<\/span><\/span><\/p>\n<p align=\"JUSTIFY\"><span style=\"font-family: arial,helvetica,sans-serif\"><span style=\"font-size: small\">b) Colaborar en la planificaci\u00f3n, desarrollo y evaluaci\u00f3n de las actuaciones de los respectivos equipos de orientaci\u00f3n educativa y de los departamentos de orientaci\u00f3n en el \u00e1mbito, de la cultura de paz, la prevenci\u00f3n de la violencia, la mejora de la convivencia, la igualdad, la mediaci\u00f3n y la resoluci\u00f3n pac\u00edfica de los conflictos.<\/span><\/span><\/p>\n<p align=\"JUSTIFY\"><span style=\"font-family: arial,helvetica,sans-serif\"><span style=\"font-size: small\">c) Asesorar a los centros educativos, especialmente a trav\u00e9s de las Comisiones de Convivencia, y proponer acciones para favorecer la educaci\u00f3n para la cultura de paz y la prevenci\u00f3n de cualquier tipo de violencia.<\/span><\/span><\/p>\n<p align=\"JUSTIFY\"><span style=\"font-family: arial,helvetica,sans-serif\"><span style=\"font-size: small\">d) Impulsar y coordinar la aplicaci\u00f3n de programas en los centros educativos dirigidos a la mejora de la convivencia y, en particular, promover la extensi\u00f3n de la Red Andaluza de \u00abEscuela: Espacio de Paz\u00bb.<\/span><\/span><\/p>\n<p align=\"JUSTIFY\"><span style=\"font-family: arial,helvetica,sans-serif\"><span style=\"font-size: small\">e) Promover medidas destinadas a la revisi\u00f3n y actualizaci\u00f3n de los programas de acci\u00f3n tutorial en el \u00e1mbito de la promoci\u00f3n de la cultura de paz y la prevenci\u00f3n de la violencia, la igualdad, la mejora de la convivencia, la mediaci\u00f3n y la resoluci\u00f3n pac\u00edfica de los conflictos.<\/span><\/span><\/p>\n<p align=\"JUSTIFY\"><span style=\"font-family: arial,helvetica,sans-serif\"><span style=\"font-size: small\">f) Proponer planes de formaci\u00f3n permanente en el \u00e1mbito de la promoci\u00f3n de la cultura de paz y la prevenci\u00f3n de la violencia, la mejora de la convivencia, la igualdad, la mediaci\u00f3n y la resoluci\u00f3n pac\u00edfica de los conflictos, en el marco del respectivo plan provincial de formaci\u00f3n permanente del profesorado, y colaborar en su desarrollo y evaluaci\u00f3n.<\/span><\/span><\/p>\n<hr \/>\n<p align=\"JUSTIFY\">&nbsp;<\/p>\n","protected":false},"excerpt":{"rendered":"<p>&nbsp; &nbsp; &nbsp; &nbsp; &nbsp; &nbsp; ROSA M\u00aa ORTEGA AYALA&nbsp;&nbsp; rosam.o.ayala.edu@juntadeandalucia.es 950004634 \/ 704634 &nbsp; ANA ISABEL PIC\u00d3N GARC\u00cdA ana.picon.garcia.edu@juntadeandalucia.es 950004635 \/ 704635 &nbsp; En cada Delegaci\u00f3n Provincial de la Consejer\u00eda de Educaci\u00f3n existe&#46;&#46;&#46;<\/p>\n","protected":false},"author":1,"featured_media":0,"parent":0,"menu_order":0,"comment_status":"closed","ping_status":"closed","template":"","meta":{"ngg_post_thumbnail":0,"footnotes":"","_mc_calendar":[]},"aioseo_notices":[],"_links":{"self":[{"href":"https:\/\/blogsaverroes.juntadeandalucia.es\/orientacionalmeria\/wp-json\/wp\/v2\/pages\/3013"}],"collection":[{"href":"https:\/\/blogsaverroes.juntadeandalucia.es\/orientacionalmeria\/wp-json\/wp\/v2\/pages"}],"about":[{"href":"https:\/\/blogsaverroes.juntadeandalucia.es\/orientacionalmeria\/wp-json\/wp\/v2\/types\/page"}],"author":[{"embeddable":true,"href":"https:\/\/blogsaverroes.juntadeandalucia.es\/orientacionalmeria\/wp-json\/wp\/v2\/users\/1"}],"replies":[{"embeddable":true,"href":"https:\/\/blogsaverroes.juntadeandalucia.es\/orientacionalmeria\/wp-json\/wp\/v2\/comments?post=3013"}],"version-history":[{"count":6,"href":"https:\/\/blogsaverroes.juntadeandalucia.es\/orientacionalmeria\/wp-json\/wp\/v2\/pages\/3013\/revisions"}],"predecessor-version":[{"id":5508,"href":"https:\/\/blogsaverroes.juntadeandalucia.es\/orientacionalmeria\/wp-json\/wp\/v2\/pages\/3013\/revisions\/5508"}],"wp:attachment":[{"href":"https:\/\/blogsaverroes.juntadeandalucia.es\/orientacionalmeria\/wp-json\/wp\/v2\/media?parent=3013"}],"curies":[{"name":"wp","href":"https:\/\/api.w.org\/{rel}","templated":true}]}}