{"id":3018,"date":"2013-05-14T11:33:18","date_gmt":"2013-05-14T09:33:18","guid":{"rendered":"http:\/\/orientacion.cepindalo.es\/?page_id=46"},"modified":"2022-03-29T08:38:00","modified_gmt":"2022-03-29T07:38:00","slug":"tutoria-convivencia","status":"publish","type":"page","link":"https:\/\/blogsaverroes.juntadeandalucia.es\/orientacionalmeria\/tutoria-convivencia\/","title":{"rendered":"Tutor\u00eda y Convivencia"},"content":{"rendered":"<p><img loading=\"lazy\" decoding=\"async\" class=\"aligncenter wp-image-5094 \" src=\"https:\/\/blogsaverroes.juntadeandalucia.es\/orientacionalmeria\/files\/2022\/03\/IMG-20200925-WA0019-e1648539273241-300x261.jpg\" alt=\"\" width=\"564\" height=\"491\" srcset=\"https:\/\/blogsaverroes.juntadeandalucia.es\/orientacionalmeria\/files\/2022\/03\/IMG-20200925-WA0019-e1648539273241-300x261.jpg 300w, https:\/\/blogsaverroes.juntadeandalucia.es\/orientacionalmeria\/files\/2022\/03\/IMG-20200925-WA0019-e1648539273241-1024x891.jpg 1024w, https:\/\/blogsaverroes.juntadeandalucia.es\/orientacionalmeria\/files\/2022\/03\/IMG-20200925-WA0019-e1648539273241-768x668.jpg 768w, https:\/\/blogsaverroes.juntadeandalucia.es\/orientacionalmeria\/files\/2022\/03\/IMG-20200925-WA0019-e1648539273241.jpg 1200w\" sizes=\"(max-width: 564px) 100vw, 564px\" \/><\/p>\n<p style=\"text-align: center\"><span style=\"font-size: 16pt\"><strong>M\u00aa CARMEN CONTRERAS GONZ\u00c1LEZ<\/strong><a href=\"https:\/\/blogsaverroes.juntadeandalucia.es\/orientacionalmeria\/files\/2022\/03\/IMG-20200925-WA0019.jpg\"><br \/>\n<\/a><\/span><\/p>\n<p style=\"text-align: center\"><span style=\"font-size: 16pt\">COORDINADORA DEL \u00c1REA DE APOYO A LA FUNCI\u00d3N TUTORIAL Y CONVIVENCIA ESCOLAR<\/span><\/p>\n<p style=\"text-align: center\"><span style=\"font-size: 16pt\">mariac.contreras.edu@juntadeandalucia.es<\/span><\/p>\n<p style=\"text-align: center\"><span style=\"font-size: 16pt\">950004630 \/ 704630<\/span><\/p>\n","protected":false},"excerpt":{"rendered":"<p>M\u00aa CARMEN CONTRERAS GONZ\u00c1LEZ COORDINADORA DEL \u00c1REA DE APOYO A LA FUNCI\u00d3N TUTORIAL Y CONVIVENCIA ESCOLAR mariac.contreras.edu@juntadeandalucia.es 950004630 \/ 704630<\/p>\n","protected":false},"author":1,"featured_media":0,"parent":0,"menu_order":0,"comment_status":"closed","ping_status":"closed","template":"","meta":{"ngg_post_thumbnail":0,"footnotes":"","_mc_calendar":[]},"aioseo_notices":[],"_links":{"self":[{"href":"https:\/\/blogsaverroes.juntadeandalucia.es\/orientacionalmeria\/wp-json\/wp\/v2\/pages\/3018"}],"collection":[{"href":"https:\/\/blogsaverroes.juntadeandalucia.es\/orientacionalmeria\/wp-json\/wp\/v2\/pages"}],"about":[{"href":"https:\/\/blogsaverroes.juntadeandalucia.es\/orientacionalmeria\/wp-json\/wp\/v2\/types\/page"}],"author":[{"embeddable":true,"href":"https:\/\/blogsaverroes.juntadeandalucia.es\/orientacionalmeria\/wp-json\/wp\/v2\/users\/1"}],"replies":[{"embeddable":true,"href":"https:\/\/blogsaverroes.juntadeandalucia.es\/orientacionalmeria\/wp-json\/wp\/v2\/comments?post=3018"}],"version-history":[{"count":2,"href":"https:\/\/blogsaverroes.juntadeandalucia.es\/orientacionalmeria\/wp-json\/wp\/v2\/pages\/3018\/revisions"}],"predecessor-version":[{"id":5096,"href":"https:\/\/blogsaverroes.juntadeandalucia.es\/orientacionalmeria\/wp-json\/wp\/v2\/pages\/3018\/revisions\/5096"}],"wp:attachment":[{"href":"https:\/\/blogsaverroes.juntadeandalucia.es\/orientacionalmeria\/wp-json\/wp\/v2\/media?parent=3018"}],"curies":[{"name":"wp","href":"https:\/\/api.w.org\/{rel}","templated":true}]}}