{"id":3029,"date":"2013-05-17T23:49:46","date_gmt":"2013-05-17T21:49:46","guid":{"rendered":"http:\/\/orientacion.cepindalo.es\/?page_id=241"},"modified":"2024-02-21T10:58:29","modified_gmt":"2024-02-21T09:58:29","slug":"contacto","status":"publish","type":"page","link":"https:\/\/blogsaverroes.juntadeandalucia.es\/orientacionalmeria\/contacto\/","title":{"rendered":"CONTACTO"},"content":{"rendered":"<address style=\"padding-left: 60px\">&nbsp;<\/address>\n<p><span style=\"font-size: 18pt\"><strong>EQUIPO T\u00c9CNICO PROVINCIAL DE ORIENTACI\u00d3N EDUCATIVA Y PROFESIONAL DE ALMER\u00cdA (ETPOEP)<\/strong><\/span><\/p>\n<p>COORDINADORA ETPOEP: MARIA DIAZ ONTIVEROS <a href=\"mailto:maria.d.ontiveros.edu@juntadeandalucia.es&nbsp;\">maria.d.ontiveros.edu@juntadeandalucia.es&nbsp;<\/a> &nbsp;950004629 (704629)<\/p>\n<p>COORDINADORA DEL AREA DE ORIENTACI\u00d3N VOCACIONAL Y PROFESIONAL: ELENA I. RODRIGUEZ GARCIA&nbsp; <a href=\"mailto:elenai.rodriguez.edu@juntadeandalucia.es\">elenai.rodriguez.edu@juntadeandalucia.es<\/a>&nbsp; 950004633 (704633)<\/p>\n<p>COORDINADORA DEL AREA DE APOYO A LA FUNCI\u00d3N TUTORIAL DEL PROFESORADO Y ASESORAMIENTO SOBRE CONVIVENCIA ESCOLAR: MARIA DEL CARMEN CONTRERAS GONZALEZ<\/p>\n<p><a href=\"mailto:mariac.contreras.edu@juntadeandalucia.es\">mariac.contreras.edu@juntadeandalucia.es<\/a>&nbsp; 950004630 (704630)<\/p>\n<p>COORDINADORA DEL \u00c1REA DE COMPENSACI\u00d3N EDUCATIVA: ELISA I. VARGAS RODRIGUEZ&nbsp; &nbsp;<a href=\"mailto:elisa.vargas.edu@juntadeandalucia.es\">elisa.vargas.edu@juntadeandalucia.es<\/a>&nbsp; 950004627 (704627)<\/p>\n<p>COORDINADORA DEL \u00c1REA DE ATENCI\u00d3N A LAS NECESIDADES EDUCATIVAS ESPECIALES: MARIA DOLORES ANDUJAR TORTELLA&nbsp; <a href=\"mailto:mariad.andujar.edu@juntadeandalucia.es\">mariad.andujar.edu@juntadeandalucia.es<\/a>&nbsp; 950004632 (704632)<\/p>\n<p>COORDINADOR DEL \u00c1REA DE RECURSOS T\u00c9CNICOS: FRANCISCO VILLEGAS LIROLA&nbsp; francisco.villegas.lirola.edu@juntadeandalucia.es&nbsp; 950004631 (704631)<\/p>\n<p>INTERCULTURALIDAD Y ABSENTISMO: MARIA ANGELES CA\u00d1ADAS PEREZ&nbsp; <a href=\"mailto:mariaa.canadas.edu@juntadandalucia.es\">mariaa.canadas.edu@juntadandalucia.es<\/a>&nbsp; 950004596 (704596)<\/p>\n<p>GABINETE DE ASESORAMIENTO SOBRE CONVIVENCIA ESCOLAR:&nbsp; ROSA MARIA ORTEGA AYALA&nbsp; <a href=\"mailto:rosam.o.ayala.edu@juntadeandalucia.e\">rosam.o.ayala.edu@juntadeandalucia.e<\/a>s (950004634 \/ 704634); ANA PIC\u00d3N GARCIA ana.picon.garcia.edu@juntadeandalucia.es. (950004635\/ 704635) EMAIL COM\u00daN: <a href=\"mailto:gabinete.convivencia.dpal.ced@juntadeandalucia.es\">gabinete.convivencia.dpal.ced@juntadeandalucia.es<\/a><\/p>\n<p>BIENESTAR EMOCIONAL: ROSA M. MARIN ZAPATA r<a href=\"mailto:osa.marin.edu@juntadeandalucia.es\">osa.marin.edu@juntadeandalucia.es<\/a>&nbsp; 628386854 (616560); MARIA ANGELES CRUZ ROMERO <a href=\"mailto:mariaa.cruz.romero.edu@juntadeandalucia.es\">mariaa.cruz.romero.edu@juntadeandalucia.es<\/a>&nbsp; 648565381 (616544). COM\u00daN: <a href=\"mailto:orientacion.saludmental.dpal.ced@juntadeandalucia.es\">orientacion.saludmental.dpal.ced@juntadeandalucia.es<\/a><\/p>\n<p style=\"text-align: right;padding-left: 90px\">&nbsp;<\/p>\n<p><strong>DRIVE ETPOEP ALMERIA.&nbsp;<\/strong>Para orientadoras y orientadores de Equipos de Orientaci\u00f3n Educativa y Departamentos de Orientaci\u00f3n en la provincia de Almer\u00eda. Solicitar acceso en 04004565.etpoep@g.educaand.es<\/p>\n","protected":false},"excerpt":{"rendered":"<p>&nbsp; EQUIPO T\u00c9CNICO PROVINCIAL DE ORIENTACI\u00d3N EDUCATIVA Y PROFESIONAL DE ALMER\u00cdA (ETPOEP) COORDINADORA ETPOEP: MARIA DIAZ ONTIVEROS maria.d.ontiveros.edu@juntadeandalucia.es&nbsp; &nbsp;950004629 (704629) COORDINADORA DEL AREA DE ORIENTACI\u00d3N VOCACIONAL Y PROFESIONAL: ELENA I. RODRIGUEZ GARCIA&nbsp; elenai.rodriguez.edu@juntadeandalucia.es&nbsp; 950004633&#46;&#46;&#46;<\/p>\n","protected":false},"author":1,"featured_media":4914,"parent":0,"menu_order":7,"comment_status":"closed","ping_status":"closed","template":"","meta":{"ngg_post_thumbnail":0,"footnotes":"","_mc_calendar":[]},"aioseo_notices":[],"_links":{"self":[{"href":"https:\/\/blogsaverroes.juntadeandalucia.es\/orientacionalmeria\/wp-json\/wp\/v2\/pages\/3029"}],"collection":[{"href":"https:\/\/blogsaverroes.juntadeandalucia.es\/orientacionalmeria\/wp-json\/wp\/v2\/pages"}],"about":[{"href":"https:\/\/blogsaverroes.juntadeandalucia.es\/orientacionalmeria\/wp-json\/wp\/v2\/types\/page"}],"author":[{"embeddable":true,"href":"https:\/\/blogsaverroes.juntadeandalucia.es\/orientacionalmeria\/wp-json\/wp\/v2\/users\/1"}],"replies":[{"embeddable":true,"href":"https:\/\/blogsaverroes.juntadeandalucia.es\/orientacionalmeria\/wp-json\/wp\/v2\/comments?post=3029"}],"version-history":[{"count":26,"href":"https:\/\/blogsaverroes.juntadeandalucia.es\/orientacionalmeria\/wp-json\/wp\/v2\/pages\/3029\/revisions"}],"predecessor-version":[{"id":5669,"href":"https:\/\/blogsaverroes.juntadeandalucia.es\/orientacionalmeria\/wp-json\/wp\/v2\/pages\/3029\/revisions\/5669"}],"wp:featuredmedia":[{"embeddable":true,"href":"https:\/\/blogsaverroes.juntadeandalucia.es\/orientacionalmeria\/wp-json\/wp\/v2\/media\/4914"}],"wp:attachment":[{"href":"https:\/\/blogsaverroes.juntadeandalucia.es\/orientacionalmeria\/wp-json\/wp\/v2\/media?parent=3029"}],"curies":[{"name":"wp","href":"https:\/\/api.w.org\/{rel}","templated":true}]}}