{"id":5069,"date":"2022-03-29T07:40:39","date_gmt":"2022-03-29T06:40:39","guid":{"rendered":"https:\/\/blogsaverroes.juntadeandalucia.es\/orientacionalmeria\/?page_id=5069"},"modified":"2024-02-21T14:04:04","modified_gmt":"2024-02-21T13:04:04","slug":"recursos-educacion-compensatoria","status":"publish","type":"page","link":"https:\/\/blogsaverroes.juntadeandalucia.es\/orientacionalmeria\/recursos-educacion-compensatoria\/","title":{"rendered":"Recursos Educaci\u00f3n Compensatoria"},"content":{"rendered":"<ul style=\"list-style-type: circle\">\n<li><span style=\"font-family: tahoma, arial, helvetica, sans-serif;font-size: 10pt;color: #000080\"><a style=\"color: #000080\" href=\"https:\/\/blogsaverroes.juntadeandalucia.es\/orientacionalmeria\/files\/2013\/05\/compeducativa.pdf\" target=\"_blank\" rel=\"noopener noreferrer\">Compensaci\u00f3n educativa en Andaluc\u00eda<\/a><a style=\"color: #000080\" href=\"http:\/\/blogsaverroes.juntadeandalucia.es\/orientacioncepindalo\/files\/2013\/05\/compeducativa.pdf\">.<\/a><\/span><\/li>\n<li><span style=\"font-family: tahoma, arial, helvetica, sans-serif;font-size: 10pt;color: #000080\"><a style=\"color: #000080\" href=\"https:\/\/blogsaverroes.juntadeandalucia.es\/orientacionalmeria\/files\/2013\/05\/A-DOMICILIARIA-INSTRUCCIONES-CON-FIRMA.pdf\">Instrucciones para atenci\u00f3n al alumnado con enfermedad en domicilio:<\/a><\/span>\n<ul style=\"list-style-type: circle\">\n<li><span style=\"font-size: 10pt;font-family: tahoma, arial, helvetica, sans-serif;color: #000080\"><a style=\"color: #000080\" href=\"https:\/\/blogsaverroes.juntadeandalucia.es\/orientacionalmeria\/files\/2013\/05\/1A-DOMICILIARIA-INFORM-ORIENTADOR.pdf\">Anexo I:&nbsp; Informe de orientaci\u00f3n educativa<\/a><\/span><\/li>\n<li><span style=\"color: #000080;font-family: tahoma, arial, helvetica, sans-serif;font-size: 10pt\"><a style=\"color: #000080\" href=\"https:\/\/blogsaverroes.juntadeandalucia.es\/orientacionalmeria\/files\/2013\/05\/2A-DOMICILIARIA-SOLICITUD.pdf\">Anexo 2: Solicitud<\/a><\/span><\/li>\n<\/ul>\n<\/li>\n<li style=\"text-align: left\"><span style=\"font-size: 10pt;font-family: tahoma, arial, helvetica, sans-serif;color: #000080\"><a style=\"color: #000080\" href=\"https:\/\/blogsaverroes.juntadeandalucia.es\/orientacionalmeria\/files\/2013\/05\/1189595375293_libro_acompaxamiento_web.pdf\" target=\"_blank\" rel=\"noopener noreferrer\">Orientaciones pedag\u00f3gicas para el desarrollo del Programa de Acompa\u00f1amiento Escolar en Andaluc\u00eda<\/a><\/span><\/li>\n<li style=\"text-align: left\"><span style=\"font-size: 10pt\"><span style=\"font-family: tahoma, arial, helvetica, sans-serif;color: #000080\"><a style=\"color: #000080\" href=\"https:\/\/blogsaverroes.juntadeandalucia.es\/orientacionalmeria\/files\/2013\/05\/PROA-ANDALUCIA-13-14.ppt\" target=\"_blank\" rel=\"noopener noreferrer\">Programas de Refuerzo y Orientaci\u00f3n Educativa de Andaluc\u00eda (PROA ANDALUCIA). Presentaci\u00f3<\/a>n<\/span><\/span><\/li>\n<li style=\"text-align: left\"><span style=\"font-size: 10pt;color: #000080;font-family: tahoma, arial, helvetica, sans-serif\"><a style=\"color: #000080\" href=\"https:\/\/blogsaverroes.juntadeandalucia.es\/orientacionalmeria\/files\/2013\/05\/Anexo-I_ATAL.doc\" target=\"_blank\" rel=\"noopener noreferrer\">Modelos de informes (anexos) para la demanda de profesorado ATA<\/a><\/span><\/li>\n<li style=\"text-align: left\"><span style=\"font-size: 10pt\"><span style=\"color: #000080;font-family: tahoma, arial, helvetica, sans-serif\"><a style=\"color: #000080\" href=\"https:\/\/blogsaverroes.juntadeandalucia.es\/orientacionalmeria\/files\/2013\/05\/Educacion-intercultural-Andalucia.pdf\" target=\"_blank\" rel=\"noopener noreferrer\">Educacion intercultural Andalucia<\/a><\/span><\/span><\/li>\n<li style=\"text-align: left\"><span style=\"font-size: 10pt;color: #000080;font-family: tahoma, arial, helvetica, sans-serif\"><a style=\"color: #000080\" href=\"https:\/\/blogsaverroes.juntadeandalucia.es\/orientacionalmeria\/files\/2013\/05\/Prueba-de-Nivel-para-Primaria_ATAL.pdf\" target=\"_blank\" rel=\"noopener noreferrer\">Pruebas de exploraci\u00f3n de la competencia ling\u00fc\u00edstica del alumnado inmigrante de EDUCACI\u00d3N PRIMARIA<\/a><\/span><\/li>\n<li style=\"text-align: left\"><span style=\"font-size: 10pt;color: #000080;font-family: tahoma, arial, helvetica, sans-serif\"><a style=\"color: #000080\" href=\"https:\/\/blogsaverroes.juntadeandalucia.es\/orientacionalmeria\/files\/2013\/05\/Prueba-de-Nivel-para-Secundaria_ATAL.pdf\" target=\"_blank\" rel=\"noopener noreferrer\">Pruebas de exploraci\u00f3n de la competencia ling\u00fc\u00edstica del alumnado inmigrante de EDUCACI\u00d3N SECUNDARIA<\/a><\/span><\/li>\n<li>PROGRAMA de Unidades de Acompa\u00f1amiento Educativo\n<ul style=\"list-style-type: circle\">\n<li>Cuaderno Unidades de Acompa\u00f1amiento y Orientaci\u00f3n (UAO) 23\/24. Anexos. <a href=\"https:\/\/blogsaverroes.juntadeandalucia.es\/orientacionalmeria\/files\/2024\/02\/Cuaderno-UAO-23_24_anexos.pdf\">https:\/\/blogsaverroes.juntadeandalucia.es\/orientacionalmeria\/files\/2024\/02\/Cuaderno-UAO-23_24_anexos.pdf<\/a><\/li>\n<li>Informe Trimestral Familias 23\/24. <a href=\"https:\/\/blogsaverroes.juntadeandalucia.es\/orientacionalmeria\/files\/2024\/02\/Informe-Trimestral-Famlias-23_24.pdf\">https:\/\/blogsaverroes.juntadeandalucia.es\/orientacionalmeria\/files\/2024\/02\/Informe-Trimestral-Famlias-23_24.pdf<\/a><\/li>\n<li>Informe trimestral personalizado alumnado 23\/24. <a href=\"https:\/\/blogsaverroes.juntadeandalucia.es\/orientacionalmeria\/files\/2024\/02\/Informe-trimestral-personalizado-alumnado.23_24.pdf\">https:\/\/blogsaverroes.juntadeandalucia.es\/orientacionalmeria\/files\/2024\/02\/Informe-trimestral-personalizado-alumnado.23_24.pdf<\/a><\/li>\n<li>Modelo de Memoria Final de Unidades de Acompa\u00f1amiento 23\/24\n<p><a href=\"https:\/\/blogsaverroes.juntadeandalucia.es\/orientacionalmeria\/files\/2024\/02\/Modelo-Memoria-Final-Unidades-de-Acompa\u00f1amiento.2023_24.pdf\">https:\/\/blogsaverroes.juntadeandalucia.es\/orientacionalmeria\/files\/2024\/02\/Modelo-Memoria-Final-Unidades-de-Acompa\u00f1amiento.2023_24.pdf<\/a><\/li>\n<li>Planificador mensual\n<p><a href=\"https:\/\/blogsaverroes.juntadeandalucia.es\/orientacionalmeria\/files\/2024\/02\/PLANIFICADOR-MENSUAL.UOA_.pdf\">https:\/\/blogsaverroes.juntadeandalucia.es\/orientacionalmeria\/files\/2024\/02\/PLANIFICADOR-MENSUAL.UOA_.pdf<\/a><\/li>\n<li>Presentaci\u00f3n reuni\u00f3n 21 de febrero 2024\n<p><a href=\"https:\/\/blogsaverroes.juntadeandalucia.es\/orientacionalmeria\/files\/2024\/02\/Presentaci\u00f3n-reuni\u00f3n-21-febrero.2024.pdf\">https:\/\/blogsaverroes.juntadeandalucia.es\/orientacionalmeria\/files\/2024\/02\/Presentaci\u00f3n-reuni\u00f3n-21-febrero.2024.pdf<\/a><\/li>\n<\/ul>\n<\/li>\n<\/ul>\n","protected":false},"excerpt":{"rendered":"<p>Compensaci\u00f3n educativa en Andaluc\u00eda. Instrucciones para atenci\u00f3n al alumnado con enfermedad en domicilio: Anexo I:&nbsp; Informe de orientaci\u00f3n educativa Anexo 2: Solicitud Orientaciones pedag\u00f3gicas para el desarrollo del Programa de Acompa\u00f1amiento Escolar en Andaluc\u00eda&#46;&#46;&#46;<\/p>\n","protected":false},"author":4749,"featured_media":0,"parent":0,"menu_order":0,"comment_status":"closed","ping_status":"closed","template":"","meta":{"ngg_post_thumbnail":0,"footnotes":"","_mc_calendar":[]},"aioseo_notices":[],"_links":{"self":[{"href":"https:\/\/blogsaverroes.juntadeandalucia.es\/orientacionalmeria\/wp-json\/wp\/v2\/pages\/5069"}],"collection":[{"href":"https:\/\/blogsaverroes.juntadeandalucia.es\/orientacionalmeria\/wp-json\/wp\/v2\/pages"}],"about":[{"href":"https:\/\/blogsaverroes.juntadeandalucia.es\/orientacionalmeria\/wp-json\/wp\/v2\/types\/page"}],"author":[{"embeddable":true,"href":"https:\/\/blogsaverroes.juntadeandalucia.es\/orientacionalmeria\/wp-json\/wp\/v2\/users\/4749"}],"replies":[{"embeddable":true,"href":"https:\/\/blogsaverroes.juntadeandalucia.es\/orientacionalmeria\/wp-json\/wp\/v2\/comments?post=5069"}],"version-history":[{"count":6,"href":"https:\/\/blogsaverroes.juntadeandalucia.es\/orientacionalmeria\/wp-json\/wp\/v2\/pages\/5069\/revisions"}],"predecessor-version":[{"id":5679,"href":"https:\/\/blogsaverroes.juntadeandalucia.es\/orientacionalmeria\/wp-json\/wp\/v2\/pages\/5069\/revisions\/5679"}],"wp:attachment":[{"href":"https:\/\/blogsaverroes.juntadeandalucia.es\/orientacionalmeria\/wp-json\/wp\/v2\/media?parent=5069"}],"curies":[{"name":"wp","href":"https:\/\/api.w.org\/{rel}","templated":true}]}}