{"id":5072,"date":"2022-03-29T07:43:48","date_gmt":"2022-03-29T06:43:48","guid":{"rendered":"https:\/\/blogsaverroes.juntadeandalucia.es\/orientacionalmeria\/?page_id=5072"},"modified":"2023-11-23T09:45:36","modified_gmt":"2023-11-23T08:45:36","slug":"documentos-de-trabajo","status":"publish","type":"page","link":"https:\/\/blogsaverroes.juntadeandalucia.es\/orientacionalmeria\/documentos-de-trabajo\/","title":{"rendered":"Documentos Recursos T\u00e9cnicos"},"content":{"rendered":"<p><span style=\"font-size: 12pt;font-family: tahoma, arial, helvetica, sans-serif;color: #000080\"><strong>Dotaci\u00f3n de recursos materiales espec\u00edficos para el alumnado con necesidades educativas especiales asociadas a discapacidad<\/strong>:<\/span><\/p>\n<p><a href=\"https:\/\/blogsaverroes.juntadeandalucia.es\/orientacionalmeria\/files\/2023\/11\/00_PROCEDIMIENTO_Solicitud_Traslado_RetiradaRECURSOS_AlumnadoNEE.pdf\">PROCEDIMIENTO PARA LA SOLICITUD, TRASLADO Y RETIRADA DE RECURSOS PARA ALUMNADO CON NECESIDADES EDUCATIVAS ESPECIALES<\/a><\/p>\n<p><a href=\"https:\/\/blogsaverroes.juntadeandalucia.es\/orientacionalmeria\/files\/2023\/11\/00_PROCEDIMIENTO_Solicitud_Traslado_RetiradaRECURSOS_AlumnadoNEE.pdf\">00_PROCEDIMIENTO_Solicitud_Traslado_RetiradaRECURSOS_AlumnadoNEE<\/a><\/p>\n<ul style=\"list-style-type: circle\">\n<li style=\"text-align: justify\"><span style=\"color: #000080;font-family: tahoma, arial, helvetica, sans-serif;font-size: 12pt\"><a style=\"color: #000080\" href=\"http:\/\/blogsaverroes.juntadeandalucia.es\/orientacionalmeria\/files\/2013\/05\/Anexo-I_Solicitud-.pdf\" target=\"_blank\" rel=\"noopener noreferrer\"><img loading=\"lazy\" decoding=\"async\" class=\"alignleft wp-image-1148\" src=\"http:\/\/blogsaverroes.juntadeandalucia.es\/orientacionalmeria\/files\/2013\/05\/pdf-e1386182417574.png\" alt=\"\" width=\"21\" height=\"21\" srcset=\"https:\/\/blogsaverroes.juntadeandalucia.es\/orientacionalmeria\/files\/2013\/05\/pdf-e1386182417574.png 38w, https:\/\/blogsaverroes.juntadeandalucia.es\/orientacionalmeria\/files\/2013\/05\/pdf-e1386182417574-24x24.png 24w, https:\/\/blogsaverroes.juntadeandalucia.es\/orientacionalmeria\/files\/2013\/05\/pdf-e1386182417574-36x36.png 36w\" sizes=\"(max-width: 21px) 100vw, 21px\" \/><\/a><a style=\"color: #000080\" href=\"https:\/\/blogsaverroes.juntadeandalucia.es\/orientacionalmeria\/files\/2013\/05\/instrucciones_ayudas_tecnicas-1.pdf\">Instrucciones de 25 de Enero de 2017 de la Direcci\u00f3n General de Participaci\u00f3n y Equidad y de la Agencia P\u00fablica Andaluza de Educaci\u00f3n por la que se regula el procedimiento para la dotaci\u00f3n de recursos de materiales espec\u00edficos para el alumnado con necesidades educativas especiales asociadas a discapacidad.<\/a><\/span><\/li>\n<li><span style=\"color: #000080;font-family: tahoma, arial, helvetica, sans-serif;font-size: 12pt\"><strong>ANEXOS:<\/strong><\/span><\/li>\n<li><span style=\"color: #000080;font-family: tahoma, arial, helvetica, sans-serif;font-size: 12pt\"><a style=\"color: #000080\" href=\"https:\/\/blogsaverroes.juntadeandalucia.es\/orientacionalmeria\/files\/2018\/09\/02_anexo-I-recursos-materiales-espec\u00edficos-PDF-DEF.pdf\">Anexo I. Solicitud de recursos materiales espec\u00edficos por parte del equipo directivo<\/a><\/span><\/li>\n<li><span style=\"color: #000080;font-family: tahoma, arial, helvetica, sans-serif;font-size: 12pt\"><a style=\"color: #000080\" href=\"https:\/\/blogsaverroes.juntadeandalucia.es\/orientacionalmeria\/files\/2018\/09\/03_RECEPCION-MATERIAL-DEF-PDF.pdf\">Anexo II. Comunicaci\u00f3n de la recepci\u00f3n del recurso material espec\u00edfico en el centro docente<\/a><\/span><\/li>\n<li><span style=\"color: #000080;font-family: tahoma, arial, helvetica, sans-serif;font-size: 12pt\"><a style=\"color: #000080\" href=\"https:\/\/blogsaverroes.juntadeandalucia.es\/orientacionalmeria\/files\/2018\/09\/04_anexo-III-PR\u00c9STAMO-RECURSO-MATERIAL-FUERA-CENTRO-pdf.pdf\">Anexo III. Pr\u00e9stamo de un recurso material espec\u00edfico para su uso fuera del centro<\/a><\/span><\/li>\n<li><span style=\"color: #000080;font-family: tahoma, arial, helvetica, sans-serif;font-size: 12pt\"><a style=\"color: #000080\" href=\"https:\/\/blogsaverroes.juntadeandalucia.es\/orientacionalmeria\/files\/2018\/09\/05_anexo-IV-TRANSFERENCIA-TRASLADO-PDF.pdf\">Anexo IV. Autorizaci\u00f3n para uso de recursos materiales espec\u00edficos de Transferencia-Traslado (movilidad reducida)<\/a><\/span><\/li>\n<li><span style=\"color: #000080;font-family: tahoma, arial, helvetica, sans-serif;font-size: 12pt\"><a style=\"color: #000080\" href=\"https:\/\/blogsaverroes.juntadeandalucia.es\/orientacionalmeria\/files\/2018\/09\/06_ANEXO_RETIRADA_RELLENABLE.pdf\">Anexo Retirada. Comunicaci\u00f3n de la retirada del recurso material espec\u00edfico en el Centro Docente<\/a><\/span><\/li>\n<li><span style=\"color: #000080;font-family: tahoma, arial, helvetica, sans-serif;font-size: 12pt\"><a style=\"color: #000080\" href=\"https:\/\/blogsaverroes.juntadeandalucia.es\/orientacionalmeria\/files\/2018\/09\/07_ANEXO_TRASLADO_RELLENABLE.pdf\">Anexo Traslado. Comunicaci\u00f3n del traslado de alumnado con recursos materiales espec\u00edficos a otro centro docente<\/a><\/span><\/li>\n<li><span style=\"color: #000080;font-family: tahoma, arial, helvetica, sans-serif;font-size: 12pt\"><a style=\"color: #000080\" href=\"https:\/\/blogsaverroes.juntadeandalucia.es\/orientacionalmeria\/files\/2018\/09\/08_ANEXO_TRASLADO_CURSO_PROXIMO_RELLENABLE.pdf\">Anexo Traslado para el curso pr\u00f3ximo. Comunicaci\u00f3n del traslado de alumnado con recursos espec\u00edficos a otro centro docente<\/a><\/span><\/li>\n<li><span style=\"color: #000080;font-family: tahoma, arial, helvetica, sans-serif;font-size: 12pt\"><a style=\"color: #000080\" href=\"https:\/\/blogsaverroes.juntadeandalucia.es\/orientacionalmeria\/files\/2018\/09\/09_Manual-env\u00edo-baja-material-Seneca-para-solicitud-de-retiradas.pdf\">09_Manual env\u00edo baja material Seneca para solicitud de retiradas<\/a><\/span><\/li>\n<li><span style=\"color: #000080;font-family: tahoma, arial, helvetica, sans-serif;font-size: 12pt\"><a style=\"color: #000080\" href=\"https:\/\/blogsaverroes.juntadeandalucia.es\/orientacionalmeria\/files\/2018\/09\/10_resumen-procedimiento.pdf\">10_resumen-procedimiento<\/a><a style=\"color: #000080\" href=\"https:\/\/blogsaverroes.juntadeandalucia.es\/orientacionalmeria\/files\/2018\/09\/11_resumen-normas-de-centro-receptor.pdf\">11_resumen-normas-de-centro-receptor<\/a><\/span><\/li>\n<\/ul>\n<ul style=\"list-style-type: disc\">\n<li><span style=\"font-family: tahoma, arial, helvetica, sans-serif;font-size: 12pt;color: #000080\"><a style=\"color: #000080\" href=\"https:\/\/blogsaverroes.juntadeandalucia.es\/orientacionalmeria\/files\/2013\/05\/RECURSOS.pdf\" target=\"_blank\" rel=\"noopener noreferrer\">Recursos digitalizados interactivos para la tutor\u00eda con alumnado de necesidades educativas especiales<\/a> Orientadores y orientadoras de la zona de Linares-And\u00fajar (Ja\u00e9n)<\/span><\/li>\n<li><span style=\"font-family: tahoma, arial, helvetica, sans-serif;font-size: 12pt;color: #000080\"><a style=\"color: #000080\" href=\"https:\/\/blogsaverroes.juntadeandalucia.es\/orientacionalmeria\/files\/2013\/05\/GuiaMultimediaNEE-1.pdf\" target=\"_blank\" rel=\"noopener noreferrer\">Gu\u00eda multimedia de recursos educativos para alumnado con necesidades educativas especiales.<\/a>Centro del Profesorado y de Recursos de Gij\u00f3n.<\/span><\/li>\n<li><span style=\"font-family: tahoma, arial, helvetica, sans-serif;font-size: 12pt;color: #000080\"><a style=\"color: #000080\" href=\"http:\/\/guiadis.discapnet.es\/\" target=\"_blank\" rel=\"noopener noreferrer\">Gu\u00eda de Ayudas a la discapacidad.Buscador web<\/a><a style=\"color: #000080\" href=\"https:\/\/blogsaverroes.juntadeandalucia.es\/orientacionalmeria\/files\/2018\/09\/11_resumen-normas-de-centro-receptor.pdf\">11_resumen-normas-de-centro-receptor<\/a><\/span><\/li>\n<\/ul>\n","protected":false},"excerpt":{"rendered":"<p>Dotaci\u00f3n de recursos materiales espec\u00edficos para el alumnado con necesidades educativas especiales asociadas a discapacidad: PROCEDIMIENTO PARA LA SOLICITUD, TRASLADO Y RETIRADA DE RECURSOS PARA ALUMNADO CON NECESIDADES EDUCATIVAS ESPECIALES 00_PROCEDIMIENTO_Solicitud_Traslado_RetiradaRECURSOS_AlumnadoNEE Instrucciones de 25&#46;&#46;&#46;<\/p>\n","protected":false},"author":4749,"featured_media":0,"parent":0,"menu_order":0,"comment_status":"closed","ping_status":"closed","template":"","meta":{"ngg_post_thumbnail":0,"footnotes":"","_mc_calendar":[]},"aioseo_notices":[],"_links":{"self":[{"href":"https:\/\/blogsaverroes.juntadeandalucia.es\/orientacionalmeria\/wp-json\/wp\/v2\/pages\/5072"}],"collection":[{"href":"https:\/\/blogsaverroes.juntadeandalucia.es\/orientacionalmeria\/wp-json\/wp\/v2\/pages"}],"about":[{"href":"https:\/\/blogsaverroes.juntadeandalucia.es\/orientacionalmeria\/wp-json\/wp\/v2\/types\/page"}],"author":[{"embeddable":true,"href":"https:\/\/blogsaverroes.juntadeandalucia.es\/orientacionalmeria\/wp-json\/wp\/v2\/users\/4749"}],"replies":[{"embeddable":true,"href":"https:\/\/blogsaverroes.juntadeandalucia.es\/orientacionalmeria\/wp-json\/wp\/v2\/comments?post=5072"}],"version-history":[{"count":7,"href":"https:\/\/blogsaverroes.juntadeandalucia.es\/orientacionalmeria\/wp-json\/wp\/v2\/pages\/5072\/revisions"}],"predecessor-version":[{"id":5637,"href":"https:\/\/blogsaverroes.juntadeandalucia.es\/orientacionalmeria\/wp-json\/wp\/v2\/pages\/5072\/revisions\/5637"}],"wp:attachment":[{"href":"https:\/\/blogsaverroes.juntadeandalucia.es\/orientacionalmeria\/wp-json\/wp\/v2\/media?parent=5072"}],"curies":[{"name":"wp","href":"https:\/\/api.w.org\/{rel}","templated":true}]}}