{"id":5105,"date":"2022-03-29T09:13:02","date_gmt":"2022-03-29T08:13:02","guid":{"rendered":"https:\/\/blogsaverroes.juntadeandalucia.es\/orientacionalmeria\/?page_id=5105"},"modified":"2026-03-26T10:13:32","modified_gmt":"2026-03-26T09:13:32","slug":"coordinador","status":"publish","type":"page","link":"https:\/\/blogsaverroes.juntadeandalucia.es\/orientacionalmeria\/coordinador\/","title":{"rendered":"ETPOEP ALMERIA"},"content":{"rendered":"<p><img loading=\"lazy\" decoding=\"async\" class=\"aligncenter\" src=\"https:\/\/blogsaverroes.juntadeandalucia.es\/orientacionalmeria\/files\/2022\/03\/FOTO-MARI%CC%81A-768x570.jpg\" alt=\"\" width=\"768\" height=\"570\"\/><\/p>\n<p style=\"text-align: center\"><span style=\"font-size: 18pt;color: #ff0000\"><strong>EQUIPO T\u00c9CNICO PROVINCIAL DE ORIENTACI\u00d3N EDUCATIVA Y PROFESIONAL DE ALMERIA<\/strong><\/span><\/p>\n<p style=\"text-align: left\"><span style=\"font-size: 16pt\"><strong>MARIA DIAZ ONTIVEROS. <\/strong>Coordinadora ETPOEP Almer\u00eda.&nbsp; maria.d.ontiveros.edu@juntadeandalucia.es&nbsp;950004629 \/ 704629<\/span><\/p>\n<p><strong>ELISA I. VARGAS RODRIGUEZ.&nbsp;<\/strong>Coordinadora del \u00e1rea de Compensaci\u00f3n Educativa. elisa.vargas.edu@juntadeandalucia.es 950004627 \/ 704627<\/p>\n<p><strong>ELENA I. RODRIGUEZ GARCIA.&nbsp;<\/strong>Coordinadora del \u00e1rea de Orientaci\u00f3n Vocacional y Profesional. elenai.rodriguez.edu@juntadeandalucia.es&nbsp; 950004633 \/ 704633<\/p>\n<p><strong>MARIA DEL CARMEN CONTRERAS GONZALEZ<\/strong>. Coordinadora del \u00e1rea de Apoyo a la Funci\u00f3n Tutorial del Profesorado y de Asesoramiento sobre Convivencia Escolar<\/p>\n<p>mariac.contreras.edu@juntadeandalucia.es&nbsp; 950004630\/ 704630<\/p>\n<p><strong>MARIA DOLORES ANDUJAR<\/strong> <strong>TORTELLA.<\/strong> Coordinadora del \u00e1rea de Atenci\u00f3n a las Necesidades Educativas Especiales&nbsp; mariad.andujar.edu@juntadeandalucia.es 950004632 \/ 704632<\/p>\n<p><strong>ANA ROS MART\u00cdNEZ.<\/strong> Coordinador del \u00e1rea de Recursos T\u00e9cnicos. ana.ros.edu@juntadeandalucia.es 950004631\/ 704631<\/p>\n<p>&nbsp;<\/p>\n<p>&nbsp;<\/p>\n<p>&nbsp;<\/p>\n","protected":false},"excerpt":{"rendered":"<p>EQUIPO T\u00c9CNICO PROVINCIAL DE ORIENTACI\u00d3N EDUCATIVA Y PROFESIONAL DE ALMERIA MARIA DIAZ ONTIVEROS. Coordinadora ETPOEP Almer\u00eda.&nbsp; maria.d.ontiveros.edu@juntadeandalucia.es&nbsp;950004629 \/ 704629 ELISA I. VARGAS RODRIGUEZ.&nbsp;Coordinadora del \u00e1rea de Compensaci\u00f3n Educativa. elisa.vargas.edu@juntadeandalucia.es 950004627 \/ 704627 ELENA I.&#46;&#46;&#46;<\/p>\n","protected":false},"author":4749,"featured_media":0,"parent":0,"menu_order":0,"comment_status":"closed","ping_status":"closed","template":"","meta":{"ngg_post_thumbnail":0,"footnotes":"","_mc_calendar":[]},"aioseo_notices":[],"_links":{"self":[{"href":"https:\/\/blogsaverroes.juntadeandalucia.es\/orientacionalmeria\/wp-json\/wp\/v2\/pages\/5105"}],"collection":[{"href":"https:\/\/blogsaverroes.juntadeandalucia.es\/orientacionalmeria\/wp-json\/wp\/v2\/pages"}],"about":[{"href":"https:\/\/blogsaverroes.juntadeandalucia.es\/orientacionalmeria\/wp-json\/wp\/v2\/types\/page"}],"author":[{"embeddable":true,"href":"https:\/\/blogsaverroes.juntadeandalucia.es\/orientacionalmeria\/wp-json\/wp\/v2\/users\/4749"}],"replies":[{"embeddable":true,"href":"https:\/\/blogsaverroes.juntadeandalucia.es\/orientacionalmeria\/wp-json\/wp\/v2\/comments?post=5105"}],"version-history":[{"count":22,"href":"https:\/\/blogsaverroes.juntadeandalucia.es\/orientacionalmeria\/wp-json\/wp\/v2\/pages\/5105\/revisions"}],"predecessor-version":[{"id":5767,"href":"https:\/\/blogsaverroes.juntadeandalucia.es\/orientacionalmeria\/wp-json\/wp\/v2\/pages\/5105\/revisions\/5767"}],"wp:attachment":[{"href":"https:\/\/blogsaverroes.juntadeandalucia.es\/orientacionalmeria\/wp-json\/wp\/v2\/media?parent=5105"}],"curies":[{"name":"wp","href":"https:\/\/api.w.org\/{rel}","templated":true}]}}