{"id":5173,"date":"2022-03-29T12:58:54","date_gmt":"2022-03-29T11:58:54","guid":{"rendered":"https:\/\/blogsaverroes.juntadeandalucia.es\/orientacionalmeria\/?page_id=5173"},"modified":"2022-12-20T10:16:08","modified_gmt":"2022-12-20T09:16:08","slug":"buenas-practicas","status":"publish","type":"page","link":"https:\/\/blogsaverroes.juntadeandalucia.es\/orientacionalmeria\/buenas-practicas\/","title":{"rendered":"BUENAS PR\u00c1CTICAS"},"content":{"rendered":"<p>COORDINAC\u00d3N DE BIENESTAR SOCIAL Y PROTECCI\u00d3N A LA INFANCIA<br \/>\nADOLESCENCIA<br \/>\n<a class=\"moz-txt-link-freetext\" href=\"https:\/\/view.genial.ly\/6342ad829ab4bd0018c4f439\/interactive\">https:\/\/view.genial.ly\/6342ad829ab4bd0018c4f439\/interactive<\/a> content timeline<br \/>\ncorporativoilustrado<\/p>\n<p>DUELO EN EL CENTRO EDUCATIVO<br \/>\n<a class=\"moz-txt-link-freetext\" href=\"https:\/\/view.genial.ly\/5ed8b7291020020d02d22e2e\/horizontal\">https:\/\/view.genial.ly\/5ed8b7291020020d02d22e2e\/horizontal<\/a><br \/>\ninfographic review dueloen<\/p>\n<p>EOEE ESPECIALIZADO<br \/>\nDISLEXIA<br \/>\n<a class=\"moz-txt-link-freetext\" href=\"https:\/\/view.genial.ly\/6299ccc4907c490018ad97b8\/presentation\">https:\/\/view.genial.ly\/6299ccc4907c490018ad97b8\/presentation<\/a> prevenci\u00f3n dificultades<br \/>\nlectoras<\/p>\n<p>BUENAS PR\u00c1CTICAS ;<br \/>\n<a class=\"moz-txt-link-freetext\" href=\"https:\/\/padlet.com\/iparram1\/ijl4bnag8cf531t1\">https:\/\/padlet.com\/iparram1\/ijl4bnag8cf531t1<\/a><br \/>\n<a class=\"moz-txt-link-freetext\" href=\"https:\/\/blogsaverroes.juntadeandalucia.es\/orientacionalmeria\/\">https:\/\/blogsaverroes.juntadeandalucia.es\/orientacionalmeria\/<\/a><\/p>\n<p>EOE OLULA<\/p>\n<p>https:\/\/drive.google.com\/drive\/folders\/1AO4BUL7NhpGEQiTxzrpHD4xaDcCL6ZP1?usp=share_link<\/p>\n<p>&nbsp;<\/p>\n<p>&nbsp;<\/p>\n","protected":false},"excerpt":{"rendered":"<p>COORDINAC\u00d3N DE BIENESTAR SOCIAL Y PROTECCI\u00d3N A LA INFANCIA ADOLESCENCIA https:\/\/view.genial.ly\/6342ad829ab4bd0018c4f439\/interactive content timeline corporativoilustrado DUELO EN EL CENTRO EDUCATIVO https:\/\/view.genial.ly\/5ed8b7291020020d02d22e2e\/horizontal infographic review dueloen EOEE ESPECIALIZADO DISLEXIA https:\/\/view.genial.ly\/6299ccc4907c490018ad97b8\/presentation prevenci\u00f3n dificultades lectoras BUENAS PR\u00c1CTICAS ; https:\/\/padlet.com\/iparram1\/ijl4bnag8cf531t1&#46;&#46;&#46;<\/p>\n","protected":false},"author":4749,"featured_media":0,"parent":0,"menu_order":0,"comment_status":"closed","ping_status":"closed","template":"","meta":{"ngg_post_thumbnail":0,"footnotes":"","_mc_calendar":[]},"aioseo_notices":[],"_links":{"self":[{"href":"https:\/\/blogsaverroes.juntadeandalucia.es\/orientacionalmeria\/wp-json\/wp\/v2\/pages\/5173"}],"collection":[{"href":"https:\/\/blogsaverroes.juntadeandalucia.es\/orientacionalmeria\/wp-json\/wp\/v2\/pages"}],"about":[{"href":"https:\/\/blogsaverroes.juntadeandalucia.es\/orientacionalmeria\/wp-json\/wp\/v2\/types\/page"}],"author":[{"embeddable":true,"href":"https:\/\/blogsaverroes.juntadeandalucia.es\/orientacionalmeria\/wp-json\/wp\/v2\/users\/4749"}],"replies":[{"embeddable":true,"href":"https:\/\/blogsaverroes.juntadeandalucia.es\/orientacionalmeria\/wp-json\/wp\/v2\/comments?post=5173"}],"version-history":[{"count":4,"href":"https:\/\/blogsaverroes.juntadeandalucia.es\/orientacionalmeria\/wp-json\/wp\/v2\/pages\/5173\/revisions"}],"predecessor-version":[{"id":5522,"href":"https:\/\/blogsaverroes.juntadeandalucia.es\/orientacionalmeria\/wp-json\/wp\/v2\/pages\/5173\/revisions\/5522"}],"wp:attachment":[{"href":"https:\/\/blogsaverroes.juntadeandalucia.es\/orientacionalmeria\/wp-json\/wp\/v2\/media?parent=5173"}],"curies":[{"name":"wp","href":"https:\/\/api.w.org\/{rel}","templated":true}]}}