{"id":5226,"date":"2022-04-01T09:30:26","date_gmt":"2022-04-01T08:30:26","guid":{"rendered":"https:\/\/blogsaverroes.juntadeandalucia.es\/orientacionalmeria\/?page_id=5226"},"modified":"2022-12-15T10:44:55","modified_gmt":"2022-12-15T09:44:55","slug":"dos","status":"publish","type":"page","link":"https:\/\/blogsaverroes.juntadeandalucia.es\/orientacionalmeria\/dos\/","title":{"rendered":"DOs"},"content":{"rendered":"<p>Los Centros de Educaci\u00f3n Secundaria cuentan con un Departamento de Orientaci\u00f3n que concreta, a trav\u00e9s del plan de orientaci\u00f3n y acci\u00f3n tutorial, como elemento del proyecto educativo, los programas y actuaciones a realizar, en relaci\u00f3n con el desarrollo personal, el apoyo a los procesos de ense\u00f1anza y aprendizaje y el desarrollo del proyecto vital y profesional.<\/p>\n<p>La composici\u00f3n del Departamento de Orientaci\u00f3n y sus funciones est\u00e1n recogidas tanto en el DECRETO 327\/2010, de 13 de julio, por el que se aprueba el Reglamento Org\u00e1nico de los Institutos de Educaci\u00f3n Secundaria, como en la ORDEN de 20 de agosto de 2010, que lo desarrolla.<\/p>\n<p><strong><u>Componentes del DO:<\/u><\/strong><\/p>\n<p>&#8211; El profesorado perteneciente a la especialidad de Orientaci\u00f3n Educativa.<\/p>\n<p>&#8211; Los Maestros especialistas en Educaci\u00f3n Especial y en Audici\u00f3n y Lenguaje.<\/p>\n<p>&#8211; El profesorado responsable de los programas de atenci\u00f3n a la diversidad.<\/p>\n<p><strong><u>Art. 86. Funciones del Profesorado perteneciente a la Especialidad de Orientaci\u00f3n Educativa (Decreto 327\/2010):<\/u><\/strong><\/p>\n<p>Realizar la evaluaci\u00f3n psicopedag\u00f3gica del alumnado, de acuerdo con lo previsto en la normativa vigente.<\/p>\n<p>Asistir a aquellas sesiones de evaluaci\u00f3n que se establezcan de acuerdo con el equipo directivo del instituto.<\/p>\n<p>Asesorar al profesorado en el desarrollo del curr\u00edculo sobre el ajuste del proceso de ense\u00f1anza y aprendizaje a las necesidades del alumnado.<\/p>\n<p>Asesorar a la comunidad educativa en la aplicaci\u00f3n de medidas relacionadas con la mediaci\u00f3n, resoluci\u00f3n y regulaci\u00f3n de conflictos en el \u00e1mbito escolar.<\/p>\n<p>Asesorar al equipo directivo y al profesorado en la aplicaci\u00f3n de las diferentes actuaciones y medidas de atenci\u00f3n a la diversidad, especialmente las orientadas al alumnado que presente necesidades espec\u00edficas de apoyo educativo.<\/p>\n<p style=\"text-align: center\">&nbsp;<\/p>\n","protected":false},"excerpt":{"rendered":"<p>Los Centros de Educaci\u00f3n Secundaria cuentan con un Departamento de Orientaci\u00f3n que concreta, a trav\u00e9s del plan de orientaci\u00f3n y acci\u00f3n tutorial, como elemento del proyecto educativo, los programas y actuaciones a realizar, en&#46;&#46;&#46;<\/p>\n","protected":false},"author":4749,"featured_media":0,"parent":0,"menu_order":0,"comment_status":"closed","ping_status":"closed","template":"","meta":{"ngg_post_thumbnail":0,"footnotes":"","_mc_calendar":[]},"aioseo_notices":[],"_links":{"self":[{"href":"https:\/\/blogsaverroes.juntadeandalucia.es\/orientacionalmeria\/wp-json\/wp\/v2\/pages\/5226"}],"collection":[{"href":"https:\/\/blogsaverroes.juntadeandalucia.es\/orientacionalmeria\/wp-json\/wp\/v2\/pages"}],"about":[{"href":"https:\/\/blogsaverroes.juntadeandalucia.es\/orientacionalmeria\/wp-json\/wp\/v2\/types\/page"}],"author":[{"embeddable":true,"href":"https:\/\/blogsaverroes.juntadeandalucia.es\/orientacionalmeria\/wp-json\/wp\/v2\/users\/4749"}],"replies":[{"embeddable":true,"href":"https:\/\/blogsaverroes.juntadeandalucia.es\/orientacionalmeria\/wp-json\/wp\/v2\/comments?post=5226"}],"version-history":[{"count":7,"href":"https:\/\/blogsaverroes.juntadeandalucia.es\/orientacionalmeria\/wp-json\/wp\/v2\/pages\/5226\/revisions"}],"predecessor-version":[{"id":5509,"href":"https:\/\/blogsaverroes.juntadeandalucia.es\/orientacionalmeria\/wp-json\/wp\/v2\/pages\/5226\/revisions\/5509"}],"wp:attachment":[{"href":"https:\/\/blogsaverroes.juntadeandalucia.es\/orientacionalmeria\/wp-json\/wp\/v2\/media?parent=5226"}],"curies":[{"name":"wp","href":"https:\/\/api.w.org\/{rel}","templated":true}]}}