{"id":5638,"date":"2023-11-23T10:05:10","date_gmt":"2023-11-23T09:05:10","guid":{"rendered":"https:\/\/blogsaverroes.juntadeandalucia.es\/orientacionalmeria\/?page_id=5638"},"modified":"2025-09-09T08:29:01","modified_gmt":"2025-09-09T07:29:01","slug":"bienestar-emocional","status":"publish","type":"page","link":"https:\/\/blogsaverroes.juntadeandalucia.es\/orientacionalmeria\/bienestar-emocional\/","title":{"rendered":"Bienestar Emocional"},"content":{"rendered":"<p><span style=\"color: #ff0000\"><strong>EQUIPO DE BIENESTAR EMOCIONAL. ALMER\u00cdA<\/strong><\/span><\/p>\n<p>EMAIL del Equipo de Bienestar Emocional de Almer\u00eda: bienestaremocional.dpal.ced@juntadeandalucia.es<\/p>\n<p>&nbsp;<\/p>\n<p><span style=\"color: #ff0000\"><strong>Componentes:<\/strong><\/span><\/p>\n<ol>\n<li>Rosa Mar\u00eda Mar\u00edn Zapata&nbsp; &nbsp; tel\u00e9fono de contacto: 628 386 854 (616560). Zona de referencia: Centros de las zonas de influencia del EOE Almer\u00eda-Urci, EOE Aguadulce, EOE Berja, EOE El Ejido, EOE Adra, y EOE Fi\u00f1ana<\/li>\n<li>MARIA ANGELES CRUZ ROMERO tel\u00e9fono de contacto: 648 565 381 (616544). Zona de referencia: Centros de las zonas de influencia del EOE Almer\u00eda-M\u00f3nsul, EOE Cuevas del Almanzora, EOE V\u00e9lez Rubio, EOE Hu\u00e9rcal Overa, y EOE Nijar<\/li>\n<li>MONTSERRAT S\u00c1EZ RUIZ&nbsp; tel\u00e9fono de contacto: 671 530 924 (630924). Zona de referencia: Centros de las zonas de influencia del EOE Almer\u00eda-Alcazaba, EOE Alhama de Almer\u00eda, EOE Tabernas, EOE Olula del R\u00edo, y EOE V\u00edcar<\/li>\n<\/ol>\n","protected":false},"excerpt":{"rendered":"<p>EQUIPO DE BIENESTAR EMOCIONAL. ALMER\u00cdA EMAIL del Equipo de Bienestar Emocional de Almer\u00eda: bienestaremocional.dpal.ced@juntadeandalucia.es &nbsp; Componentes: Rosa Mar\u00eda Mar\u00edn Zapata&nbsp; &nbsp; tel\u00e9fono de contacto: 628 386 854 (616560). Zona de referencia: Centros de las&#46;&#46;&#46;<\/p>\n","protected":false},"author":4749,"featured_media":0,"parent":0,"menu_order":0,"comment_status":"closed","ping_status":"closed","template":"","meta":{"ngg_post_thumbnail":0,"footnotes":"","_mc_calendar":[]},"aioseo_notices":[],"_links":{"self":[{"href":"https:\/\/blogsaverroes.juntadeandalucia.es\/orientacionalmeria\/wp-json\/wp\/v2\/pages\/5638"}],"collection":[{"href":"https:\/\/blogsaverroes.juntadeandalucia.es\/orientacionalmeria\/wp-json\/wp\/v2\/pages"}],"about":[{"href":"https:\/\/blogsaverroes.juntadeandalucia.es\/orientacionalmeria\/wp-json\/wp\/v2\/types\/page"}],"author":[{"embeddable":true,"href":"https:\/\/blogsaverroes.juntadeandalucia.es\/orientacionalmeria\/wp-json\/wp\/v2\/users\/4749"}],"replies":[{"embeddable":true,"href":"https:\/\/blogsaverroes.juntadeandalucia.es\/orientacionalmeria\/wp-json\/wp\/v2\/comments?post=5638"}],"version-history":[{"count":7,"href":"https:\/\/blogsaverroes.juntadeandalucia.es\/orientacionalmeria\/wp-json\/wp\/v2\/pages\/5638\/revisions"}],"predecessor-version":[{"id":5758,"href":"https:\/\/blogsaverroes.juntadeandalucia.es\/orientacionalmeria\/wp-json\/wp\/v2\/pages\/5638\/revisions\/5758"}],"wp:attachment":[{"href":"https:\/\/blogsaverroes.juntadeandalucia.es\/orientacionalmeria\/wp-json\/wp\/v2\/media?parent=5638"}],"curies":[{"name":"wp","href":"https:\/\/api.w.org\/{rel}","templated":true}]}}