{"id":13,"date":"2015-05-02T21:33:03","date_gmt":"2015-05-02T21:33:03","guid":{"rendered":"http:\/\/blogsaverroes.juntadeandalucia.es\/orientaciondeperragorda\/?page_id=13"},"modified":"2015-05-04T00:11:31","modified_gmt":"2015-05-04T00:11:31","slug":"quienes-somos","status":"publish","type":"page","link":"https:\/\/blogsaverroes.juntadeandalucia.es\/orientaciondeperragorda\/quienes-somos\/","title":{"rendered":"\u00bfQui\u00e9nes somos?"},"content":{"rendered":"<p>Soy un docente con una experiencia en todas las ense\u00f1anzas no universitarias, que pretende ayudar a los diferentes miembros de la comunidad educativa y, a trav\u00e9s de esa ayuda, aprender constantemente.<br \/>\n<a href=\"http:\/\/blogsaverroes.juntadeandalucia.es\/orientaciondeperragorda\/files\/2015\/05\/\u00edndice.jpeg\"><img loading=\"lazy\" decoding=\"async\" src=\"http:\/\/blogsaverroes.juntadeandalucia.es\/orientaciondeperragorda\/files\/2015\/05\/\u00edndice-300x164.jpeg\" alt=\"\u00edndice\" width=\"300\" height=\"164\" class=\"alignnone size-medium wp-image-46\" srcset=\"https:\/\/blogsaverroes.juntadeandalucia.es\/orientaciondeperragorda\/files\/2015\/05\/\u00edndice-300x164.jpeg 300w, https:\/\/blogsaverroes.juntadeandalucia.es\/orientaciondeperragorda\/files\/2015\/05\/\u00edndice.jpeg 303w\" sizes=\"(max-width: 300px) 100vw, 300px\" \/><\/a><\/p>\n","protected":false},"excerpt":{"rendered":"<p>Soy un docente con una experiencia en todas las ense\u00f1anzas no universitarias, que pretende ayudar a los diferentes miembros de la comunidad educativa y, a trav\u00e9s de esa ayuda, aprender constantemente.<\/p>\n","protected":false},"author":1763,"featured_media":0,"parent":0,"menu_order":0,"comment_status":"open","ping_status":"open","template":"","meta":{"ngg_post_thumbnail":0,"footnotes":""},"aioseo_notices":[],"_links":{"self":[{"href":"https:\/\/blogsaverroes.juntadeandalucia.es\/orientaciondeperragorda\/wp-json\/wp\/v2\/pages\/13"}],"collection":[{"href":"https:\/\/blogsaverroes.juntadeandalucia.es\/orientaciondeperragorda\/wp-json\/wp\/v2\/pages"}],"about":[{"href":"https:\/\/blogsaverroes.juntadeandalucia.es\/orientaciondeperragorda\/wp-json\/wp\/v2\/types\/page"}],"author":[{"embeddable":true,"href":"https:\/\/blogsaverroes.juntadeandalucia.es\/orientaciondeperragorda\/wp-json\/wp\/v2\/users\/1763"}],"replies":[{"embeddable":true,"href":"https:\/\/blogsaverroes.juntadeandalucia.es\/orientaciondeperragorda\/wp-json\/wp\/v2\/comments?post=13"}],"version-history":[{"count":3,"href":"https:\/\/blogsaverroes.juntadeandalucia.es\/orientaciondeperragorda\/wp-json\/wp\/v2\/pages\/13\/revisions"}],"predecessor-version":[{"id":47,"href":"https:\/\/blogsaverroes.juntadeandalucia.es\/orientaciondeperragorda\/wp-json\/wp\/v2\/pages\/13\/revisions\/47"}],"wp:attachment":[{"href":"https:\/\/blogsaverroes.juntadeandalucia.es\/orientaciondeperragorda\/wp-json\/wp\/v2\/media?parent=13"}],"curies":[{"name":"wp","href":"https:\/\/api.w.org\/{rel}","templated":true}]}}