{"id":58,"date":"2015-05-04T00:56:24","date_gmt":"2015-05-04T00:56:24","guid":{"rendered":"http:\/\/blogsaverroes.juntadeandalucia.es\/orientaciondeperragorda\/?page_id=58"},"modified":"2015-05-04T00:56:24","modified_gmt":"2015-05-04T00:56:24","slug":"enlaces-a-documentos","status":"publish","type":"page","link":"https:\/\/blogsaverroes.juntadeandalucia.es\/orientaciondeperragorda\/enlaces-a-documentos\/","title":{"rendered":"Enlaces a documentos"},"content":{"rendered":"<p><a href=\"http:\/\/blogsaverroes.juntadeandalucia.es\/orientaciondeperragorda\/files\/2015\/05\/images.jpeg\"><img loading=\"lazy\" decoding=\"async\" src=\"http:\/\/blogsaverroes.juntadeandalucia.es\/orientaciondeperragorda\/files\/2015\/05\/images.jpeg\" alt=\"images\" width=\"160\" height=\"135\" class=\"alignnone size-full wp-image-59\" \/><\/a><\/p>\n<p>Aqu\u00ed ten\u00e9is los enlaces a los documentos de vuestro inter\u00e9s.<\/p>\n","protected":false},"excerpt":{"rendered":"<p>Aqu\u00ed ten\u00e9is los enlaces a los documentos de vuestro inter\u00e9s.<\/p>\n","protected":false},"author":1763,"featured_media":0,"parent":0,"menu_order":0,"comment_status":"open","ping_status":"open","template":"","meta":{"ngg_post_thumbnail":0,"footnotes":""},"aioseo_notices":[],"_links":{"self":[{"href":"https:\/\/blogsaverroes.juntadeandalucia.es\/orientaciondeperragorda\/wp-json\/wp\/v2\/pages\/58"}],"collection":[{"href":"https:\/\/blogsaverroes.juntadeandalucia.es\/orientaciondeperragorda\/wp-json\/wp\/v2\/pages"}],"about":[{"href":"https:\/\/blogsaverroes.juntadeandalucia.es\/orientaciondeperragorda\/wp-json\/wp\/v2\/types\/page"}],"author":[{"embeddable":true,"href":"https:\/\/blogsaverroes.juntadeandalucia.es\/orientaciondeperragorda\/wp-json\/wp\/v2\/users\/1763"}],"replies":[{"embeddable":true,"href":"https:\/\/blogsaverroes.juntadeandalucia.es\/orientaciondeperragorda\/wp-json\/wp\/v2\/comments?post=58"}],"version-history":[{"count":1,"href":"https:\/\/blogsaverroes.juntadeandalucia.es\/orientaciondeperragorda\/wp-json\/wp\/v2\/pages\/58\/revisions"}],"predecessor-version":[{"id":60,"href":"https:\/\/blogsaverroes.juntadeandalucia.es\/orientaciondeperragorda\/wp-json\/wp\/v2\/pages\/58\/revisions\/60"}],"wp:attachment":[{"href":"https:\/\/blogsaverroes.juntadeandalucia.es\/orientaciondeperragorda\/wp-json\/wp\/v2\/media?parent=58"}],"curies":[{"name":"wp","href":"https:\/\/api.w.org\/{rel}","templated":true}]}}