{"id":1184,"date":"2021-05-06T21:31:24","date_gmt":"2021-05-06T19:31:24","guid":{"rendered":"https:\/\/blogsaverroes.juntadeandalucia.es\/orientacioniesvega\/?page_id=1184"},"modified":"2021-05-06T23:14:33","modified_gmt":"2021-05-06T21:14:33","slug":"ensenanzas-artisticas-y-deportivas","status":"publish","type":"page","link":"https:\/\/blogsaverroes.juntadeandalucia.es\/orientacioniesvega\/ensenanzas-artisticas-y-deportivas\/","title":{"rendered":"Ense\u00f1anzas Art\u00edsticas y Deportivas"},"content":{"rendered":"<table style=\"border-collapse: collapse;width: 94.3519188993483%;height: 971px\">\n<tbody>\n<tr style=\"height: 60px\">\n<td style=\"width: 100%;background-color: #cfcbf2;height: 60px\">\n<ul style=\"list-style-type: disc\">\n<li style=\"text-align: left\"><span style=\"font-size: 14pt\"><strong>&nbsp;ENSE\u00d1ANZAS ART\u00cdSTICAS. Magn\u00edfico genially creado por Noem\u00ed S\u00e1nchez<\/strong><\/span><\/li>\n<\/ul>\n<\/td>\n<\/tr>\n<tr style=\"height: 506px\">\n<td style=\"width: 100%;height: 506px\">\n<div style=\"width: 100%\">\n<div style=\"padding-bottom: 56.25%;padding-top: 0px;height: 0px;text-align: center\"><iframe loading=\"lazy\" src=\"https:\/\/view.genial.ly\/60133097a9ce380d7fc17bdf\" width=\"900px\" height=\"506px\" frameborder=\"0\" scrolling=\"yes\"><\/iframe><\/div>\n<\/div>\n<\/td>\n<\/tr>\n<tr style=\"height: 60px\">\n<td style=\"width: 100%;height: 60px;background-color: #cfcbf2\">\n<ul style=\"list-style-type: disc\">\n<li style=\"text-align: left\"><span style=\"font-size: 14pt\"><strong>ENSE\u00d1ANZAS DEPORTIVAS. Magn\u00edfico genially creado por Noem\u00ed S\u00e1nchez<\/strong><\/span><\/li>\n<\/ul>\n<\/td>\n<\/tr>\n<tr style=\"height: 490px\">\n<td style=\"width: 100%;height: 490px\">\n<div style=\"width: 100%\">\n<div style=\"padding-bottom: 50%;padding-top: 0px;height: 0px;text-align: center\"><iframe loading=\"lazy\" src=\"https:\/\/view.genial.ly\/60166b41dafa320d8b912cd7\" width=\"900px\" height=\"490px\" frameborder=\"0\" scrolling=\"yes\"><\/iframe><\/div>\n<\/div>\n<\/td>\n<\/tr>\n<\/tbody>\n<\/table>\n","protected":false},"excerpt":{"rendered":"<p>&nbsp;ENSE\u00d1ANZAS ART\u00cdSTICAS. Magn\u00edfico genially creado por Noem\u00ed S\u00e1nchez ENSE\u00d1ANZAS DEPORTIVAS. Magn\u00edfico genially creado por Noem\u00ed S\u00e1nchez<\/p>\n","protected":false},"author":7749,"featured_media":0,"parent":0,"menu_order":0,"comment_status":"closed","ping_status":"closed","template":"","meta":{"ngg_post_thumbnail":0,"footnotes":""},"aioseo_notices":[],"_links":{"self":[{"href":"https:\/\/blogsaverroes.juntadeandalucia.es\/orientacioniesvega\/wp-json\/wp\/v2\/pages\/1184"}],"collection":[{"href":"https:\/\/blogsaverroes.juntadeandalucia.es\/orientacioniesvega\/wp-json\/wp\/v2\/pages"}],"about":[{"href":"https:\/\/blogsaverroes.juntadeandalucia.es\/orientacioniesvega\/wp-json\/wp\/v2\/types\/page"}],"author":[{"embeddable":true,"href":"https:\/\/blogsaverroes.juntadeandalucia.es\/orientacioniesvega\/wp-json\/wp\/v2\/users\/7749"}],"replies":[{"embeddable":true,"href":"https:\/\/blogsaverroes.juntadeandalucia.es\/orientacioniesvega\/wp-json\/wp\/v2\/comments?post=1184"}],"version-history":[{"count":7,"href":"https:\/\/blogsaverroes.juntadeandalucia.es\/orientacioniesvega\/wp-json\/wp\/v2\/pages\/1184\/revisions"}],"predecessor-version":[{"id":1203,"href":"https:\/\/blogsaverroes.juntadeandalucia.es\/orientacioniesvega\/wp-json\/wp\/v2\/pages\/1184\/revisions\/1203"}],"wp:attachment":[{"href":"https:\/\/blogsaverroes.juntadeandalucia.es\/orientacioniesvega\/wp-json\/wp\/v2\/media?parent=1184"}],"curies":[{"name":"wp","href":"https:\/\/api.w.org\/{rel}","templated":true}]}}