{"id":119,"date":"2020-02-12T01:23:58","date_gmt":"2020-02-12T00:23:58","guid":{"rendered":"https:\/\/blogsaverroes.juntadeandalucia.es\/orientacioniesvega\/?page_id=119"},"modified":"2021-04-27T00:55:11","modified_gmt":"2021-04-26T22:55:11","slug":"que-he-de-saber","status":"publish","type":"page","link":"https:\/\/blogsaverroes.juntadeandalucia.es\/orientacioniesvega\/que-he-de-saber\/","title":{"rendered":"Razones para estudiar un CF de Grado Medio o Superior"},"content":{"rendered":"<table style=\"border-collapse: collapse;width: 100%\">\n<tbody>\n<tr>\n<td style=\"width: 100%\">\n<ul>\n<li style=\"list-style-type: none\">\n<ul style=\"list-style-type: square\">\n<li style=\"text-align: left\">Varias son <em><strong>las razones<\/strong><\/em> que pueden inducirte a estudiar un Ciclo Formativo: entre ellas hay cuatro poderosas:\n<ul style=\"list-style-type: circle\">\n<li>Las&nbsp;<strong>expectativas<\/strong>&nbsp;que poseas con respecto a lo que desees hacer en un futuro. Si &nbsp;tu intenci\u00f3n es incorporarte lo antes posible al mundo del trabajo a trav\u00e9s de una cualificaci\u00f3n de grado medio o superior, esta es tu opci\u00f3n.<\/li>\n<li>Tus&nbsp;<strong>capacidades<\/strong>. No basta con que tus expectativas sean incorporarte al mundo del trabajo lo antes posible, deber\u00e1s demostrar que has adquirido en la Educaci\u00f3n Secundaria Obligatoria unas habilidades que te permitan afrontar con \u00e9xito el CICLOS FORMATIVO, teniendo en cuenta el componente profesional que estos tienen.<\/li>\n<li>El&nbsp;<strong>esfuerzo<\/strong>&nbsp;que est\u00e1s dispuesto a realizar. Asumir que vas a hacer un Ciclo Formativo requiere por tu parte de una buena&nbsp;<strong>planificaci\u00f3n<\/strong>&nbsp;del estudio y una&nbsp;<strong>constancia<\/strong>&nbsp;que se traduce en:\n<ul style=\"list-style-type: disc\">\n<li>Asignarle unas horas fijas al estudio y estudiar diariamente.<\/li>\n<li>Prestarle especial atenci\u00f3n a aquellos m\u00f3dulos que consideres te van a costar m\u00e1s trabajo.<\/li>\n<li>Hacer una buena planificaci\u00f3n al preparar los ex\u00e1menes.<\/li>\n<li>Aprovechar las explicaciones y realizar los trabajos adecuadamente.\n<ul>\n<li>Esto es as\u00ed porque la memoria tiene una capacidad limitada y el conocimiento se asienta mejor si se trabaja diariamente.<\/li>\n<\/ul>\n<\/li>\n<\/ul>\n<\/li>\n<li>Tus&nbsp;<strong>intereses<\/strong>. En funci\u00f3n de lo que te guste vas a poder optar por al Ciclo Formativo que se adecue m\u00e1s a tus preferencias.<\/li>\n<\/ul>\n<\/li>\n<\/ul>\n<\/li>\n<\/ul>\n<p style=\"padding-left: 40px\">El esfuerzo que realices en Ciclo Formativo va a ser crucial para aprobar los m\u00f3dulos que lo componen. A este respecto Santiago Ram\u00f3n y Cajal, premio N\u00f3bel de medicina dijo:<\/p>\n<p style=\"text-align: center\"><em><span style=\"font-family: 'trebuchet ms', geneva, sans-serif;font-size: 18pt\"><strong>\u201cEl trabajo sustituye al talento, o mejor dicho: crea talento\u201d<\/strong><\/span><\/em><\/p>\n<\/td>\n<\/tr>\n<tr>\n<td style=\"width: 100%\">\n<ul style=\"list-style-type: disc\">\n<li style=\"text-align: left\"><strong>DESMONTANDO T\u00d3PICOS DE LA FORMACI\u00d3N PROFESIONAL<\/strong><\/li>\n<\/ul>\n<\/td>\n<\/tr>\n<tr>\n<td style=\"width: 100%;text-align: center\"><iframe loading=\"lazy\" src=\"\/\/www.youtube.com\/embed\/YJKJhSMhq0U\" width=\"900\" height=\"506\" frameborder=\"0\"><\/iframe><\/td>\n<\/tr>\n<\/tbody>\n<\/table>\n","protected":false},"excerpt":{"rendered":"<p>Varias son las razones que pueden inducirte a estudiar un Ciclo Formativo: entre ellas hay cuatro poderosas: Las&nbsp;expectativas&nbsp;que poseas con respecto a lo que desees hacer en un futuro. Si &nbsp;tu intenci\u00f3n es incorporarte&#46;&#46;&#46;<\/p>\n","protected":false},"author":7749,"featured_media":0,"parent":0,"menu_order":0,"comment_status":"closed","ping_status":"closed","template":"","meta":{"ngg_post_thumbnail":0,"footnotes":""},"aioseo_notices":[],"_links":{"self":[{"href":"https:\/\/blogsaverroes.juntadeandalucia.es\/orientacioniesvega\/wp-json\/wp\/v2\/pages\/119"}],"collection":[{"href":"https:\/\/blogsaverroes.juntadeandalucia.es\/orientacioniesvega\/wp-json\/wp\/v2\/pages"}],"about":[{"href":"https:\/\/blogsaverroes.juntadeandalucia.es\/orientacioniesvega\/wp-json\/wp\/v2\/types\/page"}],"author":[{"embeddable":true,"href":"https:\/\/blogsaverroes.juntadeandalucia.es\/orientacioniesvega\/wp-json\/wp\/v2\/users\/7749"}],"replies":[{"embeddable":true,"href":"https:\/\/blogsaverroes.juntadeandalucia.es\/orientacioniesvega\/wp-json\/wp\/v2\/comments?post=119"}],"version-history":[{"count":23,"href":"https:\/\/blogsaverroes.juntadeandalucia.es\/orientacioniesvega\/wp-json\/wp\/v2\/pages\/119\/revisions"}],"predecessor-version":[{"id":1152,"href":"https:\/\/blogsaverroes.juntadeandalucia.es\/orientacioniesvega\/wp-json\/wp\/v2\/pages\/119\/revisions\/1152"}],"wp:attachment":[{"href":"https:\/\/blogsaverroes.juntadeandalucia.es\/orientacioniesvega\/wp-json\/wp\/v2\/media?parent=119"}],"curies":[{"name":"wp","href":"https:\/\/api.w.org\/{rel}","templated":true}]}}