{"id":1265,"date":"2021-05-24T22:19:16","date_gmt":"2021-05-24T20:19:16","guid":{"rendered":"https:\/\/blogsaverroes.juntadeandalucia.es\/orientacioniesvega\/?page_id=1265"},"modified":"2024-01-21T19:32:30","modified_gmt":"2024-01-21T18:32:30","slug":"normativa-lomloe","status":"publish","type":"page","link":"https:\/\/blogsaverroes.juntadeandalucia.es\/orientacioniesvega\/normativa-lomloe\/","title":{"rendered":"LOMLOE"},"content":{"rendered":"<table style=\"height: 100%;width: 100%\">\n<tbody>\n<tr style=\"height: 100%\">\n<td style=\"width: 100%;background-color: #96faca;height: 100%\">\n<ul style=\"list-style-type: disc\">\n<li style=\"text-align: left\"><strong><a href=\"https:\/\/www.adideandalucia.es\/index.php?view=normativa\" target=\"_blank\" rel=\"noopener noreferrer\"><span style=\"color: #ff0000\">ADIDE<\/span>.<\/a>&nbsp;<span style=\"font-family: inherit;font-size: inherit\">P\u00e1gina sobre normativa de la Inspecci\u00f3n educativa de Andaluc\u00eda<\/span><\/strong><\/li>\n<\/ul>\n<\/td>\n<\/tr>\n<tr style=\"height: 100%\">\n<td style=\"width: 100%;height: 100%\"><a href=\"https:\/\/www.adideandalucia.es\/index.php?view=normativa\" target=\"_blank\" rel=\"noopener noreferrer\"><strong><img loading=\"lazy\" decoding=\"async\" class=\"alignnone size-full wp-image-1271 aligncenter\" src=\"https:\/\/blogsaverroes.juntadeandalucia.es\/orientacioniesvega\/files\/2021\/05\/Adide-andaluc\u00eda.png\" alt=\"\" width=\"100\" height=\"91\"><\/strong><\/a><\/td>\n<\/tr>\n<tr style=\"height: 100%\">\n<td style=\"width: 100%;background-color: #96faca;height: 100%\">\n<ul style=\"list-style-type: disc\">\n<li style=\"text-align: left\"><strong>LEY ORG\u00c1NICA 3\/2020. (LOMLOE): Principales novedades<\/strong><\/li>\n<\/ul>\n<\/td>\n<\/tr>\n<tr style=\"height: 100%\">\n<td style=\"width: 100%;background-color: #f5faf7;height: 100%;text-align: center;vertical-align: top\" scope=\"row\"><iframe loading=\"lazy\" src=\"https:\/\/view.genial.ly\/6037723606c0a40d9d0b035a\" width=\"400px\" height=\"800px\" frameborder=\"0\" scrolling=\"yes\"><\/iframe><strong><br \/>\n<\/strong><\/td>\n<\/tr>\n<tr style=\"height: 100%\">\n<td style=\"width: 100%;background-color: #96faca;text-align: left;height: 100%\">\n<ul style=\"list-style-type: disc\">\n<li><strong>Marco General de las Leyes Educativas. Curso: \u00abAproximaci\u00f3n al marco general de la LOMLOE\u00bb. Junta de Andaluc\u00eda<\/strong><\/li>\n<\/ul>\n<\/td>\n<\/tr>\n<tr style=\"height: 100%\">\n<td style=\"width: 100%;background-color: #f5faf7;height: 100%;text-align: center;vertical-align: top\" scope=\"row\"><iframe loading=\"lazy\" src=\"https:\/\/view.genial.ly\/62679c55f303ef001304c4fe\" width=\"900px\" height=\"605px\" frameborder=\"0\" scrolling=\"yes\"><\/iframe><strong><br \/>\n<\/strong><\/td>\n<\/tr>\n<tr style=\"height: 100%\">\n<td style=\"width: 100%;background-color: #96faca;text-align: left;height: 100%\">\n<ul style=\"list-style-type: disc\">\n<li><strong>LOMLOE: Elementos &nbsp;Curriculares. Junta de Andaluc\u00eda<\/strong><\/li>\n<\/ul>\n<\/td>\n<\/tr>\n<tr style=\"height: 100%\">\n<td style=\"width: 100%;background-color: #f5faf7;height: 100%;text-align: center;vertical-align: top\" scope=\"row\"><iframe loading=\"lazy\" src=\"https:\/\/view.genial.ly\/62679c60f303ef001304c545\" width=\"900px\" height=\"605px\" frameborder=\"0\" scrolling=\"yes\"><\/iframe><strong><br \/>\n<\/strong><\/td>\n<\/tr>\n<tr style=\"height: 100%\">\n<td style=\"width: 100%;background-color: #96faca;text-align: center;height: 100%\">\n<ul>\n<li style=\"text-align: left\"><strong>LOMLOE: Evaluaci\u00f3n en Educaci\u00f3n Secundaria y Bachillerato. Junta de Andaluc\u00eda<\/strong><\/li>\n<\/ul>\n<\/td>\n<\/tr>\n<tr style=\"height: 100%\">\n<td style=\"width: 100%;background-color: #f5faf7;height: 100%;text-align: center;vertical-align: top\" scope=\"row\"><iframe loading=\"lazy\" src=\"https:\/\/view.genial.ly\/62679c7b14f285001a8c3fc2\" width=\"900px\" height=\"605px\" frameborder=\"0\" scrolling=\"yes\"><\/iframe><strong><br \/>\n<\/strong><\/td>\n<\/tr>\n<tr>\n<td style=\"width: 100%;background-color: #96faca;text-align: left;vertical-align: top\">\n<ul style=\"list-style-type: disc\">\n<li><strong>LOMLOE: Atenci\u00f3n a la Diversidad. Junta de Andaluc\u00eda<\/strong><\/li>\n<\/ul>\n<\/td>\n<\/tr>\n<tr style=\"height: 100%\">\n<td style=\"width: 100%;background-color: #f5faf7;height: 100%;text-align: center;vertical-align: top\" scope=\"row\"><iframe loading=\"lazy\" src=\"https:\/\/view.genial.ly\/626908dfe8f9020019009e81\" width=\"900px\" height=\"605px\" frameborder=\"0\" scrolling=\"yes\"><\/iframe><strong><br \/>\n<\/strong><\/td>\n<\/tr>\n<tr>\n<td style=\"width: 100%;background-color: #96faca;text-align: left;vertical-align: top\">\n<ul>\n<li><strong>LOMLOE: Situaciones de aprendizaje. Junta de Andaluc\u00eda<\/strong><\/li>\n<\/ul>\n<\/td>\n<\/tr>\n<tr style=\"height: 100%\">\n<td style=\"width: 100%;background-color: #f5faf7;height: 100%;text-align: center;vertical-align: top\" scope=\"row\"><iframe loading=\"lazy\" src=\"https:\/\/view.genial.ly\/62679c970a878c0013e9de80\" width=\"900px\" height=\"605px\" frameborder=\"0\" scrolling=\"yes\"><\/iframe><strong><br \/>\n<\/strong><\/td>\n<\/tr>\n<tr style=\"height: 100%\">\n<td style=\"width: 100%;background-color: #96faca;text-align: left;height: 100%\">\n<ul style=\"list-style-type: disc\">\n<li><strong>&nbsp;SITUACIONES DE APRENDIZAJE<\/strong><\/li>\n<\/ul>\n<\/td>\n<\/tr>\n<tr style=\"height: 100%\">\n<td style=\"width: 100%;background-color: #f5faf7;text-align: center;height: 100%\">\n<div style=\"width: 100%\">\n<div style=\"padding-bottom: 56.25%;padding-top: 0;height: 0\"><iframe loading=\"lazy\" src=\"https:\/\/view.genial.ly\/6357b68432abe00019045bb9\" width=\"900px\" height=\"605px\" frameborder=\"0\" scrolling=\"yes\"><\/iframe><\/div>\n<\/div>\n<p><strong>&nbsp;<\/strong><\/td>\n<\/tr>\n<tr style=\"height: 56px\">\n<td style=\"width: 100%;background-color: #96faca;text-align: left;height: 56px\">\n<ul style=\"list-style-type: disc\">\n<li><strong>C\u00d3MO DISE\u00d1AR UNA SITUACI\u00d3N DE APRENDIZAJE. Muchas gracias a Victor Arufe. Para saber m\u00e1s: <a href=\"https:\/\/victorarufe.es\/que-es-una-situacion-de-aprendizaje\/\" target=\"_blank\" rel=\"noopener noreferrer\">BLOG del Autor<\/a><\/strong><\/li>\n<\/ul>\n<\/td>\n<\/tr>\n<tr style=\"height: 100%\">\n<td style=\"width: 100%;background-color: #f5faf7;text-align: center;height: 100%\"><img loading=\"lazy\" decoding=\"async\" class=\"alignnone size-large wp-image-1760\" src=\"https:\/\/blogsaverroes.juntadeandalucia.es\/orientacioniesvega\/files\/2022\/10\/Co\u0301mo-disen\u0303ar-situaciones-de-aprendizaje-1024x1024.jpg\" alt=\"\" width=\"1024\" height=\"1024\" srcset=\"https:\/\/blogsaverroes.juntadeandalucia.es\/orientacioniesvega\/files\/2022\/10\/Co\u0301mo-disen\u0303ar-situaciones-de-aprendizaje-1024x1024.jpg 1024w, https:\/\/blogsaverroes.juntadeandalucia.es\/orientacioniesvega\/files\/2022\/10\/Co\u0301mo-disen\u0303ar-situaciones-de-aprendizaje-300x300.jpg 300w, https:\/\/blogsaverroes.juntadeandalucia.es\/orientacioniesvega\/files\/2022\/10\/Co\u0301mo-disen\u0303ar-situaciones-de-aprendizaje-150x150.jpg 150w, https:\/\/blogsaverroes.juntadeandalucia.es\/orientacioniesvega\/files\/2022\/10\/Co\u0301mo-disen\u0303ar-situaciones-de-aprendizaje-768x768.jpg 768w, https:\/\/blogsaverroes.juntadeandalucia.es\/orientacioniesvega\/files\/2022\/10\/Co\u0301mo-disen\u0303ar-situaciones-de-aprendizaje-80x80.jpg 80w, https:\/\/blogsaverroes.juntadeandalucia.es\/orientacioniesvega\/files\/2022\/10\/Co\u0301mo-disen\u0303ar-situaciones-de-aprendizaje-320x320.jpg 320w, https:\/\/blogsaverroes.juntadeandalucia.es\/orientacioniesvega\/files\/2022\/10\/Co\u0301mo-disen\u0303ar-situaciones-de-aprendizaje.jpg 1080w\" sizes=\"(max-width: 1024px) 100vw, 1024px\" \/><strong><br \/>\n<\/strong><\/td>\n<\/tr>\n<tr style=\"height: 24px\">\n<td style=\"width: 100%;height: 24px;background-color: #96faca;text-align: left\">\n<ul style=\"list-style-type: disc\">\n<li><strong>LOMLOE: LA NUEVA ESTRUCTURA CURRICULAR. Muchas gracias a Pablo por estos v\u00eddeos.<\/strong><\/li>\n<\/ul>\n<\/td>\n<\/tr>\n<tr style=\"height: 100%\">\n<td style=\"width: 100%;height: 100%;text-align: center\"><iframe loading=\"lazy\" src=\"\/\/www.youtube.com\/embed\/aDOd1g4RTzc\" width=\"560\" height=\"315\" frameborder=\"0\"><\/iframe><\/td>\n<\/tr>\n<tr style=\"height: 100%\">\n<td style=\"width: 100%;height: 100%;background-color: #96faca;text-align: left\">\n<ul style=\"list-style-type: disc\">\n<li><strong>LOMLOE: SITUACIONES DE APRENDIZAJE<\/strong><\/li>\n<\/ul>\n<\/td>\n<\/tr>\n<tr style=\"height: 100%\">\n<td style=\"width: 100%;text-align: center;height: 100%\"><iframe loading=\"lazy\" src=\"\/\/www.youtube.com\/embed\/EvBf0A15RGA\" width=\"560\" height=\"315\" frameborder=\"0\"><\/iframe><\/td>\n<\/tr>\n<tr style=\"height: 100%\">\n<td style=\"width: 100%;background-color: #96faca;text-align: left;height: 100%\">\n<ul style=\"list-style-type: disc\">\n<li><strong>LOMLOE: SITUACIONES COTIDIANAS DE APRENDIZAJE<\/strong><\/li>\n<\/ul>\n<\/td>\n<\/tr>\n<tr style=\"height: 100%\">\n<td style=\"width: 100%;text-align: center;height: 100%\"><iframe loading=\"lazy\" src=\"\/\/www.youtube.com\/embed\/Yh3s0K2MILU\" width=\"560\" height=\"315\" frameborder=\"0\"><\/iframe><\/td>\n<\/tr>\n<\/tbody>\n<\/table>\n","protected":false},"excerpt":{"rendered":"<p>ADIDE.&nbsp;P\u00e1gina sobre normativa de la Inspecci\u00f3n educativa de Andaluc\u00eda LEY ORG\u00c1NICA 3\/2020. (LOMLOE): Principales novedades Marco General de las Leyes Educativas. Curso: \u00abAproximaci\u00f3n al marco general de la LOMLOE\u00bb. Junta de Andaluc\u00eda LOMLOE: Elementos&#46;&#46;&#46;<\/p>\n","protected":false},"author":7749,"featured_media":0,"parent":0,"menu_order":0,"comment_status":"closed","ping_status":"closed","template":"","meta":{"ngg_post_thumbnail":0,"footnotes":""},"aioseo_notices":[],"_links":{"self":[{"href":"https:\/\/blogsaverroes.juntadeandalucia.es\/orientacioniesvega\/wp-json\/wp\/v2\/pages\/1265"}],"collection":[{"href":"https:\/\/blogsaverroes.juntadeandalucia.es\/orientacioniesvega\/wp-json\/wp\/v2\/pages"}],"about":[{"href":"https:\/\/blogsaverroes.juntadeandalucia.es\/orientacioniesvega\/wp-json\/wp\/v2\/types\/page"}],"author":[{"embeddable":true,"href":"https:\/\/blogsaverroes.juntadeandalucia.es\/orientacioniesvega\/wp-json\/wp\/v2\/users\/7749"}],"replies":[{"embeddable":true,"href":"https:\/\/blogsaverroes.juntadeandalucia.es\/orientacioniesvega\/wp-json\/wp\/v2\/comments?post=1265"}],"version-history":[{"count":62,"href":"https:\/\/blogsaverroes.juntadeandalucia.es\/orientacioniesvega\/wp-json\/wp\/v2\/pages\/1265\/revisions"}],"predecessor-version":[{"id":2231,"href":"https:\/\/blogsaverroes.juntadeandalucia.es\/orientacioniesvega\/wp-json\/wp\/v2\/pages\/1265\/revisions\/2231"}],"wp:attachment":[{"href":"https:\/\/blogsaverroes.juntadeandalucia.es\/orientacioniesvega\/wp-json\/wp\/v2\/media?parent=1265"}],"curies":[{"name":"wp","href":"https:\/\/api.w.org\/{rel}","templated":true}]}}