{"id":131,"date":"2020-02-12T01:39:36","date_gmt":"2020-02-12T00:39:36","guid":{"rendered":"https:\/\/blogsaverroes.juntadeandalucia.es\/orientacioniesvega\/?page_id=131"},"modified":"2025-12-03T23:40:58","modified_gmt":"2025-12-03T22:40:58","slug":"pruebas-de-acceso-a-los-ccff","status":"publish","type":"page","link":"https:\/\/blogsaverroes.juntadeandalucia.es\/orientacioniesvega\/pruebas-de-acceso-a-los-ccff\/","title":{"rendered":"Pruebas de acceso a los Ciclos Formativos"},"content":{"rendered":"<table style=\"border-collapse: collapse;height: 1274px;width: 100%\">\n<tbody>\n<tr style=\"height: 56px\">\n<td style=\"width: 900px;background-color: #bdf0e2;height: 56px\">\n<ul>\n<li style=\"text-align: left\"><strong>PRUEBA DE ACCESO A LOS CICLOS FORMATIVOS: V\u00cdDEO EXPLICATIVO<\/strong><\/li>\n<\/ul>\n<\/td>\n<\/tr>\n<tr style=\"height: 513px\">\n<td style=\"width: 900px;height: 513px\"><iframe loading=\"lazy\" src=\"\/\/www.youtube.com\/embed\/YnjyNc0VWVQ?si=oVLrhguTu5EKmwNT\" width=\"900\" height=\"506\" frameborder=\"0\"><\/iframe><\/td>\n<\/tr>\n<tr style=\"height: 24px\">\n<td style=\"width: 900px;background-color: #bdf0e2;height: 24px;text-align: left\">\n<ul style=\"list-style-type: disc\">\n<li><strong>INFORMACI\u00d3N VISUAL. GRACIAS A NOEM\u00cd S\u00c1NCHEZ.&nbsp;<\/strong><\/li>\n<\/ul>\n<\/td>\n<\/tr>\n<tr style=\"height: 513px\">\n<td style=\"width: 900px;text-align: left;height: 513px\">\n<div style=\"width: 100%\">\n<div style=\"padding-bottom: 56.25%;padding-top: 0px;height: 0px;text-align: center\"><iframe loading=\"lazy\" src=\"https:\/\/view.genial.ly\/5fca5c1bb311230dad310fee\" width=\"900px\" height=\"506px\" frameborder=\"0\" scrolling=\"yes\"><\/iframe><\/div>\n<\/div>\n<\/td>\n<\/tr>\n<tr style=\"height: 24px\">\n<td style=\"width: 1377px;background-color: #bdf0e2;height: 24px;text-align: left\">\n<ul style=\"list-style-type: disc\">\n<li><strong>INFORMACI\u00d3N VISUAL, GRACIAS A NOEM\u00cd S\u00c1NCHEZ.<\/strong><\/li>\n<\/ul>\n<\/td>\n<\/tr>\n<tr style=\"height: 24px\">\n<td style=\"width: 1377px;text-align: left;height: 24px\">\n<div style=\"width: 100%\">\n<div style=\"padding-bottom: 56.25%;padding-top: 0px;height: 0px;text-align: center\"><iframe loading=\"lazy\" src=\"https:\/\/view.genial.ly\/5fca9783b311230dad3119f9\" width=\"900px\" height=\"506px\" frameborder=\"0\" scrolling=\"yes\"><\/iframe><\/div>\n<\/div>\n<\/td>\n<\/tr>\n<\/tbody>\n<\/table>\n","protected":false},"excerpt":{"rendered":"<p>PRUEBA DE ACCESO A LOS CICLOS FORMATIVOS: V\u00cdDEO EXPLICATIVO INFORMACI\u00d3N VISUAL. GRACIAS A NOEM\u00cd S\u00c1NCHEZ.&nbsp; INFORMACI\u00d3N VISUAL, GRACIAS A NOEM\u00cd S\u00c1NCHEZ.<\/p>\n","protected":false},"author":7749,"featured_media":0,"parent":0,"menu_order":0,"comment_status":"closed","ping_status":"closed","template":"","meta":{"ngg_post_thumbnail":0,"footnotes":""},"aioseo_notices":[],"_links":{"self":[{"href":"https:\/\/blogsaverroes.juntadeandalucia.es\/orientacioniesvega\/wp-json\/wp\/v2\/pages\/131"}],"collection":[{"href":"https:\/\/blogsaverroes.juntadeandalucia.es\/orientacioniesvega\/wp-json\/wp\/v2\/pages"}],"about":[{"href":"https:\/\/blogsaverroes.juntadeandalucia.es\/orientacioniesvega\/wp-json\/wp\/v2\/types\/page"}],"author":[{"embeddable":true,"href":"https:\/\/blogsaverroes.juntadeandalucia.es\/orientacioniesvega\/wp-json\/wp\/v2\/users\/7749"}],"replies":[{"embeddable":true,"href":"https:\/\/blogsaverroes.juntadeandalucia.es\/orientacioniesvega\/wp-json\/wp\/v2\/comments?post=131"}],"version-history":[{"count":64,"href":"https:\/\/blogsaverroes.juntadeandalucia.es\/orientacioniesvega\/wp-json\/wp\/v2\/pages\/131\/revisions"}],"predecessor-version":[{"id":2645,"href":"https:\/\/blogsaverroes.juntadeandalucia.es\/orientacioniesvega\/wp-json\/wp\/v2\/pages\/131\/revisions\/2645"}],"wp:attachment":[{"href":"https:\/\/blogsaverroes.juntadeandalucia.es\/orientacioniesvega\/wp-json\/wp\/v2\/media?parent=131"}],"curies":[{"name":"wp","href":"https:\/\/api.w.org\/{rel}","templated":true}]}}