{"id":1867,"date":"2022-12-20T09:28:29","date_gmt":"2022-12-20T08:28:29","guid":{"rendered":"https:\/\/blogsaverroes.juntadeandalucia.es\/orientacioniesvega\/?page_id=1867"},"modified":"2023-05-29T00:51:25","modified_gmt":"2023-05-28T22:51:25","slug":"seneca","status":"publish","type":"page","link":"https:\/\/blogsaverroes.juntadeandalucia.es\/orientacioniesvega\/seneca\/","title":{"rendered":"S\u00e9neca"},"content":{"rendered":"<ul>\n<li><strong>\u00abMIS OBSERVACIONES\u00bb Feedback al alumnado y familia por parte del profesorado en las distintas evaluaciones.<\/strong><\/li>\n<\/ul>\n<p style=\"text-align: center\"><iframe loading=\"lazy\" src=\"\/\/www.youtube.com\/embed\/dsMcChnCk5s\" width=\"900\" height=\"506\" frameborder=\"0\"><\/iframe><\/p>\n<ul>\n<li><strong>C\u00f3mo subir el ACTA DE EVALUACI\u00d3N en S\u00e9neca.<\/strong><\/li>\n<\/ul>\n<p style=\"text-align: center\"><iframe loading=\"lazy\" src=\"\/\/www.youtube.com\/embed\/3oS070Z44IE\" width=\"900\" height=\"506\" frameborder=\"0\"><\/iframe><\/p>\n","protected":false},"excerpt":{"rendered":"<p>\u00abMIS OBSERVACIONES\u00bb Feedback al alumnado y familia por parte del profesorado en las distintas evaluaciones. C\u00f3mo subir el ACTA DE EVALUACI\u00d3N en S\u00e9neca.<\/p>\n","protected":false},"author":7749,"featured_media":0,"parent":0,"menu_order":0,"comment_status":"closed","ping_status":"closed","template":"","meta":{"ngg_post_thumbnail":0,"footnotes":""},"aioseo_notices":[],"_links":{"self":[{"href":"https:\/\/blogsaverroes.juntadeandalucia.es\/orientacioniesvega\/wp-json\/wp\/v2\/pages\/1867"}],"collection":[{"href":"https:\/\/blogsaverroes.juntadeandalucia.es\/orientacioniesvega\/wp-json\/wp\/v2\/pages"}],"about":[{"href":"https:\/\/blogsaverroes.juntadeandalucia.es\/orientacioniesvega\/wp-json\/wp\/v2\/types\/page"}],"author":[{"embeddable":true,"href":"https:\/\/blogsaverroes.juntadeandalucia.es\/orientacioniesvega\/wp-json\/wp\/v2\/users\/7749"}],"replies":[{"embeddable":true,"href":"https:\/\/blogsaverroes.juntadeandalucia.es\/orientacioniesvega\/wp-json\/wp\/v2\/comments?post=1867"}],"version-history":[{"count":7,"href":"https:\/\/blogsaverroes.juntadeandalucia.es\/orientacioniesvega\/wp-json\/wp\/v2\/pages\/1867\/revisions"}],"predecessor-version":[{"id":2088,"href":"https:\/\/blogsaverroes.juntadeandalucia.es\/orientacioniesvega\/wp-json\/wp\/v2\/pages\/1867\/revisions\/2088"}],"wp:attachment":[{"href":"https:\/\/blogsaverroes.juntadeandalucia.es\/orientacioniesvega\/wp-json\/wp\/v2\/media?parent=1867"}],"curies":[{"name":"wp","href":"https:\/\/api.w.org\/{rel}","templated":true}]}}