{"id":1883,"date":"2023-01-15T23:33:33","date_gmt":"2023-01-15T22:33:33","guid":{"rendered":"https:\/\/blogsaverroes.juntadeandalucia.es\/orientacioniesvega\/?page_id=1883"},"modified":"2023-05-28T22:18:40","modified_gmt":"2023-05-28T20:18:40","slug":"evaluacion-y-mas","status":"publish","type":"page","link":"https:\/\/blogsaverroes.juntadeandalucia.es\/orientacioniesvega\/evaluacion-y-mas\/","title":{"rendered":"Evaluaci\u00f3n y m\u00e1s"},"content":{"rendered":"<p>Otro trabajo de colaboraci\u00f3n con mi compa\u00f1era Noem\u00ed del IES Iliberis. \u00a1Juntos lo hacemos mejor!<\/p>\n<div style=\"width: 100%\">\n<div style=\"padding-bottom: 56.25%;padding-top: 0px;height: 0px;text-align: center\"><iframe loading=\"lazy\" src=\"https:\/\/view.genial.ly\/63936c375c32d20011236636\" width=\"900px\" height=\"602px\" frameborder=\"0\" scrolling=\"yes\"><\/iframe><\/div>\n<\/div>\n","protected":false},"excerpt":{"rendered":"<p>Otro trabajo de colaboraci\u00f3n con mi compa\u00f1era Noem\u00ed del IES Iliberis. \u00a1Juntos lo hacemos mejor!<\/p>\n","protected":false},"author":7749,"featured_media":0,"parent":0,"menu_order":0,"comment_status":"closed","ping_status":"closed","template":"","meta":{"ngg_post_thumbnail":0,"footnotes":""},"aioseo_notices":[],"_links":{"self":[{"href":"https:\/\/blogsaverroes.juntadeandalucia.es\/orientacioniesvega\/wp-json\/wp\/v2\/pages\/1883"}],"collection":[{"href":"https:\/\/blogsaverroes.juntadeandalucia.es\/orientacioniesvega\/wp-json\/wp\/v2\/pages"}],"about":[{"href":"https:\/\/blogsaverroes.juntadeandalucia.es\/orientacioniesvega\/wp-json\/wp\/v2\/types\/page"}],"author":[{"embeddable":true,"href":"https:\/\/blogsaverroes.juntadeandalucia.es\/orientacioniesvega\/wp-json\/wp\/v2\/users\/7749"}],"replies":[{"embeddable":true,"href":"https:\/\/blogsaverroes.juntadeandalucia.es\/orientacioniesvega\/wp-json\/wp\/v2\/comments?post=1883"}],"version-history":[{"count":4,"href":"https:\/\/blogsaverroes.juntadeandalucia.es\/orientacioniesvega\/wp-json\/wp\/v2\/pages\/1883\/revisions"}],"predecessor-version":[{"id":2046,"href":"https:\/\/blogsaverroes.juntadeandalucia.es\/orientacioniesvega\/wp-json\/wp\/v2\/pages\/1883\/revisions\/2046"}],"wp:attachment":[{"href":"https:\/\/blogsaverroes.juntadeandalucia.es\/orientacioniesvega\/wp-json\/wp\/v2\/media?parent=1883"}],"curies":[{"name":"wp","href":"https:\/\/api.w.org\/{rel}","templated":true}]}}