{"id":206,"date":"2020-02-17T09:06:37","date_gmt":"2020-02-17T08:06:37","guid":{"rendered":"https:\/\/blogsaverroes.juntadeandalucia.es\/orientacioniesvega\/?page_id=206"},"modified":"2024-06-26T13:18:39","modified_gmt":"2024-06-26T11:18:39","slug":"documentos-de-tutoria","status":"publish","type":"page","link":"https:\/\/blogsaverroes.juntadeandalucia.es\/orientacioniesvega\/documentos-de-tutoria\/","title":{"rendered":"Documentos de Tutor\u00eda"},"content":{"rendered":"<table style=\"width: 100%\">\n<tbody>\n<tr style=\"background-color: #d7d7ff;height: 56px\">\n<td style=\"width: 100%;height: 56px;border-color: #050008;background-color: #eedefa;vertical-align: top\">\n<ul style=\"list-style-type: square\">\n<li style=\"text-align: left\"><strong>En los siguientes enlaces puedes descargarte los documentos en word, y en formato formulario:<\/strong><\/li>\n<\/ul>\n<\/td>\n<\/tr>\n<\/tbody>\n<\/table>\n<ul style=\"list-style-type: square\">\n<li><a href=\"https:\/\/blogsaverroes.juntadeandalucia.es\/orientacioniesvega\/files\/2024\/06\/ESO-Memoria-de-Tutoria_Modelo.doc\" target=\"_blank\" rel=\"noopener noreferrer\">Memoria de Tutor\u00eda ESO<\/a><\/li>\n<li><a href=\"https:\/\/blogsaverroes.juntadeandalucia.es\/orientacioniesvega\/files\/2022\/06\/Memoria-de-Tutor\u00eda-de-ESPA-Modelo.doc\" target=\"_blank\" rel=\"noopener noreferrer\">Memoria de Tutor\u00eda de la ESPA<\/a><\/li>\n<li><a href=\"https:\/\/blogsaverroes.juntadeandalucia.es\/orientacioniesvega\/files\/2022\/06\/Memoria-de-Tutor\u00eda-de-Bachillerato-Modelo.docx\" target=\"_blank\" rel=\"noopener noreferrer\">Memoria de Tutor\u00eda de Bachillerato<\/a><\/li>\n<li><a href=\"https:\/\/blogsaverroes.juntadeandalucia.es\/orientacioniesvega\/files\/2022\/06\/Memoria-de-Tutor\u00eda-de-Bachillerato-Semipresencial-Modelo.doc\" target=\"_blank\" rel=\"noopener noreferrer\">Memoria de Tutor\u00eda de Bachillerato Semipresencial<\/a><\/li>\n<li><a href=\"https:\/\/blogsaverroes.juntadeandalucia.es\/orientacioniesvega\/files\/2022\/06\/Memoria-de-Tutor\u00eda-de-FPB-Modelo.docx\" target=\"_blank\" rel=\"noopener noreferrer\">Memoria de Tutor\u00eda FP B\u00e1sica<\/a><\/li>\n<li><a href=\"https:\/\/blogsaverroes.juntadeandalucia.es\/orientacioniesvega\/files\/2022\/06\/Memoria-de-Tutor\u00eda-de-Ciclos-Modelo.doc\" target=\"_blank\" rel=\"noopener noreferrer\">Memoria de Tutor\u00eda Ciclos Formativos<\/a><\/li>\n<\/ul>\n<p>&nbsp;<\/p>\n","protected":false},"excerpt":{"rendered":"<p>En los siguientes enlaces puedes descargarte los documentos en word, y en formato formulario: Memoria de Tutor\u00eda ESO Memoria de Tutor\u00eda de la ESPA Memoria de Tutor\u00eda de Bachillerato Memoria de Tutor\u00eda de Bachillerato&#46;&#46;&#46;<\/p>\n","protected":false},"author":7749,"featured_media":0,"parent":0,"menu_order":0,"comment_status":"closed","ping_status":"closed","template":"","meta":{"ngg_post_thumbnail":0,"footnotes":""},"aioseo_notices":[],"_links":{"self":[{"href":"https:\/\/blogsaverroes.juntadeandalucia.es\/orientacioniesvega\/wp-json\/wp\/v2\/pages\/206"}],"collection":[{"href":"https:\/\/blogsaverroes.juntadeandalucia.es\/orientacioniesvega\/wp-json\/wp\/v2\/pages"}],"about":[{"href":"https:\/\/blogsaverroes.juntadeandalucia.es\/orientacioniesvega\/wp-json\/wp\/v2\/types\/page"}],"author":[{"embeddable":true,"href":"https:\/\/blogsaverroes.juntadeandalucia.es\/orientacioniesvega\/wp-json\/wp\/v2\/users\/7749"}],"replies":[{"embeddable":true,"href":"https:\/\/blogsaverroes.juntadeandalucia.es\/orientacioniesvega\/wp-json\/wp\/v2\/comments?post=206"}],"version-history":[{"count":18,"href":"https:\/\/blogsaverroes.juntadeandalucia.es\/orientacioniesvega\/wp-json\/wp\/v2\/pages\/206\/revisions"}],"predecessor-version":[{"id":2340,"href":"https:\/\/blogsaverroes.juntadeandalucia.es\/orientacioniesvega\/wp-json\/wp\/v2\/pages\/206\/revisions\/2340"}],"wp:attachment":[{"href":"https:\/\/blogsaverroes.juntadeandalucia.es\/orientacioniesvega\/wp-json\/wp\/v2\/media?parent=206"}],"curies":[{"name":"wp","href":"https:\/\/api.w.org\/{rel}","templated":true}]}}