{"id":2200,"date":"2023-12-21T22:47:45","date_gmt":"2023-12-21T21:47:45","guid":{"rendered":"https:\/\/blogsaverroes.juntadeandalucia.es\/orientacioniesvega\/?page_id=2200"},"modified":"2025-05-13T11:04:44","modified_gmt":"2025-05-13T09:04:44","slug":"becas","status":"publish","type":"page","link":"https:\/\/blogsaverroes.juntadeandalucia.es\/orientacioniesvega\/becas\/","title":{"rendered":"Becas y ayudas"},"content":{"rendered":"<hr>\n<p>Becas: <a href=\"https:\/\/www.becaseducacion.gob.es\/portada.html\" target=\"_blank\" rel=\"noopener noreferrer\">Ministerio de Educaci\u00f3n<\/a>:<\/p>\n<ul>\n<li><a href=\"https:\/\/sede.educacion.gob.es\/sede\/registro\/registroIni.jjsp\" target=\"_blank\" rel=\"noopener\">Acceso al registro de persona f\u00edsica<\/a><\/li>\n<li><a href=\"https:\/\/sede.educacion.gob.es\/sede\/login\/inicio.jjsp?idConvocatoria=2256\" target=\"_blank\" rel=\"noopener\">Acceso al tr\u00e1mite con interesado: usuario y contrase\u00f1a<\/a><\/li>\n<\/ul>\n<p>MEC: &nbsp;<a href=\"https:\/\/sede.educacion.gob.es\/sede\/login\/inicio.jjsp?idConvocatoria=1400\" target=\"_blank\" rel=\"noopener noreferrer\">Sede Electr\u00f3nica<\/a><\/p>\n<p>Becas: &nbsp;<a href=\"https:\/\/www.juntadeandalucia.es\/educacion\/portals\/web\/becas-y-ayudas\" target=\"_blank\" rel=\"noopener noreferrer\">Junta de Andaluc\u00eda<\/a><\/p>\n<p>Becas: <a href=\"https:\/\/ve.ugr.es\/servicios\/becas\" target=\"_blank\" rel=\"noopener noreferrer\">Universidad de Granada<\/a><\/p>\n<hr>\n<p>Consulta las dudas de tu beca:<\/p>\n<p>TEL\u00c9FONO DEL MINISTERIO: <strong>Se atiende sin cita previa, en horario de 9 a 17:30 h ininterrumpido de lunes a jueves, y de 9 a 15 h los viernes. Tel\u00e9fono de contacto: 910 837 937<\/strong><\/p>\n<p>DELEGACI\u00d3N TERRITORIAL DE GRANADA:<\/p>\n<p>&nbsp;<\/p>\n<p><a href=\"https:\/\/blogsaverroes.juntadeandalucia.es\/orientacioniesvega\/becas\/ayuda-al-tramite\/\" rel=\"attachment wp-att-2491\"><img loading=\"lazy\" decoding=\"async\" class=\"alignnone size-full wp-image-2491 aligncenter\" src=\"https:\/\/blogsaverroes.juntadeandalucia.es\/orientacioniesvega\/files\/2025\/03\/Ayuda-al-tramite.png\" alt=\"\" width=\"858\" height=\"476\" srcset=\"https:\/\/blogsaverroes.juntadeandalucia.es\/orientacioniesvega\/files\/2025\/03\/Ayuda-al-tramite.png 858w, https:\/\/blogsaverroes.juntadeandalucia.es\/orientacioniesvega\/files\/2025\/03\/Ayuda-al-tramite-300x166.png 300w, https:\/\/blogsaverroes.juntadeandalucia.es\/orientacioniesvega\/files\/2025\/03\/Ayuda-al-tramite-768x426.png 768w\" sizes=\"(max-width: 858px) 100vw, 858px\" \/><\/a><\/p>\n<p><a href=\"https:\/\/www.becaseducacion.gob.es\/becas-y-ayudas\/ayudas-apoyo-educativo\/tipos-de-becas.html#que-personas\" target=\"_blank\" rel=\"noopener\">AYUDAS ALUMNADO CON NEAE. &nbsp;ENLACE EN LA IMAGEN:<br \/>\n<img loading=\"lazy\" decoding=\"async\" class=\"size-large wp-image-2519 aligncenter\" src=\"https:\/\/blogsaverroes.juntadeandalucia.es\/orientacioniesvega\/files\/2025\/05\/Captura-de-pantalla-2025-05-08-a-las-20.13.07-1024x421.png\" alt=\"\" width=\"1024\" height=\"421\" srcset=\"https:\/\/blogsaverroes.juntadeandalucia.es\/orientacioniesvega\/files\/2025\/05\/Captura-de-pantalla-2025-05-08-a-las-20.13.07-1024x421.png 1024w, https:\/\/blogsaverroes.juntadeandalucia.es\/orientacioniesvega\/files\/2025\/05\/Captura-de-pantalla-2025-05-08-a-las-20.13.07-300x123.png 300w, https:\/\/blogsaverroes.juntadeandalucia.es\/orientacioniesvega\/files\/2025\/05\/Captura-de-pantalla-2025-05-08-a-las-20.13.07-768x316.png 768w, https:\/\/blogsaverroes.juntadeandalucia.es\/orientacioniesvega\/files\/2025\/05\/Captura-de-pantalla-2025-05-08-a-las-20.13.07.png 1283w\" sizes=\"(max-width: 1024px) 100vw, 1024px\" \/><\/a>Estupendo resumen de Becas de Noem\u00ed S\u00e1nchez<\/p>\n<div style=\"width: 100%\">\n<div style=\"padding-bottom: 56.25%;padding-top: 0px;height: 0px;text-align: center\"><iframe loading=\"lazy\" src=\"https:\/\/view.genial.ly\/5fb1427d72da7f14532e16f2\" width=\"900px\" height=\"650px\" frameborder=\"0\" scrolling=\"yes\"><\/iframe><\/div>\n<\/div>\n<p>&nbsp;<\/p>\n","protected":false},"excerpt":{"rendered":"<p>Becas: Ministerio de Educaci\u00f3n: Acceso al registro de persona f\u00edsica Acceso al tr\u00e1mite con interesado: usuario y contrase\u00f1a MEC: &nbsp;Sede Electr\u00f3nica Becas: &nbsp;Junta de Andaluc\u00eda Becas: Universidad de Granada Consulta las dudas de tu&#46;&#46;&#46;<\/p>\n","protected":false},"author":7749,"featured_media":0,"parent":0,"menu_order":0,"comment_status":"closed","ping_status":"closed","template":"","meta":{"ngg_post_thumbnail":0,"footnotes":""},"aioseo_notices":[],"_links":{"self":[{"href":"https:\/\/blogsaverroes.juntadeandalucia.es\/orientacioniesvega\/wp-json\/wp\/v2\/pages\/2200"}],"collection":[{"href":"https:\/\/blogsaverroes.juntadeandalucia.es\/orientacioniesvega\/wp-json\/wp\/v2\/pages"}],"about":[{"href":"https:\/\/blogsaverroes.juntadeandalucia.es\/orientacioniesvega\/wp-json\/wp\/v2\/types\/page"}],"author":[{"embeddable":true,"href":"https:\/\/blogsaverroes.juntadeandalucia.es\/orientacioniesvega\/wp-json\/wp\/v2\/users\/7749"}],"replies":[{"embeddable":true,"href":"https:\/\/blogsaverroes.juntadeandalucia.es\/orientacioniesvega\/wp-json\/wp\/v2\/comments?post=2200"}],"version-history":[{"count":14,"href":"https:\/\/blogsaverroes.juntadeandalucia.es\/orientacioniesvega\/wp-json\/wp\/v2\/pages\/2200\/revisions"}],"predecessor-version":[{"id":2524,"href":"https:\/\/blogsaverroes.juntadeandalucia.es\/orientacioniesvega\/wp-json\/wp\/v2\/pages\/2200\/revisions\/2524"}],"wp:attachment":[{"href":"https:\/\/blogsaverroes.juntadeandalucia.es\/orientacioniesvega\/wp-json\/wp\/v2\/media?parent=2200"}],"curies":[{"name":"wp","href":"https:\/\/api.w.org\/{rel}","templated":true}]}}