{"id":227,"date":"2020-02-18T23:20:21","date_gmt":"2020-02-18T22:20:21","guid":{"rendered":"https:\/\/blogsaverroes.juntadeandalucia.es\/orientacioniesvega\/?page_id=227"},"modified":"2026-02-01T00:56:05","modified_gmt":"2026-01-31T23:56:05","slug":"pruebas-libres-educacion-secundaria","status":"publish","type":"page","link":"https:\/\/blogsaverroes.juntadeandalucia.es\/orientacioniesvega\/pruebas-libres-educacion-secundaria\/","title":{"rendered":"Pruebas libres de Educaci\u00f3n Secundaria"},"content":{"rendered":"<table style=\"width: 100%;height: 799px\">\n<tbody>\n<tr style=\"background-color: #d7d7ff;height: 80px\">\n<td style=\"height: 80px\">\n<ul>\n<li style=\"text-align: left\"><strong>La informaci\u00f3n m\u00e1s relevante sobre la realizaci\u00f3n de las pruebas libres de Educaci\u00f3n Secundaria la tienes en los&nbsp; siguientes enlaces:<\/strong><\/li>\n<\/ul>\n<\/td>\n<\/tr>\n<tr style=\"background-color: #effdea;height: 24px\">\n<td style=\"text-align: center;height: 24px\">\n<ul>\n<li style=\"text-align: left\"><span style=\"color: #3366ff\"><a style=\"color: #3366ff\" href=\"https:\/\/www.juntadeandalucia.es\/educacion\/portales\/web\/educacion-permanente\/servicios\/pruebas\/obtencion-titulo-eso\"><em><strong>P\u00c1GINA DE LA CONSEJER\u00cdA DE DESARROLLO EDUCATIVO Y FORMACI\u00d3N PROFESIONAL: PRUEBAS LIBRES DE EDUCACI\u00d3N SECUNDARIA<\/strong><\/em><\/a><\/span><\/li>\n<\/ul>\n<\/td>\n<\/tr>\n<tr style=\"background-color: #d7d7ff;height: 80px\">\n<td style=\"text-align: center;height: 10px\">\n<ul style=\"list-style-type: disc\">\n<li style=\"text-align: left\"><strong>INFORMACI\u00d3N VISUAL DE LAS PRUEBAS LIBRES, gracias a nuestra compa\u00f1era Noemi<\/strong><\/li>\n<\/ul>\n<\/td>\n<\/tr>\n<tr style=\"background-color: #effdea;height: 24px\">\n<td style=\"text-align: center;height: 685px\">\n<div style=\"width: 100%\">\n<div style=\"padding-bottom: 50%;padding-top: 0;height: 0\"><iframe loading=\"lazy\" src=\"https:\/\/view.genial.ly\/601909786e2cb50d83c926c5\" width=\"800px\" height=\"400px\" frameborder=\"0\" scrolling=\"yes\"><\/iframe><\/div>\n<\/div>\n<\/td>\n<\/tr>\n<\/tbody>\n<\/table>\n","protected":false},"excerpt":{"rendered":"<p>La informaci\u00f3n m\u00e1s relevante sobre la realizaci\u00f3n de las pruebas libres de Educaci\u00f3n Secundaria la tienes en los&nbsp; siguientes enlaces: P\u00c1GINA DE LA CONSEJER\u00cdA DE DESARROLLO EDUCATIVO Y FORMACI\u00d3N PROFESIONAL: PRUEBAS LIBRES DE EDUCACI\u00d3N&#46;&#46;&#46;<\/p>\n","protected":false},"author":7749,"featured_media":0,"parent":0,"menu_order":0,"comment_status":"closed","ping_status":"closed","template":"","meta":{"ngg_post_thumbnail":0,"footnotes":""},"aioseo_notices":[],"_links":{"self":[{"href":"https:\/\/blogsaverroes.juntadeandalucia.es\/orientacioniesvega\/wp-json\/wp\/v2\/pages\/227"}],"collection":[{"href":"https:\/\/blogsaverroes.juntadeandalucia.es\/orientacioniesvega\/wp-json\/wp\/v2\/pages"}],"about":[{"href":"https:\/\/blogsaverroes.juntadeandalucia.es\/orientacioniesvega\/wp-json\/wp\/v2\/types\/page"}],"author":[{"embeddable":true,"href":"https:\/\/blogsaverroes.juntadeandalucia.es\/orientacioniesvega\/wp-json\/wp\/v2\/users\/7749"}],"replies":[{"embeddable":true,"href":"https:\/\/blogsaverroes.juntadeandalucia.es\/orientacioniesvega\/wp-json\/wp\/v2\/comments?post=227"}],"version-history":[{"count":9,"href":"https:\/\/blogsaverroes.juntadeandalucia.es\/orientacioniesvega\/wp-json\/wp\/v2\/pages\/227\/revisions"}],"predecessor-version":[{"id":229,"href":"https:\/\/blogsaverroes.juntadeandalucia.es\/orientacioniesvega\/wp-json\/wp\/v2\/pages\/227\/revisions\/229"}],"wp:attachment":[{"href":"https:\/\/blogsaverroes.juntadeandalucia.es\/orientacioniesvega\/wp-json\/wp\/v2\/media?parent=227"}],"curies":[{"name":"wp","href":"https:\/\/api.w.org\/{rel}","templated":true}]}}