{"id":236,"date":"2020-02-18T23:47:43","date_gmt":"2020-02-18T22:47:43","guid":{"rendered":"https:\/\/blogsaverroes.juntadeandalucia.es\/orientacioniesvega\/?page_id=236"},"modified":"2022-11-03T22:37:04","modified_gmt":"2022-11-03T21:37:04","slug":"educacion-permanente-y-a-distancia","status":"publish","type":"page","link":"https:\/\/blogsaverroes.juntadeandalucia.es\/orientacioniesvega\/educacion-permanente-y-a-distancia\/","title":{"rendered":"Educaci\u00f3n Permanente y a distancia"},"content":{"rendered":"<table style=\"width: 99.488871%;height: 273px\">\n<tbody>\n<tr style=\"background-color: #d7d7ff\">\n<td style=\"background-color: #e0d5f0;height: 80px\">\n<ul>\n<li style=\"text-align: left\">Desde este enlace puedes acceder a la Educaci\u00f3n Permanente que se ofrece en Andaluc\u00eda, en donde podr\u00e1s consultar la Oferta Educativa, Centros, Pruebas, Preguntas frecuentes, Recursos, Normativa, Emprendimiento:<\/li>\n<\/ul>\n<\/td>\n<\/tr>\n<tr style=\"height: 57px\">\n<td style=\"height: 57px\"><a href=\"https:\/\/www.juntadeandalucia.es\/educacion\/portals\/web\/educacion-permanente\/eso\/modalidades\" target=\"_blank\" rel=\"noopener noreferrer\"><img loading=\"lazy\" decoding=\"async\" class=\"aligncenter wp-image-241 size-medium\" src=\"https:\/\/blogsaverroes.juntadeandalucia.es\/orientacioniesvega\/files\/2020\/02\/Educaci\u00f3n-Permanente-300x57.png\" alt=\"\" width=\"300\" height=\"57\" srcset=\"https:\/\/blogsaverroes.juntadeandalucia.es\/orientacioniesvega\/files\/2020\/02\/Educaci\u00f3n-Permanente-300x57.png 300w, https:\/\/blogsaverroes.juntadeandalucia.es\/orientacioniesvega\/files\/2020\/02\/Educaci\u00f3n-Permanente-24x5.png 24w, https:\/\/blogsaverroes.juntadeandalucia.es\/orientacioniesvega\/files\/2020\/02\/Educaci\u00f3n-Permanente-36x7.png 36w, https:\/\/blogsaverroes.juntadeandalucia.es\/orientacioniesvega\/files\/2020\/02\/Educaci\u00f3n-Permanente-48x9.png 48w, https:\/\/blogsaverroes.juntadeandalucia.es\/orientacioniesvega\/files\/2020\/02\/Educaci\u00f3n-Permanente.png 625w\" sizes=\"(max-width: 300px) 100vw, 300px\" \/><\/a><\/td>\n<\/tr>\n<tr style=\"background-color: #d7d7ff\">\n<td style=\"background-color: #e0d5f0;height: 56px\">\n<ul>\n<li style=\"text-align: left\">Si quieres obtener informaci\u00f3n sobre el Bachillerato para personas adultas: <a href=\"https:\/\/www.juntadeandalucia.es\/educacion\/portals\/web\/educacion-permanente\/bachillerato\/modalidades\">PINCHA AQU\u00cd<\/a><\/li>\n<\/ul>\n<\/td>\n<\/tr>\n<tr style=\"height: 24px\">\n<td style=\"text-align: center;height: 24px\">&nbsp;<\/td>\n<\/tr>\n<tr style=\"height: 56px\">\n<td style=\"background-color: #e0d5f0;height: 56px\">\n<ul style=\"list-style-type: disc\">\n<li style=\"text-align: left\">Ciclos Formativos a distancia en Andaluc\u00eda: <a href=\"https:\/\/www.educacionyfp.gob.es\/fpadistancia\/oferta-formativa\/oferta-formativa-comunidades\/andalucia.html\" target=\"_blank\" rel=\"noopener noreferrer\">PINCHA AQU\u00cd<\/a><\/li>\n<\/ul>\n<\/td>\n<\/tr>\n<\/tbody>\n<\/table>\n","protected":false},"excerpt":{"rendered":"<p>Desde este enlace puedes acceder a la Educaci\u00f3n Permanente que se ofrece en Andaluc\u00eda, en donde podr\u00e1s consultar la Oferta Educativa, Centros, Pruebas, Preguntas frecuentes, Recursos, Normativa, Emprendimiento: Si quieres obtener informaci\u00f3n sobre el&#46;&#46;&#46;<\/p>\n","protected":false},"author":7749,"featured_media":0,"parent":0,"menu_order":0,"comment_status":"closed","ping_status":"closed","template":"","meta":{"ngg_post_thumbnail":0,"footnotes":""},"aioseo_notices":[],"_links":{"self":[{"href":"https:\/\/blogsaverroes.juntadeandalucia.es\/orientacioniesvega\/wp-json\/wp\/v2\/pages\/236"}],"collection":[{"href":"https:\/\/blogsaverroes.juntadeandalucia.es\/orientacioniesvega\/wp-json\/wp\/v2\/pages"}],"about":[{"href":"https:\/\/blogsaverroes.juntadeandalucia.es\/orientacioniesvega\/wp-json\/wp\/v2\/types\/page"}],"author":[{"embeddable":true,"href":"https:\/\/blogsaverroes.juntadeandalucia.es\/orientacioniesvega\/wp-json\/wp\/v2\/users\/7749"}],"replies":[{"embeddable":true,"href":"https:\/\/blogsaverroes.juntadeandalucia.es\/orientacioniesvega\/wp-json\/wp\/v2\/comments?post=236"}],"version-history":[{"count":12,"href":"https:\/\/blogsaverroes.juntadeandalucia.es\/orientacioniesvega\/wp-json\/wp\/v2\/pages\/236\/revisions"}],"predecessor-version":[{"id":1847,"href":"https:\/\/blogsaverroes.juntadeandalucia.es\/orientacioniesvega\/wp-json\/wp\/v2\/pages\/236\/revisions\/1847"}],"wp:attachment":[{"href":"https:\/\/blogsaverroes.juntadeandalucia.es\/orientacioniesvega\/wp-json\/wp\/v2\/media?parent=236"}],"curies":[{"name":"wp","href":"https:\/\/api.w.org\/{rel}","templated":true}]}}