{"id":303,"date":"2020-03-09T19:14:15","date_gmt":"2020-03-09T18:14:15","guid":{"rendered":"https:\/\/blogsaverroes.juntadeandalucia.es\/orientacioniesvega\/?page_id=303"},"modified":"2026-04-22T16:07:23","modified_gmt":"2026-04-22T14:07:23","slug":"recursos","status":"publish","type":"page","link":"https:\/\/blogsaverroes.juntadeandalucia.es\/orientacioniesvega\/recursos\/","title":{"rendered":"Recursos"},"content":{"rendered":"<p>Con objeto de nutrir nuestro blog necesitaremos sitios que nos ofrezcan materiales libres de copyright, que podamos utilizar. A este tipo de lugares se les llama repositorios. Para ello vamos a comentar dos de ellos y a explicar algunos conceptos:<\/p>\n<ul style=\"list-style-type: square\">\n<li><strong>\u00bfQu\u00e9 es Agrega?<\/strong><\/li>\n<\/ul>\n<p>&#8211; Es un repositorio, formado por nodos auton\u00f3micos, muy potente, que permite publicar y autopublicar contenidos y crear secuencias de contenidos para el alumnado.<\/p>\n<ul style=\"list-style-type: square\">\n<li><strong>\u00bfQu\u00e9 es Procom\u00fan?<\/strong><\/li>\n<\/ul>\n<p>&#8211; Es un paso m\u00e1s en el desarrollo de Agrega. Adem\u00e1s de poder buscar, acceder y compartir los recursos alojados en Agrega incorpora el componente social, en Procom\u00fan tenemos adem\u00e1s comunidades, art\u00edculos, eventos, debates, preguntas, etc.<\/p>\n<ul style=\"list-style-type: square\">\n<li><strong>\u00bfQu\u00e9 recursos puedo encontrar en ellos?<\/strong><\/li>\n<\/ul>\n<p>&#8211; Podemos encontrar material educativo, libre de ser usado, y que nos ayude para realizar nuestro blog. Adem\u00e1s si elaboramos material podemos alojarlo en estos repositorios para que pueda ser utilizado por la comunidad educativa.<\/p>\n<p>&#8211; En las distintas \u00e1reas, el profesorado puede encontrar materiales para desarrollar su asignatura.<\/p>\n<p>&#8211; No hay recursos para la orientaci\u00f3n acad\u00e9mica y profesional. Si pueden encontrarse recursos, relacionados con distintas materias, u otros relacionados con estilos de vida saludable, o las Nuevas Tecnolog\u00edas. Dejo un enlace a ellos:<span style=\"color: #3366ff\"> <a style=\"color: #3366ff\" href=\"http:\/\/procomun.educalab.es\/es\/itinerarios\/teoria-elemental-de-html-ejercicios-practicos\" target=\"_blank\" rel=\"noopener noreferrer\"><strong>TEOR\u00cdA ELEMENTAL DE HTML<\/strong><\/a><\/span> (Materiales de INTEF en PROCOM\u00daN, Gonz\u00e1lez Rold\u00e1n, David 2019).<\/p>\n<ul style=\"list-style-type: square\">\n<li><strong>C\u00f3mo se organiza la informaci\u00f3n en estos repositorios?<\/strong><\/li>\n<\/ul>\n<p>&#8211; En Agrega la informaci\u00f3n se organiza por etapas educativas, y cursos, aunque puedes buscar im\u00e1genes, sonidos, v\u00eddeo, otros, objetos de aprendizaje<\/p>\n<p>&#8211; Procom\u00fan tiene un desarrollo m\u00e1s avanzado que Agrega. Adem\u00e1s de por palabra clave nos deja filtrar por tipo, \u00e1rea de conocimiento y contexto educativo<\/p>\n<ul style=\"list-style-type: square\">\n<li><strong>\u00bfQu\u00e9 son las categor\u00edas?<\/strong><\/li>\n<\/ul>\n<p>&#8211; Son la forma en la que se organizan los contenidos. Estas pueden ser jer\u00e1rquicas puede haber categor\u00edas dentro de otras categor\u00edas. Indican la dependencia unas de otras.<\/p>\n<ul style=\"list-style-type: square\">\n<li><strong>\u00bfY etiquetas?<\/strong><\/li>\n<\/ul>\n<p>&#8211; Las etiquetas son un concepto mucho m\u00e1s atomizado de la informaci\u00f3n. No son jer\u00e1rquicas. Tienen su propia URL. Hacen referencia a un aspecto espec\u00edfico.<\/p>\n<p><iframe class=\"wp-embedded-content\" sandbox=\"allow-scripts\" security=\"restricted\" title=\"Cuaderno de orientaci\u00f3n versi\u00f3n 1.1\" frameborder='0' width='1200' height='675' src='https:\/\/view.genially.com\/69e78ddd0dc5c7099c688517#?secret=NqMnNJm1ZK' data-secret='NqMnNJm1ZK' scrolling='yes'><\/iframe><\/p>\n","protected":false},"excerpt":{"rendered":"<p>Con objeto de nutrir nuestro blog necesitaremos sitios que nos ofrezcan materiales libres de copyright, que podamos utilizar. A este tipo de lugares se les llama repositorios. Para ello vamos a comentar dos de&#46;&#46;&#46;<\/p>\n","protected":false},"author":7749,"featured_media":0,"parent":0,"menu_order":0,"comment_status":"closed","ping_status":"closed","template":"","meta":{"ngg_post_thumbnail":0,"footnotes":""},"aioseo_notices":[],"_links":{"self":[{"href":"https:\/\/blogsaverroes.juntadeandalucia.es\/orientacioniesvega\/wp-json\/wp\/v2\/pages\/303"}],"collection":[{"href":"https:\/\/blogsaverroes.juntadeandalucia.es\/orientacioniesvega\/wp-json\/wp\/v2\/pages"}],"about":[{"href":"https:\/\/blogsaverroes.juntadeandalucia.es\/orientacioniesvega\/wp-json\/wp\/v2\/types\/page"}],"author":[{"embeddable":true,"href":"https:\/\/blogsaverroes.juntadeandalucia.es\/orientacioniesvega\/wp-json\/wp\/v2\/users\/7749"}],"replies":[{"embeddable":true,"href":"https:\/\/blogsaverroes.juntadeandalucia.es\/orientacioniesvega\/wp-json\/wp\/v2\/comments?post=303"}],"version-history":[{"count":8,"href":"https:\/\/blogsaverroes.juntadeandalucia.es\/orientacioniesvega\/wp-json\/wp\/v2\/pages\/303\/revisions"}],"predecessor-version":[{"id":2656,"href":"https:\/\/blogsaverroes.juntadeandalucia.es\/orientacioniesvega\/wp-json\/wp\/v2\/pages\/303\/revisions\/2656"}],"wp:attachment":[{"href":"https:\/\/blogsaverroes.juntadeandalucia.es\/orientacioniesvega\/wp-json\/wp\/v2\/media?parent=303"}],"curies":[{"name":"wp","href":"https:\/\/api.w.org\/{rel}","templated":true}]}}