{"id":605,"date":"2020-07-13T20:17:43","date_gmt":"2020-07-13T18:17:43","guid":{"rendered":"https:\/\/blogsaverroes.juntadeandalucia.es\/orientacioniesvega\/?page_id=605"},"modified":"2025-07-22T12:49:54","modified_gmt":"2025-07-22T10:49:54","slug":"planes-de-estudios-de-los-ciclos-formativos","status":"publish","type":"page","link":"https:\/\/blogsaverroes.juntadeandalucia.es\/orientacioniesvega\/planes-de-estudios-de-los-ciclos-formativos\/","title":{"rendered":"Formaci\u00f3n Profesional de Grado B\u00e1sico"},"content":{"rendered":"<table class=\"aligncenter\" style=\"width: 98.903509%;background-color: #fcfcfc;height: 955px\" border=\"2\" align=\"center\">\n<tbody>\n<tr style=\"height: 55px\">\n<td style=\"width: 89.767126%;background-color: #e3d5f2;height: 55px\" colspan=\"2\">\n<p style=\"text-align: center\"><strong>CALENDARIO DE ESCOLARIZACI\u00d3N DE LA FP DE GRADO B\u00c1SIC0: 2025-2026<\/strong><\/p>\n<p style=\"text-align: center\"><span style=\"color: #ff0000\"><strong><a href=\"https:\/\/www.juntadeandalucia.es\/educacion\/secretariavirtual\/accesoConsultas\/2208\/\" target=\"_blank\" rel=\"noopener noreferrer\">RELACI\u00d3N DE CICLOS FORMATIVOS GRADO B\u00c1SICO: PINCHAR AQU\u00cd<\/a>&nbsp; &nbsp; <a href=\"https:\/\/www.youtube.com\/watch?v=9PMxUS9mK_k\" target=\"_blank\" rel=\"noopener noreferrer\">V\u00cdDEO EXPLICATIVO<\/a><\/strong><\/span><\/p>\n<\/td>\n<\/tr>\n<tr style=\"height: 24px\">\n<td style=\"width: 39.939624%;border-style: solid;border-color: #000000;background-color: #ede9f2;height: 24px\"><strong>&nbsp;FECHA<\/strong><\/td>\n<td style=\"width: 49.827502%;border-style: solid;border-color: #000000;background-color: #ede9f2;height: 24px\"><strong>ACTUACI\u00d3N<\/strong><\/td>\n<\/tr>\n<tr style=\"height: 29px\" valign=\"middle\" bgcolor=\"#effdea\">\n<td style=\"height: 29px;width: 39.9396%;background-color: #fcfcfc;border-style: solid;border-color: #000000;text-align: left\" valign=\"top\">&nbsp;25 al 30 de junio ( Los que promocionan o repiten)<\/td>\n<td style=\"text-align: left;height: 29px;width: 49.827502%;background-color: #fcfcfc;border-style: solid;border-color: #000000\" valign=\"top\">\n<ul>\n<li>Matriculaci\u00f3n del alumnado que promociona o repite en el mismo centro en que curs\u00f3 el ciclo formativo de Formaci\u00f3n Profesional B\u00e1sica en el presente curso escolar.<\/li>\n<\/ul>\n<\/td>\n<\/tr>\n<tr style=\"height: 29px\" valign=\"middle\" bgcolor=\"#effdea\">\n<td style=\"text-align: left;height: 29px;width: 39.939624%;border-style: solid;border-color: #000000;background-color: #ede9f2\" valign=\"top\"><strong>&nbsp;15 al 30 de junio (alumnado nuevo)<\/strong><\/td>\n<td style=\"text-align: left;height: 29px;width: 49.827502%;border-style: solid;border-color: #000000;background-color: #ede9f2\" valign=\"top\">\n<ul>\n<li><span style=\"color: #ff0000\"><a style=\"color: #ff0000\" href=\"https:\/\/www.juntadeandalucia.es\/educacion\/secretariavirtual\/accesoConsultas\/2210\/\" target=\"_blank\" rel=\"noopener noreferrer\"><strong>Presentaci\u00f3n de solicitudes de primer curso.<\/strong><\/a><\/span><\/li>\n<\/ul>\n<\/td>\n<\/tr>\n<tr style=\"height: 29px\" valign=\"middle\" bgcolor=\"#effdea\">\n<td style=\"height: 29px;width: 39.939624%;background-color: #fcfcfc;border-style: solid;border-color: #000000;text-align: left\" valign=\"top\">&nbsp;3 de julio<\/td>\n<td style=\"height: 29px;width: 49.827502%;background-color: #fcfcfc;text-align: left;border-style: solid;border-color: #000000\" valign=\"top\">\n<ul>\n<li><span style=\"color: #ff0000\"><a style=\"color: #ff0000\" href=\"https:\/\/www.juntadeandalucia.es\/educacion\/secretariavirtual\/accesoConsultas\/2210\/\" target=\"_blank\" rel=\"noopener noreferrer\">Relaci\u00f3n provisional de personas solicitantes de primer curso.<\/a><\/span><\/li>\n<\/ul>\n<\/td>\n<\/tr>\n<tr style=\"height: 29px\" valign=\"middle\" bgcolor=\"#effdea\">\n<td style=\"text-align: left;height: 29px;width: 39.939624%;border-style: solid;border-color: #000000;background-color: #ede9f2\" valign=\"top\">&nbsp;4 al 7 de julio<\/td>\n<td style=\"text-align: left;height: 29px;width: 49.827502%;border-style: solid;border-color: #000000;background-color: #ede9f2\" valign=\"top\">\n<ul>\n<li><span style=\"color: #ff0000\"><a style=\"color: #ff0000\" href=\"https:\/\/www.juntadeandalucia.es\/educacion\/secretariavirtual\/accesoTramite\/285\/\">Alegaciones a la relaci\u00f3n provisional de solicitantes de primer curso.<\/a><\/span><\/li>\n<\/ul>\n<\/td>\n<\/tr>\n<tr style=\"height: 29px\" valign=\"middle\" bgcolor=\"#effdea\">\n<td style=\"text-align: left;height: 29px;width: 39.939624%;background-color: #fcfcfc;border-style: solid;border-color: #000000\" valign=\"top\">&nbsp;10 de julio<\/td>\n<td style=\"text-align: left;height: 29px;width: 49.827502%;background-color: #fcfcfc;border-style: solid;border-color: #000000\" valign=\"top\">\n<ul>\n<li><span style=\"color: #ff0000\"><a style=\"color: #ff0000\" href=\"https:\/\/www.juntadeandalucia.es\/educacion\/secretariavirtual\/consultas\/#FORM_PROF\" target=\"_blank\" rel=\"noopener noreferrer\">Relaci\u00f3n definitiva de personas solicitantes de primer curso y 1\u00aa adjudicaci\u00f3n<\/a><\/span><\/li>\n<\/ul>\n<\/td>\n<\/tr>\n<tr style=\"height: 29px\" valign=\"middle\" bgcolor=\"#effdea\">\n<td style=\"text-align: left;height: 29px;width: 39.939624%;border-style: solid;border-color: #000000;background-color: #ede9f2\" valign=\"top\"><strong>&nbsp;11 al 16 de julio<\/strong><\/td>\n<td style=\"text-align: left;height: 29px;width: 49.827502%;border-style: solid;border-color: #000000;background-color: #ede9f2\" valign=\"top\">\n<ul>\n<li><strong>Matriculaci\u00f3n o reserva de matr\u00edcula de personas admitidas en la primera adjudicaci\u00f3n. ACCESIBLE EN LA FECHA INDICADA.<\/strong><\/li>\n<\/ul>\n<ol>\n<li><span style=\"color: #ff0000\"><a style=\"color: #ff0000\" href=\"https:\/\/www.juntadeandalucia.es\/educacion\/secretariavirtual\/accesoTramite\/879\/\" target=\"_blank\" rel=\"noopener noreferrer\"><strong>Matr\u00edcula<\/strong><\/a><\/span><\/li>\n<li><span style=\"color: #ff0000\"><a style=\"color: #ff0000\" href=\"https:\/\/www.juntadeandalucia.es\/educacion\/secretariavirtual\/accesoTramite\/287\/\" target=\"_blank\" rel=\"noopener noreferrer\"><strong>Reserva de plaza<\/strong><\/a><\/span><\/li>\n<\/ol>\n<\/td>\n<\/tr>\n<tr style=\"height: 29px\" valign=\"middle\" bgcolor=\"#effdea\">\n<td style=\"text-align: left;height: 32px;width: 39.939624%;background-color: #fcfcfc;border-style: solid;border-color: #000000\" valign=\"top\">&nbsp;21 de julio<\/td>\n<td style=\"text-align: left;height: 32px;width: 49.827502%;background-color: #fcfcfc;border-style: solid;border-color: #000000\" valign=\"top\">\n<ul>\n<li><span style=\"color: #ff0000\"><strong><a style=\"color: #ff0000\" href=\"https:\/\/www.juntadeandalucia.es\/educacion\/secretariavirtual\/accesoConsultas\/2213\/\" target=\"_blank\" rel=\"noopener noreferrer\">SEGUNDA ADJUDICACI\u00d3N.<\/a><\/strong><\/span><\/li>\n<\/ul>\n<\/td>\n<\/tr>\n<tr style=\"height: 29px\" valign=\"middle\" bgcolor=\"#effdea\">\n<td style=\"text-align: left;height: 29px;width: 39.939624%;border-style: solid;border-color: #000000;background-color: #ede9f2\" valign=\"top\"><strong>&nbsp;Del 22 al 24 de julio<\/strong><\/td>\n<td style=\"text-align: left;height: 29px;width: 49.827502%;border-style: solid;border-color: #000000;background-color: #ede9f2\" valign=\"top\">\n<ul>\n<li><span style=\"color: #ff0000\"><a style=\"color: #ff0000\" href=\"https:\/\/www.juntadeandalucia.es\/educacion\/secretariavirtual\/accesoTramite\/879\/\" target=\"_blank\" rel=\"noopener noreferrer\"><strong>Matriculaci\u00f3n de personas admitidas en la segunda adjudicaci\u00f3n.<\/strong><\/a><\/span><\/li>\n<\/ul>\n<\/td>\n<\/tr>\n<tr style=\"height: 29px\" valign=\"middle\" bgcolor=\"#effdea\">\n<td style=\"text-align: left;height: 29px;width: 39.939624%;background-color: #fcfcfc;border-style: solid;border-color: #000000\" valign=\"top\">&nbsp;LISTA DE ESPERA: Hasta el 15 de noviembre.<\/td>\n<td style=\"text-align: left;height: 29px;width: 49.827502%;background-color: #fcfcfc;border-style: solid;border-color: #000000\" valign=\"top\">\n<ul>\n<li>Gesti\u00f3n de lista de espera \/ Recepci\u00f3n de solicitudes extempor\u00e1neas en ofertas con vacantes y sin lista de espera<\/li>\n<\/ul>\n<\/td>\n<\/tr>\n<\/tbody>\n<\/table>\n<ul style=\"list-style-type: disc\">\n<li><span style=\"color: #ff0000\"><strong>FORMACI\u00d3N PROFESIONAL DE GRADO B\u00c1SICO: PROCESO DE ESCOLARIZACI\u00d3N<\/strong><\/span><\/li>\n<\/ul>\n<p style=\"text-align: center\"><iframe loading=\"lazy\" src=\"\/\/www.youtube.com\/embed\/CDG-b_QKLDE\" width=\"900\" height=\"506\" frameborder=\"0\"><\/iframe><\/p>\n<ul style=\"list-style-type: disc\">\n<li><span style=\"color: #ff0000\"><strong><span style=\"font-size: 12pt\">FORMACI\u00d3N PROFESIONAL DE GRADO B\u00c1SICO: Gracias a nuestra compa\u00f1era Noem\u00ed (Por actualizar)<\/span><\/strong><\/span><\/li>\n<\/ul>\n<div style=\"width: 100%\">\n<div style=\"padding-bottom: 56.25%;padding-top: 0px;height: 0px;text-align: center\"><iframe loading=\"lazy\" src=\"https:\/\/view.genial.ly\/5ed9f28d61d0cc0dae464d5f\" width=\"900px\" height=\"605px\" frameborder=\"0\" scrolling=\"yes\"><\/iframe><\/div>\n<\/div>\n<div>&nbsp;<\/div>\n<div>&nbsp;<\/div>\n<div>&nbsp;<\/div>\n<div>&nbsp;<\/div>\n","protected":false},"excerpt":{"rendered":"<p>CALENDARIO DE ESCOLARIZACI\u00d3N DE LA FP DE GRADO B\u00c1SIC0: 2025-2026 RELACI\u00d3N DE CICLOS FORMATIVOS GRADO B\u00c1SICO: PINCHAR AQU\u00cd&nbsp; &nbsp; V\u00cdDEO EXPLICATIVO &nbsp;FECHA ACTUACI\u00d3N &nbsp;25 al 30 de junio ( Los que promocionan o repiten)&#46;&#46;&#46;<\/p>\n","protected":false},"author":7749,"featured_media":0,"parent":0,"menu_order":0,"comment_status":"closed","ping_status":"closed","template":"","meta":{"ngg_post_thumbnail":0,"footnotes":""},"aioseo_notices":[],"_links":{"self":[{"href":"https:\/\/blogsaverroes.juntadeandalucia.es\/orientacioniesvega\/wp-json\/wp\/v2\/pages\/605"}],"collection":[{"href":"https:\/\/blogsaverroes.juntadeandalucia.es\/orientacioniesvega\/wp-json\/wp\/v2\/pages"}],"about":[{"href":"https:\/\/blogsaverroes.juntadeandalucia.es\/orientacioniesvega\/wp-json\/wp\/v2\/types\/page"}],"author":[{"embeddable":true,"href":"https:\/\/blogsaverroes.juntadeandalucia.es\/orientacioniesvega\/wp-json\/wp\/v2\/users\/7749"}],"replies":[{"embeddable":true,"href":"https:\/\/blogsaverroes.juntadeandalucia.es\/orientacioniesvega\/wp-json\/wp\/v2\/comments?post=605"}],"version-history":[{"count":163,"href":"https:\/\/blogsaverroes.juntadeandalucia.es\/orientacioniesvega\/wp-json\/wp\/v2\/pages\/605\/revisions"}],"predecessor-version":[{"id":2556,"href":"https:\/\/blogsaverroes.juntadeandalucia.es\/orientacioniesvega\/wp-json\/wp\/v2\/pages\/605\/revisions\/2556"}],"wp:attachment":[{"href":"https:\/\/blogsaverroes.juntadeandalucia.es\/orientacioniesvega\/wp-json\/wp\/v2\/media?parent=605"}],"curies":[{"name":"wp","href":"https:\/\/api.w.org\/{rel}","templated":true}]}}