{"id":63,"date":"2020-02-11T22:10:14","date_gmt":"2020-02-11T21:10:14","guid":{"rendered":"https:\/\/blogsaverroes.juntadeandalucia.es\/orientacioniesvega\/?page_id=63"},"modified":"2025-03-28T08:13:17","modified_gmt":"2025-03-28T07:13:17","slug":"prueba-de-acceso-a-la-universidad","status":"publish","type":"page","link":"https:\/\/blogsaverroes.juntadeandalucia.es\/orientacioniesvega\/prueba-de-acceso-a-la-universidad\/","title":{"rendered":"Prueba de acceso a la Universidad"},"content":{"rendered":"<table style=\"border-collapse: collapse;width: 100%\">\n<tbody>\n<tr>\n<td style=\"width: 100%;background-color: #d2b6de\">\n<ul style=\"list-style-type: disc\">\n<li style=\"text-align: left\"><strong>PRUEBA DE ACCESO A LA UNIVERSIDAD: NOTA DE PAU, NOTA DE ACCESO Y NOTA DE ADMISI\u00d3N<\/strong><\/li>\n<\/ul>\n<\/td>\n<\/tr>\n<\/tbody>\n<\/table>\n<p style=\"text-align: center\"><iframe loading=\"lazy\" src=\"\/\/www.youtube.com\/embed\/nNj4cbrdG7g?si=yHCkX_k1wuFYBIeC\" width=\"900\" height=\"506\" frameborder=\"0\"><\/iframe><\/p>\n<table class=\" aligncenter\" style=\"border-collapse: collapse;width: 100%\">\n<tbody>\n<tr>\n<td style=\"width: 100%;background-color: #d2b6de\">\n<ul>\n<li style=\"text-align: left\"><strong>Prueba de acceso a la Universidad por Noem\u00ed S\u00e1nchez. Todas las fases explicadas: Genial.<\/strong><\/li>\n<\/ul>\n<\/td>\n<\/tr>\n<\/tbody>\n<\/table>\n<div style=\"width: 100%;text-align: center\">\n<div>&nbsp;<\/div>\n<div style=\"padding-bottom: 56.25%;padding-top: 0;height: 0\"><iframe loading=\"lazy\" src=\"https:\/\/view.genial.ly\/6377e6a6521a1b0012882400\" width=\"900px\" height=\"605px\" frameborder=\"0\" scrolling=\"yes\"><\/iframe><\/div>\n<\/div>\n<p>&nbsp;<\/p>\n<table class=\" aligncenter\" style=\"width: 102.297593%;height: 1439px\" border=\"0\">\n<tbody>\n<tr style=\"height: 56px\">\n<td style=\"background-color: #d2b6de;text-align: left;width: 1.067236%;height: 56px\" colspan=\"2\">\n<ul style=\"list-style-type: disc\">\n<li><strong>Orientaciones para afrontar la PRUEBA DE EVALUACI\u00d3N DE ACCESO A LA UNIVERSIDAD (SELECTIVIDAD)<\/strong><\/li>\n<\/ul>\n<\/td>\n<\/tr>\n<tr style=\"height: 571px\">\n<td style=\"text-align: left;width: 1.067236%;height: 571px\" colspan=\"2\">\n<div style=\"text-align: center\"><iframe loading=\"lazy\" src=\"\/\/www.youtube.com\/embed\/3ZIE9aWtRi4\" width=\"900\" height=\"516\" frameborder=\"0\"><\/iframe><\/div>\n<div>&nbsp;<\/div>\n<\/td>\n<\/tr>\n<tr style=\"height: 17px\" valign=\"middle\" bgcolor=\"#d7d7ff\">\n<td style=\"height: 17px;background-color: #d2b6de;text-align: left;width: 1.067236%\" colspan=\"2\">\n<ul class=\"Estilo4\">\n<li>\n<div><strong>Los siguientes enlaces te aportan informaci\u00f3n relevante sobre la PRUEBA DE EVALUACI\u00d3N DE ACCESO A LA UNIVERSIDAD (PEvAU). Curso 22-23.<\/strong><\/div>\n<\/li>\n<\/ul>\n<\/td>\n<\/tr>\n<tr style=\"height: 508px\" valign=\"middle\" bgcolor=\"#effdea\">\n<td style=\"height: 508px;width: 1.067236%;background-color: #f7f2f2;text-align: left\" colspan=\"2\" valign=\"top\">\n<div style=\"width: 100%\">\n<div style=\"padding-bottom: 56.470588235294116%;padding-top: 0px;height: 0px;text-align: center\"><iframe loading=\"lazy\" src=\"https:\/\/view.genial.ly\/603bffded0bbb40d2ce079e7\" width=\"900px\" height=\"508px\" frameborder=\"0\" scrolling=\"yes\"><\/iframe><\/div>\n<\/div>\n<ul>\n<li style=\"list-style-type: none\">\n<ul style=\"list-style-type: circle\">\n<li><span style=\"color: #0000ff\"><strong><a style=\"color: #0000ff\" href=\"https:\/\/saap.ugr.es\/informacion\/app-acceso-admision\" target=\"_blank\" rel=\"noopener noreferrer\">APP<\/a><\/strong> <\/span>sobre la prueba de acceso y la preinscripci\u00f3n en la Universidad de Granada.<br \/>\n&nbsp;&nbsp;<\/li>\n<li><span style=\"color: #ff9900\"><strong><span style=\"color: #0000ff\"><a style=\"color: #0000ff\" href=\"https:\/\/www.juntadeandalucia.es\/economiaconocimientoempresasyuniversidad\/sguit\/?q=grados&amp;d=g_b_modelos_examen_covid19.php\" target=\"_blank\" rel=\"noopener noreferrer\">ESTRUCTURA Y MODELO DE EXAMEN de las materias de la pruebas de acceso y admisi\u00f3n 2020<\/a><\/span>.<\/strong> <\/span>En esta p\u00e1gina pod\u00e9is ver la propuesta y modelo de examen para este curso.<br \/>\n&nbsp;&nbsp;<\/li>\n<li><span style=\"color: #0000ff\"><strong><a style=\"color: #0000ff\" href=\"https:\/\/www.juntadeandalucia.es\/economiaconocimientoempresasyuniversidad\/sguit\/?q=grados&amp;d=g_b_examenes_anteriores.php\" target=\"_blank\" rel=\"noopener noreferrer\">Ex\u00e1menes de cursos anteriores y orientaciones.<\/a> <\/strong><\/span>El profesorado de las distintas materias te ha estado ofreciendo orientaciones sobre los ex\u00e1menes realizados en los cursos anteriores. A su vez, ha estado trabajando contigo \u00e9stos. Aqu\u00ed tienes todos los ex\u00e1menes que se han realizado desde el curso 96-97.Propuesta de ex\u00e1menes para el curso actual.<\/li>\n<\/ul>\n<\/li>\n<\/ul>\n<\/td>\n<\/tr>\n<\/tbody>\n<\/table>\n","protected":false},"excerpt":{"rendered":"<p>PRUEBA DE ACCESO A LA UNIVERSIDAD: NOTA DE PAU, NOTA DE ACCESO Y NOTA DE ADMISI\u00d3N Prueba de acceso a la Universidad por Noem\u00ed S\u00e1nchez. Todas las fases explicadas: Genial. &nbsp; &nbsp; Orientaciones para&#46;&#46;&#46;<\/p>\n","protected":false},"author":7749,"featured_media":0,"parent":0,"menu_order":0,"comment_status":"open","ping_status":"open","template":"","meta":{"ngg_post_thumbnail":0,"footnotes":""},"aioseo_notices":[],"_links":{"self":[{"href":"https:\/\/blogsaverroes.juntadeandalucia.es\/orientacioniesvega\/wp-json\/wp\/v2\/pages\/63"}],"collection":[{"href":"https:\/\/blogsaverroes.juntadeandalucia.es\/orientacioniesvega\/wp-json\/wp\/v2\/pages"}],"about":[{"href":"https:\/\/blogsaverroes.juntadeandalucia.es\/orientacioniesvega\/wp-json\/wp\/v2\/types\/page"}],"author":[{"embeddable":true,"href":"https:\/\/blogsaverroes.juntadeandalucia.es\/orientacioniesvega\/wp-json\/wp\/v2\/users\/7749"}],"replies":[{"embeddable":true,"href":"https:\/\/blogsaverroes.juntadeandalucia.es\/orientacioniesvega\/wp-json\/wp\/v2\/comments?post=63"}],"version-history":[{"count":167,"href":"https:\/\/blogsaverroes.juntadeandalucia.es\/orientacioniesvega\/wp-json\/wp\/v2\/pages\/63\/revisions"}],"predecessor-version":[{"id":2487,"href":"https:\/\/blogsaverroes.juntadeandalucia.es\/orientacioniesvega\/wp-json\/wp\/v2\/pages\/63\/revisions\/2487"}],"wp:attachment":[{"href":"https:\/\/blogsaverroes.juntadeandalucia.es\/orientacioniesvega\/wp-json\/wp\/v2\/media?parent=63"}],"curies":[{"name":"wp","href":"https:\/\/api.w.org\/{rel}","templated":true}]}}