{"id":757,"date":"2020-11-28T12:19:35","date_gmt":"2020-11-28T11:19:35","guid":{"rendered":"https:\/\/blogsaverroes.juntadeandalucia.es\/orientacioniesvega\/?page_id=757"},"modified":"2023-05-28T22:33:31","modified_gmt":"2023-05-28T20:33:31","slug":"notas-de-corte-grados-y-mas","status":"publish","type":"page","link":"https:\/\/blogsaverroes.juntadeandalucia.es\/orientacioniesvega\/notas-de-corte-grados-y-mas\/","title":{"rendered":"Notas de corte, Grados, y m\u00e1s"},"content":{"rendered":"<table class=\" aligncenter\" style=\"width: 100.074429%;height: 61px\" border=\"0\">\n<tbody>\n<tr valign=\"middle\" bgcolor=\"#d7d7ff\">\n<td style=\"width: 1.2330456226880395%;text-align: left\" colspan=\"2\" valign=\"top\" bgcolor=\"#d7d7ff\" height=\"17\">\n<div class=\"footer Estilo2 Estilo4 Estilo6\">\n<ul>\n<li><strong>INFORMACI\u00d3N SOBRE LA PEVAU, NOTAS DE CORTE, PAR\u00c1METROS, GRADOS, Y M\u00c1S&#8230;<\/strong><\/li>\n<\/ul>\n<\/div>\n<\/td>\n<\/tr>\n<\/tbody>\n<\/table>\n<div style=\"width: 100%\">\n<div style=\"padding-bottom: 56.25%;padding-top: 0px;height: 0px;text-align: center\"><iframe loading=\"lazy\" src=\"https:\/\/view.genial.ly\/5fc23f72c852dd0d3638017c\" width=\"900px\" height=\"607px\" frameborder=\"0\" scrolling=\"yes\"><\/iframe><\/div>\n<\/div>\n","protected":false},"excerpt":{"rendered":"<p>INFORMACI\u00d3N SOBRE LA PEVAU, NOTAS DE CORTE, PAR\u00c1METROS, GRADOS, Y M\u00c1S&#8230;<\/p>\n","protected":false},"author":7749,"featured_media":0,"parent":0,"menu_order":0,"comment_status":"closed","ping_status":"closed","template":"","meta":{"ngg_post_thumbnail":0,"footnotes":""},"aioseo_notices":[],"_links":{"self":[{"href":"https:\/\/blogsaverroes.juntadeandalucia.es\/orientacioniesvega\/wp-json\/wp\/v2\/pages\/757"}],"collection":[{"href":"https:\/\/blogsaverroes.juntadeandalucia.es\/orientacioniesvega\/wp-json\/wp\/v2\/pages"}],"about":[{"href":"https:\/\/blogsaverroes.juntadeandalucia.es\/orientacioniesvega\/wp-json\/wp\/v2\/types\/page"}],"author":[{"embeddable":true,"href":"https:\/\/blogsaverroes.juntadeandalucia.es\/orientacioniesvega\/wp-json\/wp\/v2\/users\/7749"}],"replies":[{"embeddable":true,"href":"https:\/\/blogsaverroes.juntadeandalucia.es\/orientacioniesvega\/wp-json\/wp\/v2\/comments?post=757"}],"version-history":[{"count":12,"href":"https:\/\/blogsaverroes.juntadeandalucia.es\/orientacioniesvega\/wp-json\/wp\/v2\/pages\/757\/revisions"}],"predecessor-version":[{"id":2051,"href":"https:\/\/blogsaverroes.juntadeandalucia.es\/orientacioniesvega\/wp-json\/wp\/v2\/pages\/757\/revisions\/2051"}],"wp:attachment":[{"href":"https:\/\/blogsaverroes.juntadeandalucia.es\/orientacioniesvega\/wp-json\/wp\/v2\/media?parent=757"}],"curies":[{"name":"wp","href":"https:\/\/api.w.org\/{rel}","templated":true}]}}