{"id":77,"date":"2020-02-11T22:51:47","date_gmt":"2020-02-11T21:51:47","guid":{"rendered":"https:\/\/blogsaverroes.juntadeandalucia.es\/orientacioniesvega\/?page_id=77"},"modified":"2025-06-12T08:03:23","modified_gmt":"2025-06-12T06:03:23","slug":"admision-y-matricula-en-la-universidad","status":"publish","type":"page","link":"https:\/\/blogsaverroes.juntadeandalucia.es\/orientacioniesvega\/admision-y-matricula-en-la-universidad\/","title":{"rendered":"Admisi\u00f3n y Matr\u00edcula en la Universidad"},"content":{"rendered":"<table style=\"height: 10px;width: 105.454217%\" border=\"0\" width=\"830\">\n<tbody>\n<tr style=\"height: 17px\" valign=\"middle\" bgcolor=\"#d7d7ff\">\n<td style=\"width: 826px;height: 10px;text-align: left\" colspan=\"2\">\n<ul class=\"Estilo4\">\n<li>\n<div><strong>Los siguientes enlaces te aportan informaci\u00f3n relevante sobre el<em> ACCESO A LA UNIVERSIDAD<\/em> desde la p\u00e1gina del DISTRITO \u00daNICO ANDALUZ:<\/strong><\/div>\n<\/li>\n<\/ul>\n<\/td>\n<\/tr>\n<\/tbody>\n<\/table>\n<div style=\"width: 100%\">\n<div style=\"position: relative;padding-bottom: 56.25%;padding-top: 0px;height: 0px;text-align: center\"><iframe loading=\"lazy\" src=\"https:\/\/view.genially.com\/67edb5ca6e06c9cda5e3ae87\" width=\"1200\" height=\"675\" frameborder=\"0\" scrolling=\"yes\"><\/iframe><\/div>\n<\/div>\n","protected":false},"excerpt":{"rendered":"<p>Los siguientes enlaces te aportan informaci\u00f3n relevante sobre el ACCESO A LA UNIVERSIDAD desde la p\u00e1gina del DISTRITO \u00daNICO ANDALUZ:<\/p>\n","protected":false},"author":7749,"featured_media":0,"parent":0,"menu_order":0,"comment_status":"closed","ping_status":"closed","template":"","meta":{"ngg_post_thumbnail":0,"footnotes":""},"aioseo_notices":[],"_links":{"self":[{"href":"https:\/\/blogsaverroes.juntadeandalucia.es\/orientacioniesvega\/wp-json\/wp\/v2\/pages\/77"}],"collection":[{"href":"https:\/\/blogsaverroes.juntadeandalucia.es\/orientacioniesvega\/wp-json\/wp\/v2\/pages"}],"about":[{"href":"https:\/\/blogsaverroes.juntadeandalucia.es\/orientacioniesvega\/wp-json\/wp\/v2\/types\/page"}],"author":[{"embeddable":true,"href":"https:\/\/blogsaverroes.juntadeandalucia.es\/orientacioniesvega\/wp-json\/wp\/v2\/users\/7749"}],"replies":[{"embeddable":true,"href":"https:\/\/blogsaverroes.juntadeandalucia.es\/orientacioniesvega\/wp-json\/wp\/v2\/comments?post=77"}],"version-history":[{"count":44,"href":"https:\/\/blogsaverroes.juntadeandalucia.es\/orientacioniesvega\/wp-json\/wp\/v2\/pages\/77\/revisions"}],"predecessor-version":[{"id":2543,"href":"https:\/\/blogsaverroes.juntadeandalucia.es\/orientacioniesvega\/wp-json\/wp\/v2\/pages\/77\/revisions\/2543"}],"wp:attachment":[{"href":"https:\/\/blogsaverroes.juntadeandalucia.es\/orientacioniesvega\/wp-json\/wp\/v2\/media?parent=77"}],"curies":[{"name":"wp","href":"https:\/\/api.w.org\/{rel}","templated":true}]}}