{"id":100,"date":"2018-03-01T16:37:49","date_gmt":"2018-03-01T16:37:49","guid":{"rendered":"https:\/\/blogsaverroes.juntadeandalucia.es\/orientacionpjm\/?page_id=100"},"modified":"2018-03-10T11:14:59","modified_gmt":"2018-03-10T10:14:59","slug":"forma-joven","status":"publish","type":"page","link":"https:\/\/blogsaverroes.juntadeandalucia.es\/orientacionpjm\/forma-joven\/","title":{"rendered":"FORMA JOVEN"},"content":{"rendered":"<div class=\"contenido_detalle\">\n<div class=\"detalle_html\">\n<p>En IES Pedro Jim\u00e9nez Montoya, desarrollamos el&nbsp; Programa de Promoci\u00f3n de H\u00e1bitos de Vida Saludable FORMA JOVEN, destinado a&nbsp; centros docentes de Andaluc\u00eda sostenidos con fondos p\u00fablicos que imparten ense\u00f1anzas de educaci\u00f3n secundaria. En el trabajamos distintas l\u00edneas, a las que puedes acceder desde cada una de las siguientes im\u00e1genes.<\/p>\n<\/div>\n<table style=\"height: 863px;width: 579px\">\n<tbody>\n<tr>\n<td style=\"width: 549px\" colspan=\"3\"><img loading=\"lazy\" decoding=\"async\" class=\"aligncenter wp-image-192 \" src=\"https:\/\/blogsaverroes.juntadeandalucia.es\/orientacionpjm\/files\/2018\/03\/Sin-t\u00edtulo-1-2.jpg\" alt=\"\" width=\"219\" height=\"24\" srcset=\"https:\/\/blogsaverroes.juntadeandalucia.es\/orientacionpjm\/files\/2018\/03\/Sin-t\u00edtulo-1-2.jpg 385w, https:\/\/blogsaverroes.juntadeandalucia.es\/orientacionpjm\/files\/2018\/03\/Sin-t\u00edtulo-1-2-300x33.jpg 300w, https:\/\/blogsaverroes.juntadeandalucia.es\/orientacionpjm\/files\/2018\/03\/Sin-t\u00edtulo-1-2-24x3.jpg 24w, https:\/\/blogsaverroes.juntadeandalucia.es\/orientacionpjm\/files\/2018\/03\/Sin-t\u00edtulo-1-2-36x4.jpg 36w, https:\/\/blogsaverroes.juntadeandalucia.es\/orientacionpjm\/files\/2018\/03\/Sin-t\u00edtulo-1-2-48x5.jpg 48w\" sizes=\"(max-width: 219px) 100vw, 219px\" \/><\/td>\n<\/tr>\n<tr>\n<td style=\"width: 191px\"><img loading=\"lazy\" decoding=\"async\" class=\"size-medium wp-image-188 alignleft\" src=\"https:\/\/blogsaverroes.juntadeandalucia.es\/orientacionpjm\/files\/2018\/03\/carrot-1085063_960_720-300x198.jpg\" alt=\"\" width=\"300\" height=\"198\" srcset=\"https:\/\/blogsaverroes.juntadeandalucia.es\/orientacionpjm\/files\/2018\/03\/carrot-1085063_960_720-300x198.jpg 300w, https:\/\/blogsaverroes.juntadeandalucia.es\/orientacionpjm\/files\/2018\/03\/carrot-1085063_960_720-768x507.jpg 768w, https:\/\/blogsaverroes.juntadeandalucia.es\/orientacionpjm\/files\/2018\/03\/carrot-1085063_960_720-24x16.jpg 24w, https:\/\/blogsaverroes.juntadeandalucia.es\/orientacionpjm\/files\/2018\/03\/carrot-1085063_960_720-36x24.jpg 36w, https:\/\/blogsaverroes.juntadeandalucia.es\/orientacionpjm\/files\/2018\/03\/carrot-1085063_960_720-48x32.jpg 48w, https:\/\/blogsaverroes.juntadeandalucia.es\/orientacionpjm\/files\/2018\/03\/carrot-1085063_960_720.jpg 960w\" sizes=\"(max-width: 300px) 100vw, 300px\" \/><\/p>\n<p style=\"text-align: center\">Alimentaci\u00f3n saludable<\/p>\n<p>&nbsp;<\/p>\n<p>&nbsp;<\/td>\n<td style=\"width: 185px\"><img loading=\"lazy\" decoding=\"async\" class=\"size-medium wp-image-182 aligncenter\" src=\"https:\/\/blogsaverroes.juntadeandalucia.es\/orientacionpjm\/files\/2018\/03\/cyclists-885609_960_720-200x300.jpg\" alt=\"\" width=\"200\" height=\"300\" srcset=\"https:\/\/blogsaverroes.juntadeandalucia.es\/orientacionpjm\/files\/2018\/03\/cyclists-885609_960_720-200x300.jpg 200w, https:\/\/blogsaverroes.juntadeandalucia.es\/orientacionpjm\/files\/2018\/03\/cyclists-885609_960_720-16x24.jpg 16w, https:\/\/blogsaverroes.juntadeandalucia.es\/orientacionpjm\/files\/2018\/03\/cyclists-885609_960_720-24x36.jpg 24w, https:\/\/blogsaverroes.juntadeandalucia.es\/orientacionpjm\/files\/2018\/03\/cyclists-885609_960_720-32x48.jpg 32w, https:\/\/blogsaverroes.juntadeandalucia.es\/orientacionpjm\/files\/2018\/03\/cyclists-885609_960_720.jpg 479w\" sizes=\"(max-width: 200px) 100vw, 200px\" \/><\/p>\n<p style=\"text-align: center\">Prevenci\u00f3n de accidentalidad<\/p>\n<\/td>\n<td style=\"width: 173px\"><img loading=\"lazy\" decoding=\"async\" class=\"size-medium wp-image-186\" src=\"https:\/\/blogsaverroes.juntadeandalucia.es\/orientacionpjm\/files\/2018\/03\/silhouette-683751_960_720-300x169.jpg\" alt=\"\" width=\"300\" height=\"169\" srcset=\"https:\/\/blogsaverroes.juntadeandalucia.es\/orientacionpjm\/files\/2018\/03\/silhouette-683751_960_720-300x169.jpg 300w, https:\/\/blogsaverroes.juntadeandalucia.es\/orientacionpjm\/files\/2018\/03\/silhouette-683751_960_720-768x432.jpg 768w, https:\/\/blogsaverroes.juntadeandalucia.es\/orientacionpjm\/files\/2018\/03\/silhouette-683751_960_720-24x14.jpg 24w, https:\/\/blogsaverroes.juntadeandalucia.es\/orientacionpjm\/files\/2018\/03\/silhouette-683751_960_720-36x20.jpg 36w, https:\/\/blogsaverroes.juntadeandalucia.es\/orientacionpjm\/files\/2018\/03\/silhouette-683751_960_720-48x27.jpg 48w, https:\/\/blogsaverroes.juntadeandalucia.es\/orientacionpjm\/files\/2018\/03\/silhouette-683751_960_720.jpg 960w\" sizes=\"(max-width: 300px) 100vw, 300px\" \/><\/p>\n<p style=\"text-align: center\">Actividad f\u00edsica<\/p>\n<\/td>\n<\/tr>\n<tr>\n<td style=\"width: 549px\" colspan=\"3\">\n<p style=\"text-align: center\"><strong>CAMPA\u00d1A ACT\u00cdVATE<\/strong><\/p>\n<p style=\"text-align: center\">CONCURSO \u00abPONTE EN MARCHA\u00bb<\/p>\n<p><a href=\"https:\/\/blogsaverroes.juntadeandalucia.es\/orientacionpjm\/ponte-en-marcha\/\" target=\"_blank\" rel=\"noopener\"><img loading=\"lazy\" decoding=\"async\" class=\"alignnone size-medium wp-image-127 aligncenter\" src=\"https:\/\/blogsaverroes.juntadeandalucia.es\/orientacionpjm\/files\/2018\/03\/triptico-300x159.jpg\" alt=\"\" width=\"300\" height=\"159\" srcset=\"https:\/\/blogsaverroes.juntadeandalucia.es\/orientacionpjm\/files\/2018\/03\/triptico-300x159.jpg 300w, https:\/\/blogsaverroes.juntadeandalucia.es\/orientacionpjm\/files\/2018\/03\/triptico-768x406.jpg 768w, https:\/\/blogsaverroes.juntadeandalucia.es\/orientacionpjm\/files\/2018\/03\/triptico-1024x542.jpg 1024w, https:\/\/blogsaverroes.juntadeandalucia.es\/orientacionpjm\/files\/2018\/03\/triptico-24x13.jpg 24w, https:\/\/blogsaverroes.juntadeandalucia.es\/orientacionpjm\/files\/2018\/03\/triptico-36x19.jpg 36w, https:\/\/blogsaverroes.juntadeandalucia.es\/orientacionpjm\/files\/2018\/03\/triptico-48x25.jpg 48w, https:\/\/blogsaverroes.juntadeandalucia.es\/orientacionpjm\/files\/2018\/03\/triptico.jpg 1600w\" sizes=\"(max-width: 300px) 100vw, 300px\" \/><\/a><\/td>\n<\/tr>\n<tr>\n<td style=\"width: 191px\"><img loading=\"lazy\" decoding=\"async\" class=\"size-medium wp-image-185 aligncenter\" src=\"https:\/\/blogsaverroes.juntadeandalucia.es\/orientacionpjm\/files\/2018\/03\/people-3203221_960_720-300x200.jpg\" alt=\"\" width=\"300\" height=\"200\" srcset=\"https:\/\/blogsaverroes.juntadeandalucia.es\/orientacionpjm\/files\/2018\/03\/people-3203221_960_720-300x200.jpg 300w, https:\/\/blogsaverroes.juntadeandalucia.es\/orientacionpjm\/files\/2018\/03\/people-3203221_960_720-768x512.jpg 768w, https:\/\/blogsaverroes.juntadeandalucia.es\/orientacionpjm\/files\/2018\/03\/people-3203221_960_720-24x16.jpg 24w, https:\/\/blogsaverroes.juntadeandalucia.es\/orientacionpjm\/files\/2018\/03\/people-3203221_960_720-36x24.jpg 36w, https:\/\/blogsaverroes.juntadeandalucia.es\/orientacionpjm\/files\/2018\/03\/people-3203221_960_720-48x32.jpg 48w, https:\/\/blogsaverroes.juntadeandalucia.es\/orientacionpjm\/files\/2018\/03\/people-3203221_960_720.jpg 960w\" sizes=\"(max-width: 300px) 100vw, 300px\" \/><\/p>\n<p style=\"text-align: center\">Sexualidad y relaciones igualitarias<\/p>\n<\/td>\n<td style=\"width: 185px\"><img loading=\"lazy\" decoding=\"async\" class=\"size-medium wp-image-184 aligncenter\" src=\"https:\/\/blogsaverroes.juntadeandalucia.es\/orientacionpjm\/files\/2018\/03\/idea-3085367_960_720-300x200.jpg\" alt=\"\" width=\"300\" height=\"200\" srcset=\"https:\/\/blogsaverroes.juntadeandalucia.es\/orientacionpjm\/files\/2018\/03\/idea-3085367_960_720-300x200.jpg 300w, https:\/\/blogsaverroes.juntadeandalucia.es\/orientacionpjm\/files\/2018\/03\/idea-3085367_960_720-768x512.jpg 768w, https:\/\/blogsaverroes.juntadeandalucia.es\/orientacionpjm\/files\/2018\/03\/idea-3085367_960_720-24x16.jpg 24w, https:\/\/blogsaverroes.juntadeandalucia.es\/orientacionpjm\/files\/2018\/03\/idea-3085367_960_720-36x24.jpg 36w, https:\/\/blogsaverroes.juntadeandalucia.es\/orientacionpjm\/files\/2018\/03\/idea-3085367_960_720-48x32.jpg 48w, https:\/\/blogsaverroes.juntadeandalucia.es\/orientacionpjm\/files\/2018\/03\/idea-3085367_960_720.jpg 960w\" sizes=\"(max-width: 300px) 100vw, 300px\" \/><\/p>\n<p style=\"text-align: center\">Uso positivo de las TIC<\/p>\n<\/td>\n<td style=\"width: 173px\"><img loading=\"lazy\" decoding=\"async\" class=\"size-medium wp-image-183 aligncenter\" src=\"https:\/\/blogsaverroes.juntadeandalucia.es\/orientacionpjm\/files\/2018\/03\/depression-1241819_960_720-300x200.jpg\" alt=\"\" width=\"300\" height=\"200\" srcset=\"https:\/\/blogsaverroes.juntadeandalucia.es\/orientacionpjm\/files\/2018\/03\/depression-1241819_960_720-300x200.jpg 300w, https:\/\/blogsaverroes.juntadeandalucia.es\/orientacionpjm\/files\/2018\/03\/depression-1241819_960_720-768x511.jpg 768w, https:\/\/blogsaverroes.juntadeandalucia.es\/orientacionpjm\/files\/2018\/03\/depression-1241819_960_720-24x16.jpg 24w, https:\/\/blogsaverroes.juntadeandalucia.es\/orientacionpjm\/files\/2018\/03\/depression-1241819_960_720-36x24.jpg 36w, https:\/\/blogsaverroes.juntadeandalucia.es\/orientacionpjm\/files\/2018\/03\/depression-1241819_960_720-48x32.jpg 48w, https:\/\/blogsaverroes.juntadeandalucia.es\/orientacionpjm\/files\/2018\/03\/depression-1241819_960_720.jpg 960w\" sizes=\"(max-width: 300px) 100vw, 300px\" \/><\/p>\n<p style=\"text-align: center\">Prevenci\u00f3n de consumos<\/p>\n<\/td>\n<\/tr>\n<tr>\n<td style=\"width: 549px\" colspan=\"3\"><img loading=\"lazy\" decoding=\"async\" class=\"size-medium wp-image-187 aligncenter\" src=\"https:\/\/blogsaverroes.juntadeandalucia.es\/orientacionpjm\/files\/2018\/03\/smilies-2912634_960_720-300x133.jpg\" alt=\"\" width=\"300\" height=\"133\" srcset=\"https:\/\/blogsaverroes.juntadeandalucia.es\/orientacionpjm\/files\/2018\/03\/smilies-2912634_960_720-300x133.jpg 300w, https:\/\/blogsaverroes.juntadeandalucia.es\/orientacionpjm\/files\/2018\/03\/smilies-2912634_960_720-768x340.jpg 768w, https:\/\/blogsaverroes.juntadeandalucia.es\/orientacionpjm\/files\/2018\/03\/smilies-2912634_960_720-24x11.jpg 24w, https:\/\/blogsaverroes.juntadeandalucia.es\/orientacionpjm\/files\/2018\/03\/smilies-2912634_960_720-36x16.jpg 36w, https:\/\/blogsaverroes.juntadeandalucia.es\/orientacionpjm\/files\/2018\/03\/smilies-2912634_960_720-48x21.jpg 48w, https:\/\/blogsaverroes.juntadeandalucia.es\/orientacionpjm\/files\/2018\/03\/smilies-2912634_960_720.jpg 960w\" sizes=\"(max-width: 300px) 100vw, 300px\" \/><\/p>\n<p style=\"text-align: center\">Educaci\u00f3n socio-emocional<\/p>\n<\/td>\n<\/tr>\n<\/tbody>\n<\/table>\n<div class=\"detalle_html\">&nbsp;<\/div>\n<\/div>\n","protected":false},"excerpt":{"rendered":"<p>En IES Pedro Jim\u00e9nez Montoya, desarrollamos el&nbsp; Programa de Promoci\u00f3n de H\u00e1bitos de Vida Saludable FORMA JOVEN, destinado a&nbsp; centros docentes de Andaluc\u00eda sostenidos con&hellip;<\/p>\n","protected":false},"author":6069,"featured_media":0,"parent":0,"menu_order":0,"comment_status":"closed","ping_status":"closed","template":"","meta":{"ngg_post_thumbnail":0,"footnotes":""},"aioseo_notices":[],"_links":{"self":[{"href":"https:\/\/blogsaverroes.juntadeandalucia.es\/orientacionpjm\/wp-json\/wp\/v2\/pages\/100"}],"collection":[{"href":"https:\/\/blogsaverroes.juntadeandalucia.es\/orientacionpjm\/wp-json\/wp\/v2\/pages"}],"about":[{"href":"https:\/\/blogsaverroes.juntadeandalucia.es\/orientacionpjm\/wp-json\/wp\/v2\/types\/page"}],"author":[{"embeddable":true,"href":"https:\/\/blogsaverroes.juntadeandalucia.es\/orientacionpjm\/wp-json\/wp\/v2\/users\/6069"}],"replies":[{"embeddable":true,"href":"https:\/\/blogsaverroes.juntadeandalucia.es\/orientacionpjm\/wp-json\/wp\/v2\/comments?post=100"}],"version-history":[{"count":10,"href":"https:\/\/blogsaverroes.juntadeandalucia.es\/orientacionpjm\/wp-json\/wp\/v2\/pages\/100\/revisions"}],"predecessor-version":[{"id":210,"href":"https:\/\/blogsaverroes.juntadeandalucia.es\/orientacionpjm\/wp-json\/wp\/v2\/pages\/100\/revisions\/210"}],"wp:attachment":[{"href":"https:\/\/blogsaverroes.juntadeandalucia.es\/orientacionpjm\/wp-json\/wp\/v2\/media?parent=100"}],"curies":[{"name":"wp","href":"https:\/\/api.w.org\/{rel}","templated":true}]}}