{"id":119,"date":"2018-03-06T09:38:04","date_gmt":"2018-03-06T08:38:04","guid":{"rendered":"https:\/\/blogsaverroes.juntadeandalucia.es\/orientacionpjm\/?page_id=119"},"modified":"2018-05-24T10:06:57","modified_gmt":"2018-05-24T09:06:57","slug":"ponte-en-marcha","status":"publish","type":"page","link":"https:\/\/blogsaverroes.juntadeandalucia.es\/orientacionpjm\/ponte-en-marcha\/","title":{"rendered":"PONTE EN MARCHA"},"content":{"rendered":"<h1 style=\"text-align: center\"><strong>PONTE EN MARCHA<\/strong><\/h1>\n<p><img loading=\"lazy\" decoding=\"async\" class=\"alignnone size-medium wp-image-127 aligncenter\" src=\"https:\/\/blogsaverroes.juntadeandalucia.es\/orientacionpjm\/files\/2018\/03\/triptico-300x159.jpg\" alt=\"\" width=\"300\" height=\"159\" srcset=\"https:\/\/blogsaverroes.juntadeandalucia.es\/orientacionpjm\/files\/2018\/03\/triptico-300x159.jpg 300w, https:\/\/blogsaverroes.juntadeandalucia.es\/orientacionpjm\/files\/2018\/03\/triptico-768x406.jpg 768w, https:\/\/blogsaverroes.juntadeandalucia.es\/orientacionpjm\/files\/2018\/03\/triptico-1024x542.jpg 1024w, https:\/\/blogsaverroes.juntadeandalucia.es\/orientacionpjm\/files\/2018\/03\/triptico-24x13.jpg 24w, https:\/\/blogsaverroes.juntadeandalucia.es\/orientacionpjm\/files\/2018\/03\/triptico-36x19.jpg 36w, https:\/\/blogsaverroes.juntadeandalucia.es\/orientacionpjm\/files\/2018\/03\/triptico-48x25.jpg 48w, https:\/\/blogsaverroes.juntadeandalucia.es\/orientacionpjm\/files\/2018\/03\/triptico.jpg 1600w\" sizes=\"(max-width: 300px) 100vw, 300px\" \/><\/p>\n<p style=\"text-align: justify\">Nuestro centro ha apostado por la promoci\u00f3n de los h\u00e1bitos de vida saludable y la conservaci\u00f3n del medio ambiente. De hecho, en la actualidad estamos implementando los siguientes proyectos e iniciativas:<\/p>\n<ul style=\"text-align: justify\">\n<li>A nivel europeo, se est\u00e1n desarrollando dos Erasmus+, que llevan por t\u00edtulo \u00abMove your school\u00bb (centrado en&nbsp; la promoci\u00f3n del deporte entre toda la comunidad educativa, incluidas las familias) e IMPRINT+ (enfocado a la reducci\u00f3n de nuestra&nbsp; huella medioambiental).<\/li>\n<li>A nivel auton\u00f3mico el centro participa en los programas Forma Joven, Aldea, educaci\u00f3n ambiental para la comunidad educativa y escuelas deportivas.<\/li>\n<li>A nivel local,&nbsp; el centro lleva 7 cursos organizando&nbsp; la Semana del deporte.<\/li>\n<\/ul>\n<p style=\"text-align: justify\">Durante este curso escolar 2017 \/2018, se ha puesto en marcha una campa\u00f1a de sensibilizaci\u00f3n sobre la movilidad sostenible, dirigido al alumnado de todas las etapas educativas (ESO, Bachillerato, Ciclos formativos de grado medio y superior, as\u00ed como la Formaci\u00f3n profesional b\u00e1sica) y al profesorado.&nbsp; Esta campa\u00f1a apuesta especialmente por alcanzar a las familias y de esa manera, contribuir positivamente a&nbsp; lo que se conoce como ecomovilidad, en Baza.<\/p>\n<p style=\"text-align: center\"><strong>ACTIVIDADES REALIZADAS, EN PROCESO O PROGRAMADAS<\/strong><\/p>\n<table style=\"width: 579px\">\n<tbody>\n<tr style=\"height: 25px\">\n<td style=\"width: 179px;height: 25px\">&nbsp;<\/td>\n<td style=\"width: 178px;height: 25px\">&nbsp;<\/td>\n<td style=\"width: 179px;height: 25px\">&nbsp;<\/td>\n<\/tr>\n<tr style=\"height: 137px\">\n<td style=\"width: 179px;height: 137px\"><a href=\"https:\/\/blogsaverroes.juntadeandalucia.es\/orientacionpjm\/activate-2\/\" target=\"_blank\" rel=\"noopener\"><img loading=\"lazy\" decoding=\"async\" class=\"alignnone size-medium wp-image-246\" src=\"https:\/\/blogsaverroes.juntadeandalucia.es\/orientacionpjm\/files\/2018\/03\/campa\u00f1a-activate-1-300x212.jpg\" alt=\"\" width=\"300\" height=\"212\" srcset=\"https:\/\/blogsaverroes.juntadeandalucia.es\/orientacionpjm\/files\/2018\/03\/campa\u00f1a-activate-1-300x212.jpg 300w, https:\/\/blogsaverroes.juntadeandalucia.es\/orientacionpjm\/files\/2018\/03\/campa\u00f1a-activate-1-24x17.jpg 24w, https:\/\/blogsaverroes.juntadeandalucia.es\/orientacionpjm\/files\/2018\/03\/campa\u00f1a-activate-1-36x25.jpg 36w, https:\/\/blogsaverroes.juntadeandalucia.es\/orientacionpjm\/files\/2018\/03\/campa\u00f1a-activate-1-48x34.jpg 48w, https:\/\/blogsaverroes.juntadeandalucia.es\/orientacionpjm\/files\/2018\/03\/campa\u00f1a-activate-1.jpg 595w\" sizes=\"(max-width: 300px) 100vw, 300px\" \/><\/a><\/td>\n<td style=\"width: 178px;height: 137px\"><a href=\"https:\/\/blogsaverroes.juntadeandalucia.es\/orientacionpjm\/healthyline\/\" target=\"_blank\" rel=\"noopener\"><img loading=\"lazy\" decoding=\"async\" class=\"alignnone size-medium wp-image-242\" src=\"https:\/\/blogsaverroes.juntadeandalucia.es\/orientacionpjm\/files\/2018\/03\/a-healthy-line-300x212.jpg\" alt=\"\" width=\"300\" height=\"212\" srcset=\"https:\/\/blogsaverroes.juntadeandalucia.es\/orientacionpjm\/files\/2018\/03\/a-healthy-line-300x212.jpg 300w, https:\/\/blogsaverroes.juntadeandalucia.es\/orientacionpjm\/files\/2018\/03\/a-healthy-line-24x17.jpg 24w, https:\/\/blogsaverroes.juntadeandalucia.es\/orientacionpjm\/files\/2018\/03\/a-healthy-line-36x25.jpg 36w, https:\/\/blogsaverroes.juntadeandalucia.es\/orientacionpjm\/files\/2018\/03\/a-healthy-line-48x34.jpg 48w, https:\/\/blogsaverroes.juntadeandalucia.es\/orientacionpjm\/files\/2018\/03\/a-healthy-line.jpg 595w\" sizes=\"(max-width: 300px) 100vw, 300px\" \/><\/a><\/td>\n<td style=\"width: 179px;height: 137px\"><a href=\"https:\/\/blogsaverroes.juntadeandalucia.es\/orientacionpjm\/pasaporte\/\" target=\"_blank\" rel=\"noopener\"><img loading=\"lazy\" decoding=\"async\" class=\"alignnone size-medium wp-image-244\" src=\"https:\/\/blogsaverroes.juntadeandalucia.es\/orientacionpjm\/files\/2018\/03\/pasaporte-300x212.jpg\" alt=\"\" width=\"300\" height=\"212\" srcset=\"https:\/\/blogsaverroes.juntadeandalucia.es\/orientacionpjm\/files\/2018\/03\/pasaporte-300x212.jpg 300w, https:\/\/blogsaverroes.juntadeandalucia.es\/orientacionpjm\/files\/2018\/03\/pasaporte-24x17.jpg 24w, https:\/\/blogsaverroes.juntadeandalucia.es\/orientacionpjm\/files\/2018\/03\/pasaporte-36x25.jpg 36w, https:\/\/blogsaverroes.juntadeandalucia.es\/orientacionpjm\/files\/2018\/03\/pasaporte-48x34.jpg 48w, https:\/\/blogsaverroes.juntadeandalucia.es\/orientacionpjm\/files\/2018\/03\/pasaporte.jpg 595w\" sizes=\"(max-width: 300px) 100vw, 300px\" \/><\/a><\/td>\n<\/tr>\n<tr style=\"height: 151px\">\n<td style=\"width: 179px;height: 151px\"><a href=\"https:\/\/blogsaverroes.juntadeandalucia.es\/orientacionpjm\/app\/\" target=\"_blank\" rel=\"noopener\"><img loading=\"lazy\" decoding=\"async\" class=\"alignnone size-full wp-image-245\" src=\"https:\/\/blogsaverroes.juntadeandalucia.es\/orientacionpjm\/files\/2018\/03\/app-1.jpg\" alt=\"\" width=\"297\" height=\"216\" srcset=\"https:\/\/blogsaverroes.juntadeandalucia.es\/orientacionpjm\/files\/2018\/03\/app-1.jpg 297w, https:\/\/blogsaverroes.juntadeandalucia.es\/orientacionpjm\/files\/2018\/03\/app-1-24x17.jpg 24w, https:\/\/blogsaverroes.juntadeandalucia.es\/orientacionpjm\/files\/2018\/03\/app-1-36x26.jpg 36w, https:\/\/blogsaverroes.juntadeandalucia.es\/orientacionpjm\/files\/2018\/03\/app-1-48x35.jpg 48w\" sizes=\"(max-width: 297px) 100vw, 297px\" \/><\/a><\/td>\n<td style=\"width: 178px;height: 151px\"><a href=\"https:\/\/blogsaverroes.juntadeandalucia.es\/orientacionpjm\/conversor\/\" target=\"_blank\" rel=\"noopener\"><img loading=\"lazy\" decoding=\"async\" class=\"alignnone size-full wp-image-253\" src=\"https:\/\/blogsaverroes.juntadeandalucia.es\/orientacionpjm\/files\/2018\/03\/concetate-1.jpg\" alt=\"\" width=\"252\" height=\"200\" srcset=\"https:\/\/blogsaverroes.juntadeandalucia.es\/orientacionpjm\/files\/2018\/03\/concetate-1.jpg 252w, https:\/\/blogsaverroes.juntadeandalucia.es\/orientacionpjm\/files\/2018\/03\/concetate-1-24x19.jpg 24w, https:\/\/blogsaverroes.juntadeandalucia.es\/orientacionpjm\/files\/2018\/03\/concetate-1-36x29.jpg 36w, https:\/\/blogsaverroes.juntadeandalucia.es\/orientacionpjm\/files\/2018\/03\/concetate-1-48x38.jpg 48w\" sizes=\"(max-width: 252px) 100vw, 252px\" \/><\/a><\/td>\n<td style=\"width: 179px;height: 151px\"><a href=\"https:\/\/blogsaverroes.juntadeandalucia.es\/orientacionpjm\/bancoderecursos\/\" target=\"_blank\" rel=\"noopener\"><img loading=\"lazy\" decoding=\"async\" class=\"alignnone size-medium wp-image-243\" src=\"https:\/\/blogsaverroes.juntadeandalucia.es\/orientacionpjm\/files\/2018\/03\/banco-1-300x212.jpg\" alt=\"\" width=\"300\" height=\"212\" srcset=\"https:\/\/blogsaverroes.juntadeandalucia.es\/orientacionpjm\/files\/2018\/03\/banco-1-300x212.jpg 300w, https:\/\/blogsaverroes.juntadeandalucia.es\/orientacionpjm\/files\/2018\/03\/banco-1-24x17.jpg 24w, https:\/\/blogsaverroes.juntadeandalucia.es\/orientacionpjm\/files\/2018\/03\/banco-1-36x25.jpg 36w, https:\/\/blogsaverroes.juntadeandalucia.es\/orientacionpjm\/files\/2018\/03\/banco-1-48x34.jpg 48w, https:\/\/blogsaverroes.juntadeandalucia.es\/orientacionpjm\/files\/2018\/03\/banco-1.jpg 595w\" sizes=\"(max-width: 300px) 100vw, 300px\" \/><\/a><\/td>\n<\/tr>\n<tr style=\"height: 135px\">\n<td style=\"width: 179px;height: 135px\"><a href=\"https:\/\/blogsaverroes.juntadeandalucia.es\/orientacionpjm\/309-2\/\" target=\"_blank\" rel=\"noopener\"><img loading=\"lazy\" decoding=\"async\" class=\"alignnone size-medium wp-image-298\" src=\"https:\/\/blogsaverroes.juntadeandalucia.es\/orientacionpjm\/files\/2018\/03\/ruta-300x187.jpg\" alt=\"\" width=\"300\" height=\"187\" srcset=\"https:\/\/blogsaverroes.juntadeandalucia.es\/orientacionpjm\/files\/2018\/03\/ruta-300x187.jpg 300w, https:\/\/blogsaverroes.juntadeandalucia.es\/orientacionpjm\/files\/2018\/03\/ruta-24x15.jpg 24w, https:\/\/blogsaverroes.juntadeandalucia.es\/orientacionpjm\/files\/2018\/03\/ruta-36x22.jpg 36w, https:\/\/blogsaverroes.juntadeandalucia.es\/orientacionpjm\/files\/2018\/03\/ruta-48x30.jpg 48w, https:\/\/blogsaverroes.juntadeandalucia.es\/orientacionpjm\/files\/2018\/03\/ruta.jpg 511w\" sizes=\"(max-width: 300px) 100vw, 300px\" \/><\/a><\/td>\n<td style=\"width: 178px;height: 135px\"><a href=\"https:\/\/blogsaverroes.juntadeandalucia.es\/orientacionpjm\/profundiza\/\" target=\"_blank\" rel=\"noopener\"><img loading=\"lazy\" decoding=\"async\" class=\"alignnone size-medium wp-image-299\" src=\"https:\/\/blogsaverroes.juntadeandalucia.es\/orientacionpjm\/files\/2018\/03\/profundiza1-300x216.jpg\" alt=\"\" width=\"300\" height=\"216\" srcset=\"https:\/\/blogsaverroes.juntadeandalucia.es\/orientacionpjm\/files\/2018\/03\/profundiza1-300x216.jpg 300w, https:\/\/blogsaverroes.juntadeandalucia.es\/orientacionpjm\/files\/2018\/03\/profundiza1-24x17.jpg 24w, https:\/\/blogsaverroes.juntadeandalucia.es\/orientacionpjm\/files\/2018\/03\/profundiza1-36x26.jpg 36w, https:\/\/blogsaverroes.juntadeandalucia.es\/orientacionpjm\/files\/2018\/03\/profundiza1-48x35.jpg 48w, https:\/\/blogsaverroes.juntadeandalucia.es\/orientacionpjm\/files\/2018\/03\/profundiza1.jpg 751w\" sizes=\"(max-width: 300px) 100vw, 300px\" \/><\/a><\/td>\n<td style=\"width: 179px;height: 135px\"><a href=\"https:\/\/blogsaverroes.juntadeandalucia.es\/orientacionpjm\/305-2\/\" target=\"_blank\" rel=\"noopener\"><img loading=\"lazy\" decoding=\"async\" class=\"alignnone size-medium wp-image-300\" src=\"https:\/\/blogsaverroes.juntadeandalucia.es\/orientacionpjm\/files\/2018\/03\/encuesta1-300x188.jpg\" alt=\"\" width=\"300\" height=\"188\" srcset=\"https:\/\/blogsaverroes.juntadeandalucia.es\/orientacionpjm\/files\/2018\/03\/encuesta1-300x188.jpg 300w, https:\/\/blogsaverroes.juntadeandalucia.es\/orientacionpjm\/files\/2018\/03\/encuesta1-768x482.jpg 768w, https:\/\/blogsaverroes.juntadeandalucia.es\/orientacionpjm\/files\/2018\/03\/encuesta1-24x15.jpg 24w, https:\/\/blogsaverroes.juntadeandalucia.es\/orientacionpjm\/files\/2018\/03\/encuesta1-36x23.jpg 36w, https:\/\/blogsaverroes.juntadeandalucia.es\/orientacionpjm\/files\/2018\/03\/encuesta1-48x30.jpg 48w, https:\/\/blogsaverroes.juntadeandalucia.es\/orientacionpjm\/files\/2018\/03\/encuesta1.jpg 770w\" sizes=\"(max-width: 300px) 100vw, 300px\" \/><\/a><\/td>\n<\/tr>\n<tr style=\"height: 30px\">\n<td style=\"width: 179px;height: 30px;text-align: center\" colspan=\"3\"><a href=\"https:\/\/blogsaverroes.juntadeandalucia.es\/orientacionpjm\/culturacientifica\/\" target=\"_blank\" rel=\"attachment wp-att-357 noopener\"><img loading=\"lazy\" decoding=\"async\" class=\"alignnone wp-image-357 size-large\" src=\"https:\/\/blogsaverroes.juntadeandalucia.es\/orientacionpjm\/files\/2018\/03\/cultura-1024x270.jpg\" alt=\"\" width=\"525\" height=\"138\" srcset=\"https:\/\/blogsaverroes.juntadeandalucia.es\/orientacionpjm\/files\/2018\/03\/cultura-1024x270.jpg 1024w, https:\/\/blogsaverroes.juntadeandalucia.es\/orientacionpjm\/files\/2018\/03\/cultura-300x79.jpg 300w, https:\/\/blogsaverroes.juntadeandalucia.es\/orientacionpjm\/files\/2018\/03\/cultura-768x202.jpg 768w, https:\/\/blogsaverroes.juntadeandalucia.es\/orientacionpjm\/files\/2018\/03\/cultura-24x6.jpg 24w, https:\/\/blogsaverroes.juntadeandalucia.es\/orientacionpjm\/files\/2018\/03\/cultura-36x9.jpg 36w, https:\/\/blogsaverroes.juntadeandalucia.es\/orientacionpjm\/files\/2018\/03\/cultura-48x13.jpg 48w, https:\/\/blogsaverroes.juntadeandalucia.es\/orientacionpjm\/files\/2018\/03\/cultura.jpg 1478w\" sizes=\"(max-width: 525px) 100vw, 525px\" \/><\/a><\/td>\n<\/tr>\n<\/tbody>\n<\/table>\n<p>&nbsp;<\/p>\n","protected":false},"excerpt":{"rendered":"<p>PONTE EN MARCHA Nuestro centro ha apostado por la promoci\u00f3n de los h\u00e1bitos de vida saludable y la conservaci\u00f3n del medio ambiente. De hecho, en&hellip;<\/p>\n","protected":false},"author":6069,"featured_media":0,"parent":0,"menu_order":1,"comment_status":"closed","ping_status":"closed","template":"","meta":{"ngg_post_thumbnail":0,"footnotes":""},"aioseo_notices":[],"_links":{"self":[{"href":"https:\/\/blogsaverroes.juntadeandalucia.es\/orientacionpjm\/wp-json\/wp\/v2\/pages\/119"}],"collection":[{"href":"https:\/\/blogsaverroes.juntadeandalucia.es\/orientacionpjm\/wp-json\/wp\/v2\/pages"}],"about":[{"href":"https:\/\/blogsaverroes.juntadeandalucia.es\/orientacionpjm\/wp-json\/wp\/v2\/types\/page"}],"author":[{"embeddable":true,"href":"https:\/\/blogsaverroes.juntadeandalucia.es\/orientacionpjm\/wp-json\/wp\/v2\/users\/6069"}],"replies":[{"embeddable":true,"href":"https:\/\/blogsaverroes.juntadeandalucia.es\/orientacionpjm\/wp-json\/wp\/v2\/comments?post=119"}],"version-history":[{"count":32,"href":"https:\/\/blogsaverroes.juntadeandalucia.es\/orientacionpjm\/wp-json\/wp\/v2\/pages\/119\/revisions"}],"predecessor-version":[{"id":380,"href":"https:\/\/blogsaverroes.juntadeandalucia.es\/orientacionpjm\/wp-json\/wp\/v2\/pages\/119\/revisions\/380"}],"wp:attachment":[{"href":"https:\/\/blogsaverroes.juntadeandalucia.es\/orientacionpjm\/wp-json\/wp\/v2\/media?parent=119"}],"curies":[{"name":"wp","href":"https:\/\/api.w.org\/{rel}","templated":true}]}}